{"id":16,"date":"2025-02-24T10:57:19","date_gmt":"2025-02-24T09:57:19","guid":{"rendered":"https:\/\/gaillardsant\u00e9naturelle.fr\/?page_id=16"},"modified":"2025-07-07T18:48:25","modified_gmt":"2025-07-07T16:48:25","slug":"qui-suis-je","status":"publish","type":"page","link":"https:\/\/xn--gaillardsantnaturelle-m5b.fr\/index.php\/qui-suis-je\/","title":{"rendered":"Qui suis-je ?"},"content":{"rendered":"\t\t<div data-elementor-type=\"wp-page\" data-elementor-id=\"16\" class=\"elementor elementor-16\">\n\t\t\t\t<div class=\"elementor-element elementor-element-20e4eb1 e-flex e-con-boxed e-con e-parent\" data-id=\"20e4eb1\" data-element_type=\"container\">\n\t\t\t\t\t<div class=\"e-con-inner\">\n\t\t\t\t<div class=\"elementor-element elementor-element-a08358e elementor-widget elementor-widget-spacer\" data-id=\"a08358e\" data-element_type=\"widget\" data-widget_type=\"spacer.default\">\n\t\t\t\t<div class=\"elementor-widget-container\">\n\t\t\t\t\t\t\t<div class=\"elementor-spacer\">\n\t\t\t<div class=\"elementor-spacer-inner\"><\/div>\n\t\t<\/div>\n\t\t\t\t\t\t<\/div>\n\t\t\t\t<\/div>\n\t\t\t\t<div class=\"elementor-element elementor-element-0c6927e elementor-widget elementor-widget-heading\" data-id=\"0c6927e\" data-element_type=\"widget\" data-widget_type=\"heading.default\">\n\t\t\t\t<div class=\"elementor-widget-container\">\n\t\t\t\t\t<h2 class=\"elementor-heading-title elementor-size-default\">Qui suis-je ?<\/h2>\t\t\t\t<\/div>\n\t\t\t\t<\/div>\n\t\t\t\t\t<\/div>\n\t\t\t\t<\/div>\n\t\t<div class=\"elementor-element elementor-element-0e205db e-flex e-con-boxed e-con e-parent\" data-id=\"0e205db\" data-element_type=\"container\">\n\t\t\t\t\t<div class=\"e-con-inner\">\n\t\t<div class=\"elementor-element elementor-element-f945d51 e-con-full e-flex e-con e-child\" data-id=\"f945d51\" data-element_type=\"container\">\n\t\t\t\t<div class=\"elementor-element elementor-element-0ec6470 elementor-widget elementor-widget-image\" data-id=\"0ec6470\" data-element_type=\"widget\" data-widget_type=\"image.default\">\n\t\t\t\t<div class=\"elementor-widget-container\">\n\t\t\t\t\t\t\t\t\t\t\t\t\t\t\t<img fetchpriority=\"high\" decoding=\"async\" width=\"400\" height=\"600\" src=\"https:\/\/xn--gaillardsantnaturelle-m5b.fr\/wp-content\/uploads\/2025\/04\/Photo-de-profil.jpg\" class=\"attachment-medium_large size-medium_large wp-image-310\" alt=\"\" srcset=\"https:\/\/xn--gaillardsantnaturelle-m5b.fr\/wp-content\/uploads\/2025\/04\/Photo-de-profil.jpg 400w, https:\/\/xn--gaillardsantnaturelle-m5b.fr\/wp-content\/uploads\/2025\/04\/Photo-de-profil-200x300.jpg 200w\" sizes=\"(max-width: 400px) 100vw, 400px\" \/>\t\t\t\t\t\t\t\t\t\t\t\t\t\t\t<\/div>\n\t\t\t\t<\/div>\n\t\t\t\t<\/div>\n\t\t<div class=\"elementor-element elementor-element-6db5c13 e-con-full e-flex e-con e-child\" data-id=\"6db5c13\" data-element_type=\"container\">\n\t\t\t\t<div class=\"elementor-element elementor-element-be136d6 elementor-widget elementor-widget-text-editor\" data-id=\"be136d6\" data-element_type=\"widget\" data-widget_type=\"text-editor.default\">\n\t\t\t\t<div class=\"elementor-widget-container\">\n\t\t\t\t\t\t\t\t\t<p>Bonjour, je m&rsquo;appelle Jo\u00eblle Gaillard. Apr\u00e8s 33 ans en tant que pr\u00e9paratrice en pharmacie, dont 3 ans en milieu hospitalier, j&rsquo;ai choisi de me consacrer \u00e0 ma passion pour la sant\u00e9 naturelle.<\/p><p>Mes exp\u00e9riences en officine et \u00e0 l\u2019h\u00f4pital m&rsquo;ont permis de d\u00e9velopper une \u00e9coute bienveillante et un r\u00e9el sens du service. Passionn\u00e9e, s\u00e9rieuse et comp\u00e9tente, je mets aujourd\u2019hui mon savoir au service de votre bien-\u00eatre en tant que praticienne en sant\u00e9 naturelle.<\/p><p>Depuis 2019, je vous accompagne avec des solutions naturelles en naturopathie, gemmoth\u00e9rapie, fleurs de Bach, et r\u00e9flexologie plantaire et auriculaire. Sp\u00e9cialis\u00e9e en phytoth\u00e9rapie et aromathologie, je vous guide sur le chemin du bien-\u00eatre avec des conseils personnalis\u00e9s.<\/p><p>Mon objectif est de vous accompagner pour pr\u00e9server votre sant\u00e9 de mani\u00e8re holistique.<\/p><p><strong>Ensemble, prenons soin de votre sant\u00e9 naturelle.<\/strong><\/p>\t\t\t\t\t\t\t\t<\/div>\n\t\t\t\t<\/div>\n\t\t\t\t<div class=\"elementor-element elementor-element-d07ecdc elementor-widget elementor-widget-image\" data-id=\"d07ecdc\" data-element_type=\"widget\" data-widget_type=\"image.default\">\n\t\t\t\t<div class=\"elementor-widget-container\">\n\t\t\t\t\t\t\t\t\t\t\t\t\t\t\t<img decoding=\"async\" src=\"https:\/\/xn--gaillardsantnaturelle-m5b.fr\/wp-content\/uploads\/elementor\/thumbs\/2021-04-06-r1zgwv8f1szqwg61bftixel2kx9eehnwwz9fy1l058.jpg\" title=\"2021-04-06\" alt=\"2021-04-06\" loading=\"lazy\" \/>\t\t\t\t\t\t\t\t\t\t\t\t\t\t\t<\/div>\n\t\t\t\t<\/div>\n\t\t\t\t<\/div>\n\t\t\t\t\t<\/div>\n\t\t\t\t<\/div>\n\t\t<div class=\"elementor-element elementor-element-4afc34f e-flex e-con-boxed e-con e-parent\" data-id=\"4afc34f\" data-element_type=\"container\">\n\t\t\t\t\t<div class=\"e-con-inner\">\n\t\t\t\t<div class=\"elementor-element elementor-element-b010081 elementor-widget elementor-widget-spacer\" data-id=\"b010081\" data-element_type=\"widget\" data-widget_type=\"spacer.default\">\n\t\t\t\t<div class=\"elementor-widget-container\">\n\t\t\t\t\t\t\t<div class=\"elementor-spacer\">\n\t\t\t<div class=\"elementor-spacer-inner\"><\/div>\n\t\t<\/div>\n\t\t\t\t\t\t<\/div>\n\t\t\t\t<\/div>\n\t\t\t\t<div class=\"elementor-element elementor-element-c7a8029 elementor-widget elementor-widget-image\" data-id=\"c7a8029\" data-element_type=\"widget\" data-widget_type=\"image.default\">\n\t\t\t\t<div class=\"elementor-widget-container\">\n\t\t\t\t\t\t\t\t\t\t\t\t\t\t\t<img decoding=\"async\" width=\"768\" height=\"613\" src=\"https:\/\/xn--gaillardsantnaturelle-m5b.fr\/wp-content\/uploads\/2025\/02\/Article-JSL-2022-768x613.png\" class=\"attachment-medium_large size-medium_large wp-image-157\" alt=\"\" srcset=\"https:\/\/xn--gaillardsantnaturelle-m5b.fr\/wp-content\/uploads\/2025\/02\/Article-JSL-2022-768x613.png 768w, https:\/\/xn--gaillardsantnaturelle-m5b.fr\/wp-content\/uploads\/2025\/02\/Article-JSL-2022-300x239.png 300w, https:\/\/xn--gaillardsantnaturelle-m5b.fr\/wp-content\/uploads\/2025\/02\/Article-JSL-2022.png 1000w\" sizes=\"(max-width: 768px) 100vw, 768px\" \/>\t\t\t\t\t\t\t\t\t\t\t\t\t\t\t<\/div>\n\t\t\t\t<\/div>\n\t\t\t\t\t<\/div>\n\t\t\t\t<\/div>\n\t\t<div class=\"elementor-element elementor-element-47926b5 e-flex e-con-boxed e-con e-parent\" data-id=\"47926b5\" data-element_type=\"container\">\n\t\t\t\t\t<div class=\"e-con-inner\">\n\t\t\t\t<div class=\"elementor-element elementor-element-42fce2d elementor-widget elementor-widget-spacer\" data-id=\"42fce2d\" data-element_type=\"widget\" data-widget_type=\"spacer.default\">\n\t\t\t\t<div class=\"elementor-widget-container\">\n\t\t\t\t\t\t\t<div class=\"elementor-spacer\">\n\t\t\t<div class=\"elementor-spacer-inner\"><\/div>\n\t\t<\/div>\n\t\t\t\t\t\t<\/div>\n\t\t\t\t<\/div>\n\t\t\t\t\t<\/div>\n\t\t\t\t<\/div>\n\t\t\t\t<\/div>\n\t\t","protected":false},"excerpt":{"rendered":"<p>Qui suis-je ? Bonjour, je m&rsquo;appelle Jo\u00eblle Gaillard. Apr\u00e8s 33 ans en tant que pr\u00e9paratrice en pharmacie, dont 3 ans en milieu hospitalier, j&rsquo;ai choisi de me consacrer \u00e0 ma passion pour la sant\u00e9 naturelle. Mes exp\u00e9riences en officine et \u00e0 l\u2019h\u00f4pital m&rsquo;ont permis de d\u00e9velopper une \u00e9coute bienveillante et un r\u00e9el sens du service&#8230;.<\/p>\n","protected":false},"author":1,"featured_media":0,"parent":0,"menu_order":0,"comment_status":"closed","ping_status":"closed","template":"","meta":{"_kad_post_transparent":"","_kad_post_title":"hide","_kad_post_layout":"fullwidth","_kad_post_sidebar_id":"","_kad_post_content_style":"unboxed","_kad_post_vertical_padding":"hide","_kad_post_feature":"hide","_kad_post_feature_position":"","_kad_post_header":false,"_kad_post_footer":false,"footnotes":""},"class_list":["post-16","page","type-page","status-publish","hentry"],"yoast_head":"<!-- This site is optimized with the Yoast SEO plugin v24.5 - https:\/\/yoast.com\/wordpress\/plugins\/seo\/ -->\n<title>Qui suis-je ? - Jo\u00eblle GAILLARD<\/title>\n<meta name=\"robots\" content=\"index, follow, max-snippet:-1, max-image-preview:large, max-video-preview:-1\" \/>\n<link rel=\"canonical\" href=\"https:\/\/xn--gaillardsantnaturelle-m5b.fr\/index.php\/qui-suis-je\/\" \/>\n<meta property=\"og:locale\" content=\"fr_FR\" \/>\n<meta property=\"og:type\" content=\"article\" \/>\n<meta property=\"og:title\" content=\"Qui suis-je ? - Jo\u00eblle GAILLARD\" \/>\n<meta property=\"og:description\" content=\"Qui suis-je ? Bonjour, je m&rsquo;appelle Jo\u00eblle Gaillard. Apr\u00e8s 33 ans en tant que pr\u00e9paratrice en pharmacie, dont 3 ans en milieu hospitalier, j&rsquo;ai choisi de me consacrer \u00e0 ma passion pour la sant\u00e9 naturelle. Mes exp\u00e9riences en officine et \u00e0 l\u2019h\u00f4pital m&rsquo;ont permis de d\u00e9velopper une \u00e9coute bienveillante et un r\u00e9el sens du service....\" \/>\n<meta property=\"og:url\" content=\"https:\/\/xn--gaillardsantnaturelle-m5b.fr\/index.php\/qui-suis-je\/\" \/>\n<meta property=\"og:site_name\" content=\"Jo\u00eblle GAILLARD\" \/>\n<meta property=\"article:modified_time\" content=\"2025-07-07T16:48:25+00:00\" \/>\n<meta property=\"og:image\" content=\"https:\/\/xn--gaillardsantnaturelle-m5b.fr\/wp-content\/uploads\/2025\/04\/Photo-de-profil.jpg\" \/>\n\t<meta property=\"og:image:width\" content=\"400\" \/>\n\t<meta property=\"og:image:height\" content=\"600\" \/>\n\t<meta property=\"og:image:type\" content=\"image\/jpeg\" \/>\n<meta name=\"twitter:card\" content=\"summary_large_image\" \/>\n<meta name=\"twitter:label1\" content=\"Dur\u00e9e de lecture estim\u00e9e\" \/>\n\t<meta name=\"twitter:data1\" content=\"2 minutes\" \/>\n<script type=\"application\/ld+json\" class=\"yoast-schema-graph\">{\"@context\":\"https:\/\/schema.org\",\"@graph\":[{\"@type\":\"WebPage\",\"@id\":\"https:\/\/xn--gaillardsantnaturelle-m5b.fr\/index.php\/qui-suis-je\/\",\"url\":\"https:\/\/xn--gaillardsantnaturelle-m5b.fr\/index.php\/qui-suis-je\/\",\"name\":\"Qui suis-je ? - Jo\u00eblle GAILLARD\",\"isPartOf\":{\"@id\":\"https:\/\/xn--gaillardsantnaturelle-m5b.fr\/#website\"},\"primaryImageOfPage\":{\"@id\":\"https:\/\/xn--gaillardsantnaturelle-m5b.fr\/index.php\/qui-suis-je\/#primaryimage\"},\"image\":{\"@id\":\"https:\/\/xn--gaillardsantnaturelle-m5b.fr\/index.php\/qui-suis-je\/#primaryimage\"},\"thumbnailUrl\":\"https:\/\/xn--gaillardsantnaturelle-m5b.fr\/wp-content\/uploads\/2025\/04\/Photo-de-profil.jpg\",\"datePublished\":\"2025-02-24T09:57:19+00:00\",\"dateModified\":\"2025-07-07T16:48:25+00:00\",\"breadcrumb\":{\"@id\":\"https:\/\/xn--gaillardsantnaturelle-m5b.fr\/index.php\/qui-suis-je\/#breadcrumb\"},\"inLanguage\":\"fr-FR\",\"potentialAction\":[{\"@type\":\"ReadAction\",\"target\":[\"https:\/\/xn--gaillardsantnaturelle-m5b.fr\/index.php\/qui-suis-je\/\"]}]},{\"@type\":\"ImageObject\",\"inLanguage\":\"fr-FR\",\"@id\":\"https:\/\/xn--gaillardsantnaturelle-m5b.fr\/index.php\/qui-suis-je\/#primaryimage\",\"url\":\"https:\/\/xn--gaillardsantnaturelle-m5b.fr\/wp-content\/uploads\/2025\/04\/Photo-de-profil.jpg\",\"contentUrl\":\"https:\/\/xn--gaillardsantnaturelle-m5b.fr\/wp-content\/uploads\/2025\/04\/Photo-de-profil.jpg\",\"width\":400,\"height\":600},{\"@type\":\"BreadcrumbList\",\"@id\":\"https:\/\/xn--gaillardsantnaturelle-m5b.fr\/index.php\/qui-suis-je\/#breadcrumb\",\"itemListElement\":[{\"@type\":\"ListItem\",\"position\":1,\"name\":\"Accueil\",\"item\":\"https:\/\/xn--gaillardsantnaturelle-m5b.fr\/\"},{\"@type\":\"ListItem\",\"position\":2,\"name\":\"Qui suis-je ?\"}]},{\"@type\":\"WebSite\",\"@id\":\"https:\/\/xn--gaillardsantnaturelle-m5b.fr\/#website\",\"url\":\"https:\/\/xn--gaillardsantnaturelle-m5b.fr\/\",\"name\":\"Jo\u00eblle GAILLARD\",\"description\":\"Praticienne en sant\u00e9 naturelle\",\"publisher\":{\"@id\":\"https:\/\/xn--gaillardsantnaturelle-m5b.fr\/#organization\"},\"potentialAction\":[{\"@type\":\"SearchAction\",\"target\":{\"@type\":\"EntryPoint\",\"urlTemplate\":\"https:\/\/xn--gaillardsantnaturelle-m5b.fr\/?s={search_term_string}\"},\"query-input\":{\"@type\":\"PropertyValueSpecification\",\"valueRequired\":true,\"valueName\":\"search_term_string\"}}],\"inLanguage\":\"fr-FR\"},{\"@type\":\"Organization\",\"@id\":\"https:\/\/xn--gaillardsantnaturelle-m5b.fr\/#organization\",\"name\":\"Jo\u00eblle GAILLARD\",\"url\":\"https:\/\/xn--gaillardsantnaturelle-m5b.fr\/\",\"logo\":{\"@type\":\"ImageObject\",\"inLanguage\":\"fr-FR\",\"@id\":\"https:\/\/xn--gaillardsantnaturelle-m5b.fr\/#\/schema\/logo\/image\/\",\"url\":\"https:\/\/xn--gaillardsantnaturelle-m5b.fr\/wp-content\/uploads\/2025\/07\/cropped-Logo-JG.png\",\"contentUrl\":\"https:\/\/xn--gaillardsantnaturelle-m5b.fr\/wp-content\/uploads\/2025\/07\/cropped-Logo-JG.png\",\"width\":1080,\"height\":953,\"caption\":\"Jo\u00eblle GAILLARD\"},\"image\":{\"@id\":\"https:\/\/xn--gaillardsantnaturelle-m5b.fr\/#\/schema\/logo\/image\/\"}}]}<\/script>\n<!-- \/ Yoast SEO plugin. -->","yoast_head_json":{"title":"Qui suis-je ? - Jo\u00eblle GAILLARD","robots":{"index":"index","follow":"follow","max-snippet":"max-snippet:-1","max-image-preview":"max-image-preview:large","max-video-preview":"max-video-preview:-1"},"canonical":"https:\/\/xn--gaillardsantnaturelle-m5b.fr\/index.php\/qui-suis-je\/","og_locale":"fr_FR","og_type":"article","og_title":"Qui suis-je ? - Jo\u00eblle GAILLARD","og_description":"Qui suis-je ? Bonjour, je m&rsquo;appelle Jo\u00eblle Gaillard. Apr\u00e8s 33 ans en tant que pr\u00e9paratrice en pharmacie, dont 3 ans en milieu hospitalier, j&rsquo;ai choisi de me consacrer \u00e0 ma passion pour la sant\u00e9 naturelle. Mes exp\u00e9riences en officine et \u00e0 l\u2019h\u00f4pital m&rsquo;ont permis de d\u00e9velopper une \u00e9coute bienveillante et un r\u00e9el sens du service....","og_url":"https:\/\/xn--gaillardsantnaturelle-m5b.fr\/index.php\/qui-suis-je\/","og_site_name":"Jo\u00eblle GAILLARD","article_modified_time":"2025-07-07T16:48:25+00:00","og_image":[{"width":400,"height":600,"url":"https:\/\/xn--gaillardsantnaturelle-m5b.fr\/wp-content\/uploads\/2025\/04\/Photo-de-profil.jpg","type":"image\/jpeg"}],"twitter_card":"summary_large_image","twitter_misc":{"Dur\u00e9e de lecture estim\u00e9e":"2 minutes"},"schema":{"@context":"https:\/\/schema.org","@graph":[{"@type":"WebPage","@id":"https:\/\/xn--gaillardsantnaturelle-m5b.fr\/index.php\/qui-suis-je\/","url":"https:\/\/xn--gaillardsantnaturelle-m5b.fr\/index.php\/qui-suis-je\/","name":"Qui suis-je ? - Jo\u00eblle GAILLARD","isPartOf":{"@id":"https:\/\/xn--gaillardsantnaturelle-m5b.fr\/#website"},"primaryImageOfPage":{"@id":"https:\/\/xn--gaillardsantnaturelle-m5b.fr\/index.php\/qui-suis-je\/#primaryimage"},"image":{"@id":"https:\/\/xn--gaillardsantnaturelle-m5b.fr\/index.php\/qui-suis-je\/#primaryimage"},"thumbnailUrl":"https:\/\/xn--gaillardsantnaturelle-m5b.fr\/wp-content\/uploads\/2025\/04\/Photo-de-profil.jpg","datePublished":"2025-02-24T09:57:19+00:00","dateModified":"2025-07-07T16:48:25+00:00","breadcrumb":{"@id":"https:\/\/xn--gaillardsantnaturelle-m5b.fr\/index.php\/qui-suis-je\/#breadcrumb"},"inLanguage":"fr-FR","potentialAction":[{"@type":"ReadAction","target":["https:\/\/xn--gaillardsantnaturelle-m5b.fr\/index.php\/qui-suis-je\/"]}]},{"@type":"ImageObject","inLanguage":"fr-FR","@id":"https:\/\/xn--gaillardsantnaturelle-m5b.fr\/index.php\/qui-suis-je\/#primaryimage","url":"https:\/\/xn--gaillardsantnaturelle-m5b.fr\/wp-content\/uploads\/2025\/04\/Photo-de-profil.jpg","contentUrl":"https:\/\/xn--gaillardsantnaturelle-m5b.fr\/wp-content\/uploads\/2025\/04\/Photo-de-profil.jpg","width":400,"height":600},{"@type":"BreadcrumbList","@id":"https:\/\/xn--gaillardsantnaturelle-m5b.fr\/index.php\/qui-suis-je\/#breadcrumb","itemListElement":[{"@type":"ListItem","position":1,"name":"Accueil","item":"https:\/\/xn--gaillardsantnaturelle-m5b.fr\/"},{"@type":"ListItem","position":2,"name":"Qui suis-je ?"}]},{"@type":"WebSite","@id":"https:\/\/xn--gaillardsantnaturelle-m5b.fr\/#website","url":"https:\/\/xn--gaillardsantnaturelle-m5b.fr\/","name":"Jo\u00eblle GAILLARD","description":"Praticienne en sant\u00e9 naturelle","publisher":{"@id":"https:\/\/xn--gaillardsantnaturelle-m5b.fr\/#organization"},"potentialAction":[{"@type":"SearchAction","target":{"@type":"EntryPoint","urlTemplate":"https:\/\/xn--gaillardsantnaturelle-m5b.fr\/?s={search_term_string}"},"query-input":{"@type":"PropertyValueSpecification","valueRequired":true,"valueName":"search_term_string"}}],"inLanguage":"fr-FR"},{"@type":"Organization","@id":"https:\/\/xn--gaillardsantnaturelle-m5b.fr\/#organization","name":"Jo\u00eblle GAILLARD","url":"https:\/\/xn--gaillardsantnaturelle-m5b.fr\/","logo":{"@type":"ImageObject","inLanguage":"fr-FR","@id":"https:\/\/xn--gaillardsantnaturelle-m5b.fr\/#\/schema\/logo\/image\/","url":"https:\/\/xn--gaillardsantnaturelle-m5b.fr\/wp-content\/uploads\/2025\/07\/cropped-Logo-JG.png","contentUrl":"https:\/\/xn--gaillardsantnaturelle-m5b.fr\/wp-content\/uploads\/2025\/07\/cropped-Logo-JG.png","width":1080,"height":953,"caption":"Jo\u00eblle GAILLARD"},"image":{"@id":"https:\/\/xn--gaillardsantnaturelle-m5b.fr\/#\/schema\/logo\/image\/"}}]}},"_links":{"self":[{"href":"https:\/\/xn--gaillardsantnaturelle-m5b.fr\/index.php\/wp-json\/wp\/v2\/pages\/16","targetHints":{"allow":["GET"]}}],"collection":[{"href":"https:\/\/xn--gaillardsantnaturelle-m5b.fr\/index.php\/wp-json\/wp\/v2\/pages"}],"about":[{"href":"https:\/\/xn--gaillardsantnaturelle-m5b.fr\/index.php\/wp-json\/wp\/v2\/types\/page"}],"author":[{"embeddable":true,"href":"https:\/\/xn--gaillardsantnaturelle-m5b.fr\/index.php\/wp-json\/wp\/v2\/users\/1"}],"replies":[{"embeddable":true,"href":"https:\/\/xn--gaillardsantnaturelle-m5b.fr\/index.php\/wp-json\/wp\/v2\/comments?post=16"}],"version-history":[{"count":43,"href":"https:\/\/xn--gaillardsantnaturelle-m5b.fr\/index.php\/wp-json\/wp\/v2\/pages\/16\/revisions"}],"predecessor-version":[{"id":539,"href":"https:\/\/xn--gaillardsantnaturelle-m5b.fr\/index.php\/wp-json\/wp\/v2\/pages\/16\/revisions\/539"}],"wp:attachment":[{"href":"https:\/\/xn--gaillardsantnaturelle-m5b.fr\/index.php\/wp-json\/wp\/v2\/media?parent=16"}],"curies":[{"name":"wp","href":"https:\/\/api.w.org\/{rel}","templated":true}]}}