{"id":163,"date":"2025-02-24T17:13:25","date_gmt":"2025-02-24T16:13:25","guid":{"rendered":"https:\/\/gaillardsant\u00e9naturelle.fr\/?page_id=163"},"modified":"2025-02-24T17:23:24","modified_gmt":"2025-02-24T16:23:24","slug":"mentions-legales","status":"publish","type":"page","link":"https:\/\/xn--gaillardsantnaturelle-m5b.fr\/index.php\/mentions-legales\/","title":{"rendered":"Mentions l\u00e9gales"},"content":{"rendered":"\t\t<div data-elementor-type=\"wp-page\" data-elementor-id=\"163\" class=\"elementor elementor-163\">\n\t\t\t\t<div class=\"elementor-element elementor-element-dffc661 e-flex e-con-boxed e-con e-parent\" data-id=\"dffc661\" data-element_type=\"container\">\n\t\t\t\t\t<div class=\"e-con-inner\">\n\t\t\t\t<div class=\"elementor-element elementor-element-7549cc7 elementor-widget elementor-widget-spacer\" data-id=\"7549cc7\" data-element_type=\"widget\" data-widget_type=\"spacer.default\">\n\t\t\t\t<div class=\"elementor-widget-container\">\n\t\t\t\t\t\t\t<div class=\"elementor-spacer\">\n\t\t\t<div class=\"elementor-spacer-inner\"><\/div>\n\t\t<\/div>\n\t\t\t\t\t\t<\/div>\n\t\t\t\t<\/div>\n\t\t\t\t<div class=\"elementor-element elementor-element-9ed90a0 elementor-widget elementor-widget-heading\" data-id=\"9ed90a0\" data-element_type=\"widget\" data-widget_type=\"heading.default\">\n\t\t\t\t<div class=\"elementor-widget-container\">\n\t\t\t\t\t<h2 class=\"elementor-heading-title elementor-size-default\">Mentions l\u00e9gales &amp; Politique de confidentialit\u00e9s<\/h2>\t\t\t\t<\/div>\n\t\t\t\t<\/div>\n\t\t\t\t\t<\/div>\n\t\t\t\t<\/div>\n\t\t<div class=\"elementor-element elementor-element-3e263b3 e-flex e-con-boxed e-con e-parent\" data-id=\"3e263b3\" data-element_type=\"container\">\n\t\t\t\t\t<div class=\"e-con-inner\">\n\t\t\t\t<div class=\"elementor-element elementor-element-008ac19 elementor-widget elementor-widget-heading\" data-id=\"008ac19\" data-element_type=\"widget\" data-widget_type=\"heading.default\">\n\t\t\t\t<div class=\"elementor-widget-container\">\n\t\t\t\t\t<h6 class=\"elementor-heading-title elementor-size-default\">Mentions L\u00e9gales<\/h6>\t\t\t\t<\/div>\n\t\t\t\t<\/div>\n\t\t\t\t\t<\/div>\n\t\t\t\t<\/div>\n\t\t<div class=\"elementor-element elementor-element-1794e3e e-flex e-con-boxed e-con e-parent\" data-id=\"1794e3e\" data-element_type=\"container\">\n\t\t\t\t\t<div class=\"e-con-inner\">\n\t\t\t\t<div class=\"elementor-element elementor-element-5b94585 elementor-widget elementor-widget-text-editor\" data-id=\"5b94585\" data-element_type=\"widget\" data-widget_type=\"text-editor.default\">\n\t\t\t\t<div class=\"elementor-widget-container\">\n\t\t\t\t\t\t\t\t\t<p data-start=\"214\" data-end=\"522\"><strong data-start=\"214\" data-end=\"233\">\u00c9diteur du site<\/strong><br data-start=\"233\" data-end=\"236\" \/>Nom de l\u2019entreprise \/ Praticien : Jo\u00eblle GAILLARD<br data-start=\"299\" data-end=\"302\" \/>Statut juridique : Entrepreneur Individuel<br data-start=\"352\" data-end=\"355\" \/>Si\u00e8ge social : 101 bis Av. de la R\u00e9publique 71210 Montchanin<br data-start=\"388\" data-end=\"391\" \/>Num\u00e9ro SIRET :\u00a0<span style=\"font-size: 12.0pt; line-height: 115%; font-family: 'Aptos',sans-serif; mso-ascii-theme-font: minor-latin; mso-fareast-font-family: 'Times New Roman'; mso-hansi-theme-font: minor-latin; mso-bidi-font-family: 'Times New Roman'; mso-ansi-language: FR; mso-fareast-language: FR; mso-bidi-language: AR-SA;\">85290102400020<\/span><br data-start=\"447\" data-end=\"450\" \/>Directeur de publication : Jo\u00eblle GAILLARD<br data-start=\"488\" data-end=\"491\" \/>Contact : gaillard.jo71@gmail.com \/ 06 20 90 96 21<\/p><p data-start=\"524\" data-end=\"645\"><strong data-start=\"524\" data-end=\"539\">H\u00e9bergement<\/strong><br data-start=\"539\" data-end=\"542\" \/>H\u00e9bergeur : OVH<br data-start=\"574\" data-end=\"577\" \/>Adresse : 2 rue Kellermann 59100 Roubaix<\/p><p data-start=\"647\" data-end=\"791\"><strong data-start=\"647\" data-end=\"659\">Activit\u00e9<\/strong><br data-start=\"659\" data-end=\"662\" \/>L\u2019activit\u00e9 de naturopathe exerc\u00e9e sur ce site est une pratique de bien-\u00eatre, ne se substituant en aucun cas \u00e0 un suivi m\u00e9dical.<\/p><p data-start=\"793\" data-end=\"985\"><strong data-start=\"793\" data-end=\"821\">Propri\u00e9t\u00e9 intellectuelle<\/strong><br data-start=\"821\" data-end=\"824\" \/>Tous les contenus pr\u00e9sents sur ce site (textes, images, logos) sont prot\u00e9g\u00e9s par les droits d\u2019auteur et ne peuvent \u00eatre r\u00e9utilis\u00e9s sans autorisation pr\u00e9alable.<\/p><p data-start=\"987\" data-end=\"1246\"><strong data-start=\"987\" data-end=\"1005\">Responsabilit\u00e9<\/strong><br data-start=\"1005\" data-end=\"1008\" \/>Les informations fournies sur ce site sont \u00e0 titre informatif et ne remplacent en aucun cas une consultation m\u00e9dicale. L\u2019\u00e9diteur du site ne saurait \u00eatre tenu responsable des dommages r\u00e9sultant de l\u2019utilisation des informations fournies.<\/p><p data-start=\"1248\" data-end=\"1443\"><strong data-start=\"1248\" data-end=\"1272\">Donn\u00e9es personnelles<\/strong><br data-start=\"1272\" data-end=\"1275\" \/>Les informations collect\u00e9es via les formulaires sont utilis\u00e9es uniquement dans le cadre de la relation avec l\u2019utilisateur et ne sont en aucun cas vendues \u00e0 des tiers.<\/p>\t\t\t\t\t\t\t\t<\/div>\n\t\t\t\t<\/div>\n\t\t\t\t\t<\/div>\n\t\t\t\t<\/div>\n\t\t<div class=\"elementor-element elementor-element-a27fbd2 e-flex e-con-boxed e-con e-parent\" data-id=\"a27fbd2\" data-element_type=\"container\">\n\t\t\t\t\t<div class=\"e-con-inner\">\n\t\t\t\t<div class=\"elementor-element elementor-element-ac815cc elementor-widget elementor-widget-heading\" data-id=\"ac815cc\" data-element_type=\"widget\" data-widget_type=\"heading.default\">\n\t\t\t\t<div class=\"elementor-widget-container\">\n\t\t\t\t\t<h6 class=\"elementor-heading-title elementor-size-default\">Politique de Confidentialit\u00e9<\/h6>\t\t\t\t<\/div>\n\t\t\t\t<\/div>\n\t\t\t\t\t<\/div>\n\t\t\t\t<\/div>\n\t\t<div class=\"elementor-element elementor-element-f334a74 e-flex e-con-boxed e-con e-parent\" data-id=\"f334a74\" data-element_type=\"container\">\n\t\t\t\t\t<div class=\"e-con-inner\">\n\t\t\t\t<div class=\"elementor-element elementor-element-6e8b86c elementor-widget elementor-widget-text-editor\" data-id=\"6e8b86c\" data-element_type=\"widget\" data-widget_type=\"text-editor.default\">\n\t\t\t\t<div class=\"elementor-widget-container\">\n\t\t\t\t\t\t\t\t\t<h6 data-start=\"1490\" data-end=\"1537\"><strong data-start=\"1495\" data-end=\"1535\">1. Collecte des donn\u00e9es personnelles<\/strong><\/h6>\n<p data-start=\"1538\" data-end=\"1662\">Les donn\u00e9es collect\u00e9es via du formulaire de contact incluent :<\/p>\n<ul data-start=\"1663\" data-end=\"1754\">\n<li data-start=\"1663\" data-end=\"1680\">Nom et pr\u00e9nom<\/li>\n<li data-start=\"1681\" data-end=\"1699\">Adresse e-mail<\/li>\n<li data-start=\"1700\" data-end=\"1723\">Num\u00e9ro de t\u00e9l\u00e9phone<\/li>\n<li data-start=\"1724\" data-end=\"1754\">Message ou demande envoy\u00e9e<\/li>\n<\/ul>\n<p data-start=\"1756\" data-end=\"1874\">Ces informations sont recueillies afin de r\u00e9pondre aux demandes des utilisateurs et d\u2019assurer un suivi personnalis\u00e9.<\/p>\n<h6 data-start=\"1876\" data-end=\"1913\"><strong data-start=\"1881\" data-end=\"1911\">2. Utilisation des donn\u00e9es<\/strong><\/h6>\n<p data-start=\"1914\" data-end=\"1984\">Les donn\u00e9es personnelles collect\u00e9es sont utilis\u00e9es uniquement pour :<\/p>\n<ul data-start=\"1985\" data-end=\"2135\">\n<li data-start=\"1985\" data-end=\"2025\">R\u00e9pondre aux demandes d\u2019informations<\/li>\n<li data-start=\"2026\" data-end=\"2077\">Assurer le suivi des rendez-vous et prestations<\/li>\n<\/ul>\n<h6 data-start=\"2137\" data-end=\"2173\"><strong data-start=\"2142\" data-end=\"2171\">3. Protection des donn\u00e9es<\/strong><\/h6>\n<p data-start=\"2174\" data-end=\"2278\">Le site met en place des mesures de s\u00e9curit\u00e9 pour prot\u00e9ger les donn\u00e9es contre tout acc\u00e8s non autoris\u00e9.<\/p>\n<h6 data-start=\"2280\" data-end=\"2313\"><strong data-start=\"2285\" data-end=\"2311\">4. Partage des donn\u00e9es<\/strong><\/h6>\n<p data-start=\"2314\" data-end=\"2567\">Aucune donn\u00e9e personnelle n\u2019est vendue ou c\u00e9d\u00e9e \u00e0 des tiers.<\/p>\n<h6 data-start=\"2569\" data-end=\"2606\"><strong data-start=\"2574\" data-end=\"2604\">5. Droits des utilisateurs<\/strong><\/h6>\n<p data-start=\"2607\" data-end=\"2666\">Conform\u00e9ment au RGPD, vous disposez des droits suivants :<\/p>\n<ul data-start=\"2667\" data-end=\"2787\">\n<li data-start=\"2667\" data-end=\"2698\">Droit d\u2019acc\u00e8s \u00e0 vos donn\u00e9es<\/li>\n<li data-start=\"2699\" data-end=\"2725\">Droit de rectification<\/li>\n<li data-start=\"2726\" data-end=\"2750\">Droit \u00e0 l\u2019effacement<\/li>\n<li data-start=\"2751\" data-end=\"2787\">Droit d\u2019opposition au traitement<\/li>\n<\/ul>\n<p data-start=\"2789\" data-end=\"2853\">Pour exercer ces droits, contactez-nous \u00e0 : gaillard.jo71@gmail.com<\/p>\n<h6 data-start=\"2855\" data-end=\"2876\"><strong data-start=\"2860\" data-end=\"2874\">6. Cookies<\/strong><\/h6>\n<p data-start=\"2877\" data-end=\"3042\">Ce site utilise des cookies pour am\u00e9liorer l\u2019exp\u00e9rience utilisateur. Vous pouvez g\u00e9rer ou refuser l\u2019utilisation des cookies via les param\u00e8tres de votre navigateur.<\/p>\t\t\t\t\t\t\t\t<\/div>\n\t\t\t\t<\/div>\n\t\t\t\t\t<\/div>\n\t\t\t\t<\/div>\n\t\t\t\t<\/div>\n\t\t","protected":false},"excerpt":{"rendered":"<p>Mentions l\u00e9gales &amp; Politique de confidentialit\u00e9s Mentions L\u00e9gales \u00c9diteur du siteNom de l\u2019entreprise \/ Praticien : Jo\u00eblle GAILLARDStatut juridique : Entrepreneur IndividuelSi\u00e8ge social : 101 bis Av. de la R\u00e9publique 71210 MontchaninNum\u00e9ro SIRET :\u00a085290102400020Directeur de publication : Jo\u00eblle GAILLARDContact : gaillard.jo71@gmail.com \/ 06 20 90 96 21 H\u00e9bergementH\u00e9bergeur : OVHAdresse : 2 rue Kellermann 59100&#8230;<\/p>\n","protected":false},"author":1,"featured_media":0,"parent":0,"menu_order":0,"comment_status":"closed","ping_status":"closed","template":"","meta":{"_kad_post_transparent":"","_kad_post_title":"hide","_kad_post_layout":"fullwidth","_kad_post_sidebar_id":"","_kad_post_content_style":"unboxed","_kad_post_vertical_padding":"hide","_kad_post_feature":"hide","_kad_post_feature_position":"","_kad_post_header":false,"_kad_post_footer":false,"footnotes":""},"class_list":["post-163","page","type-page","status-publish","hentry"],"yoast_head":"<!-- This site is optimized with the Yoast SEO plugin v24.5 - https:\/\/yoast.com\/wordpress\/plugins\/seo\/ -->\n<title>Mentions l\u00e9gales - Jo\u00eblle GAILLARD<\/title>\n<meta name=\"robots\" content=\"index, follow, max-snippet:-1, max-image-preview:large, max-video-preview:-1\" \/>\n<link rel=\"canonical\" href=\"https:\/\/xn--gaillardsantnaturelle-m5b.fr\/index.php\/mentions-legales\/\" \/>\n<meta property=\"og:locale\" content=\"fr_FR\" \/>\n<meta property=\"og:type\" content=\"article\" \/>\n<meta property=\"og:title\" content=\"Mentions l\u00e9gales - Jo\u00eblle GAILLARD\" \/>\n<meta property=\"og:description\" content=\"Mentions l\u00e9gales &amp; Politique de confidentialit\u00e9s Mentions L\u00e9gales \u00c9diteur du siteNom de l\u2019entreprise \/ Praticien : Jo\u00eblle GAILLARDStatut juridique : Entrepreneur IndividuelSi\u00e8ge social : 101 bis Av. de la R\u00e9publique 71210 MontchaninNum\u00e9ro SIRET :\u00a085290102400020Directeur de publication : Jo\u00eblle GAILLARDContact : gaillard.jo71@gmail.com \/ 06 20 90 96 21 H\u00e9bergementH\u00e9bergeur : OVHAdresse : 2 rue Kellermann 59100...\" \/>\n<meta property=\"og:url\" content=\"https:\/\/xn--gaillardsantnaturelle-m5b.fr\/index.php\/mentions-legales\/\" \/>\n<meta property=\"og:site_name\" content=\"Jo\u00eblle GAILLARD\" \/>\n<meta property=\"article:modified_time\" content=\"2025-02-24T16:23:24+00:00\" \/>\n<meta name=\"twitter:card\" content=\"summary_large_image\" \/>\n<meta name=\"twitter:label1\" content=\"Dur\u00e9e de lecture estim\u00e9e\" \/>\n\t<meta name=\"twitter:data1\" content=\"2 minutes\" \/>\n<script type=\"application\/ld+json\" class=\"yoast-schema-graph\">{\"@context\":\"https:\/\/schema.org\",\"@graph\":[{\"@type\":\"WebPage\",\"@id\":\"https:\/\/xn--gaillardsantnaturelle-m5b.fr\/index.php\/mentions-legales\/\",\"url\":\"https:\/\/xn--gaillardsantnaturelle-m5b.fr\/index.php\/mentions-legales\/\",\"name\":\"Mentions l\u00e9gales - Jo\u00eblle GAILLARD\",\"isPartOf\":{\"@id\":\"https:\/\/xn--gaillardsantnaturelle-m5b.fr\/#website\"},\"datePublished\":\"2025-02-24T16:13:25+00:00\",\"dateModified\":\"2025-02-24T16:23:24+00:00\",\"breadcrumb\":{\"@id\":\"https:\/\/xn--gaillardsantnaturelle-m5b.fr\/index.php\/mentions-legales\/#breadcrumb\"},\"inLanguage\":\"fr-FR\",\"potentialAction\":[{\"@type\":\"ReadAction\",\"target\":[\"https:\/\/xn--gaillardsantnaturelle-m5b.fr\/index.php\/mentions-legales\/\"]}]},{\"@type\":\"BreadcrumbList\",\"@id\":\"https:\/\/xn--gaillardsantnaturelle-m5b.fr\/index.php\/mentions-legales\/#breadcrumb\",\"itemListElement\":[{\"@type\":\"ListItem\",\"position\":1,\"name\":\"Accueil\",\"item\":\"https:\/\/xn--gaillardsantnaturelle-m5b.fr\/\"},{\"@type\":\"ListItem\",\"position\":2,\"name\":\"Mentions l\u00e9gales\"}]},{\"@type\":\"WebSite\",\"@id\":\"https:\/\/xn--gaillardsantnaturelle-m5b.fr\/#website\",\"url\":\"https:\/\/xn--gaillardsantnaturelle-m5b.fr\/\",\"name\":\"Jo\u00eblle GAILLARD\",\"description\":\"Praticienne en sant\u00e9 naturelle\",\"publisher\":{\"@id\":\"https:\/\/xn--gaillardsantnaturelle-m5b.fr\/#organization\"},\"potentialAction\":[{\"@type\":\"SearchAction\",\"target\":{\"@type\":\"EntryPoint\",\"urlTemplate\":\"https:\/\/xn--gaillardsantnaturelle-m5b.fr\/?s={search_term_string}\"},\"query-input\":{\"@type\":\"PropertyValueSpecification\",\"valueRequired\":true,\"valueName\":\"search_term_string\"}}],\"inLanguage\":\"fr-FR\"},{\"@type\":\"Organization\",\"@id\":\"https:\/\/xn--gaillardsantnaturelle-m5b.fr\/#organization\",\"name\":\"Jo\u00eblle GAILLARD\",\"url\":\"https:\/\/xn--gaillardsantnaturelle-m5b.fr\/\",\"logo\":{\"@type\":\"ImageObject\",\"inLanguage\":\"fr-FR\",\"@id\":\"https:\/\/xn--gaillardsantnaturelle-m5b.fr\/#\/schema\/logo\/image\/\",\"url\":\"https:\/\/xn--gaillardsantnaturelle-m5b.fr\/wp-content\/uploads\/2025\/07\/cropped-Logo-JG.png\",\"contentUrl\":\"https:\/\/xn--gaillardsantnaturelle-m5b.fr\/wp-content\/uploads\/2025\/07\/cropped-Logo-JG.png\",\"width\":1080,\"height\":953,\"caption\":\"Jo\u00eblle GAILLARD\"},\"image\":{\"@id\":\"https:\/\/xn--gaillardsantnaturelle-m5b.fr\/#\/schema\/logo\/image\/\"}}]}<\/script>\n<!-- \/ Yoast SEO plugin. -->","yoast_head_json":{"title":"Mentions l\u00e9gales - Jo\u00eblle GAILLARD","robots":{"index":"index","follow":"follow","max-snippet":"max-snippet:-1","max-image-preview":"max-image-preview:large","max-video-preview":"max-video-preview:-1"},"canonical":"https:\/\/xn--gaillardsantnaturelle-m5b.fr\/index.php\/mentions-legales\/","og_locale":"fr_FR","og_type":"article","og_title":"Mentions l\u00e9gales - Jo\u00eblle GAILLARD","og_description":"Mentions l\u00e9gales &amp; Politique de confidentialit\u00e9s Mentions L\u00e9gales \u00c9diteur du siteNom de l\u2019entreprise \/ Praticien : Jo\u00eblle GAILLARDStatut juridique : Entrepreneur IndividuelSi\u00e8ge social : 101 bis Av. de la R\u00e9publique 71210 MontchaninNum\u00e9ro SIRET :\u00a085290102400020Directeur de publication : Jo\u00eblle GAILLARDContact : gaillard.jo71@gmail.com \/ 06 20 90 96 21 H\u00e9bergementH\u00e9bergeur : OVHAdresse : 2 rue Kellermann 59100...","og_url":"https:\/\/xn--gaillardsantnaturelle-m5b.fr\/index.php\/mentions-legales\/","og_site_name":"Jo\u00eblle GAILLARD","article_modified_time":"2025-02-24T16:23:24+00:00","twitter_card":"summary_large_image","twitter_misc":{"Dur\u00e9e de lecture estim\u00e9e":"2 minutes"},"schema":{"@context":"https:\/\/schema.org","@graph":[{"@type":"WebPage","@id":"https:\/\/xn--gaillardsantnaturelle-m5b.fr\/index.php\/mentions-legales\/","url":"https:\/\/xn--gaillardsantnaturelle-m5b.fr\/index.php\/mentions-legales\/","name":"Mentions l\u00e9gales - Jo\u00eblle GAILLARD","isPartOf":{"@id":"https:\/\/xn--gaillardsantnaturelle-m5b.fr\/#website"},"datePublished":"2025-02-24T16:13:25+00:00","dateModified":"2025-02-24T16:23:24+00:00","breadcrumb":{"@id":"https:\/\/xn--gaillardsantnaturelle-m5b.fr\/index.php\/mentions-legales\/#breadcrumb"},"inLanguage":"fr-FR","potentialAction":[{"@type":"ReadAction","target":["https:\/\/xn--gaillardsantnaturelle-m5b.fr\/index.php\/mentions-legales\/"]}]},{"@type":"BreadcrumbList","@id":"https:\/\/xn--gaillardsantnaturelle-m5b.fr\/index.php\/mentions-legales\/#breadcrumb","itemListElement":[{"@type":"ListItem","position":1,"name":"Accueil","item":"https:\/\/xn--gaillardsantnaturelle-m5b.fr\/"},{"@type":"ListItem","position":2,"name":"Mentions l\u00e9gales"}]},{"@type":"WebSite","@id":"https:\/\/xn--gaillardsantnaturelle-m5b.fr\/#website","url":"https:\/\/xn--gaillardsantnaturelle-m5b.fr\/","name":"Jo\u00eblle GAILLARD","description":"Praticienne en sant\u00e9 naturelle","publisher":{"@id":"https:\/\/xn--gaillardsantnaturelle-m5b.fr\/#organization"},"potentialAction":[{"@type":"SearchAction","target":{"@type":"EntryPoint","urlTemplate":"https:\/\/xn--gaillardsantnaturelle-m5b.fr\/?s={search_term_string}"},"query-input":{"@type":"PropertyValueSpecification","valueRequired":true,"valueName":"search_term_string"}}],"inLanguage":"fr-FR"},{"@type":"Organization","@id":"https:\/\/xn--gaillardsantnaturelle-m5b.fr\/#organization","name":"Jo\u00eblle GAILLARD","url":"https:\/\/xn--gaillardsantnaturelle-m5b.fr\/","logo":{"@type":"ImageObject","inLanguage":"fr-FR","@id":"https:\/\/xn--gaillardsantnaturelle-m5b.fr\/#\/schema\/logo\/image\/","url":"https:\/\/xn--gaillardsantnaturelle-m5b.fr\/wp-content\/uploads\/2025\/07\/cropped-Logo-JG.png","contentUrl":"https:\/\/xn--gaillardsantnaturelle-m5b.fr\/wp-content\/uploads\/2025\/07\/cropped-Logo-JG.png","width":1080,"height":953,"caption":"Jo\u00eblle GAILLARD"},"image":{"@id":"https:\/\/xn--gaillardsantnaturelle-m5b.fr\/#\/schema\/logo\/image\/"}}]}},"_links":{"self":[{"href":"https:\/\/xn--gaillardsantnaturelle-m5b.fr\/index.php\/wp-json\/wp\/v2\/pages\/163","targetHints":{"allow":["GET"]}}],"collection":[{"href":"https:\/\/xn--gaillardsantnaturelle-m5b.fr\/index.php\/wp-json\/wp\/v2\/pages"}],"about":[{"href":"https:\/\/xn--gaillardsantnaturelle-m5b.fr\/index.php\/wp-json\/wp\/v2\/types\/page"}],"author":[{"embeddable":true,"href":"https:\/\/xn--gaillardsantnaturelle-m5b.fr\/index.php\/wp-json\/wp\/v2\/users\/1"}],"replies":[{"embeddable":true,"href":"https:\/\/xn--gaillardsantnaturelle-m5b.fr\/index.php\/wp-json\/wp\/v2\/comments?post=163"}],"version-history":[{"count":4,"href":"https:\/\/xn--gaillardsantnaturelle-m5b.fr\/index.php\/wp-json\/wp\/v2\/pages\/163\/revisions"}],"predecessor-version":[{"id":168,"href":"https:\/\/xn--gaillardsantnaturelle-m5b.fr\/index.php\/wp-json\/wp\/v2\/pages\/163\/revisions\/168"}],"wp:attachment":[{"href":"https:\/\/xn--gaillardsantnaturelle-m5b.fr\/index.php\/wp-json\/wp\/v2\/media?parent=163"}],"curies":[{"name":"wp","href":"https:\/\/api.w.org\/{rel}","templated":true}]}}