{"id":20,"date":"2025-02-24T11:00:01","date_gmt":"2025-02-24T10:00:01","guid":{"rendered":"https:\/\/gaillardsant\u00e9naturelle.fr\/?page_id=20"},"modified":"2025-07-07T18:56:09","modified_gmt":"2025-07-07T16:56:09","slug":"fleurs-de-bach","status":"publish","type":"page","link":"https:\/\/xn--gaillardsantnaturelle-m5b.fr\/index.php\/fleurs-de-bach\/","title":{"rendered":"Fleurs de Bach"},"content":{"rendered":"\t\t<div data-elementor-type=\"wp-page\" data-elementor-id=\"20\" class=\"elementor elementor-20\">\n\t\t\t\t<div class=\"elementor-element elementor-element-5dba7b5 e-flex e-con-boxed e-con e-parent\" data-id=\"5dba7b5\" data-element_type=\"container\">\n\t\t\t\t\t<div class=\"e-con-inner\">\n\t\t\t\t<div class=\"elementor-element elementor-element-2d595dd elementor-widget elementor-widget-spacer\" data-id=\"2d595dd\" data-element_type=\"widget\" data-widget_type=\"spacer.default\">\n\t\t\t\t<div class=\"elementor-widget-container\">\n\t\t\t\t\t\t\t<div class=\"elementor-spacer\">\n\t\t\t<div class=\"elementor-spacer-inner\"><\/div>\n\t\t<\/div>\n\t\t\t\t\t\t<\/div>\n\t\t\t\t<\/div>\n\t\t\t\t\t<\/div>\n\t\t\t\t<\/div>\n\t\t<div class=\"elementor-element elementor-element-6f734cc e-flex e-con-boxed e-con e-parent\" data-id=\"6f734cc\" data-element_type=\"container\">\n\t\t\t\t\t<div class=\"e-con-inner\">\n\t\t\t\t<div class=\"elementor-element elementor-element-66ef9d6 elementor-widget elementor-widget-heading\" data-id=\"66ef9d6\" data-element_type=\"widget\" data-widget_type=\"heading.default\">\n\t\t\t\t<div class=\"elementor-widget-container\">\n\t\t\t\t\t<h2 class=\"elementor-heading-title elementor-size-default\">Les Fleurs de BACH : L'harmonie des \u00e9motions par la nature<\/h2>\t\t\t\t<\/div>\n\t\t\t\t<\/div>\n\t\t\t\t\t<\/div>\n\t\t\t\t<\/div>\n\t\t<div class=\"elementor-element elementor-element-ea4d090 e-flex e-con-boxed e-con e-parent\" data-id=\"ea4d090\" data-element_type=\"container\">\n\t\t\t\t\t<div class=\"e-con-inner\">\n\t\t\t\t<div class=\"elementor-element elementor-element-9eef271 elementor-arrows-position-outside elementor-widget__width-initial elementor-pagination-position-outside elementor-widget elementor-widget-image-carousel\" data-id=\"9eef271\" data-element_type=\"widget\" data-settings=\"{&quot;slides_to_show&quot;:&quot;1&quot;,&quot;effect&quot;:&quot;fade&quot;,&quot;autoplay_speed&quot;:2000,&quot;navigation&quot;:&quot;both&quot;,&quot;autoplay&quot;:&quot;yes&quot;,&quot;pause_on_hover&quot;:&quot;yes&quot;,&quot;pause_on_interaction&quot;:&quot;yes&quot;,&quot;infinite&quot;:&quot;yes&quot;,&quot;speed&quot;:500}\" data-widget_type=\"image-carousel.default\">\n\t\t\t\t<div class=\"elementor-widget-container\">\n\t\t\t\t\t\t\t<div class=\"elementor-image-carousel-wrapper swiper\" role=\"region\" aria-roledescription=\"carousel\" aria-label=\"Carrousel d\u2019images\" dir=\"ltr\">\n\t\t\t<div class=\"elementor-image-carousel swiper-wrapper\" aria-live=\"off\">\n\t\t\t\t\t\t\t\t<div class=\"swiper-slide\" role=\"group\" aria-roledescription=\"slide\" aria-label=\"1 sur 4\"><figure class=\"swiper-slide-inner\"><img decoding=\"async\" class=\"swiper-slide-image\" src=\"https:\/\/xn--gaillardsantnaturelle-m5b.fr\/wp-content\/uploads\/2025\/02\/2021-09-19.jpg\" alt=\"2021-09-19\" \/><\/figure><\/div><div class=\"swiper-slide\" role=\"group\" aria-roledescription=\"slide\" aria-label=\"2 sur 4\"><figure class=\"swiper-slide-inner\"><img decoding=\"async\" class=\"swiper-slide-image\" src=\"https:\/\/xn--gaillardsantnaturelle-m5b.fr\/wp-content\/uploads\/2025\/02\/IMG_20241202_153113-768x576.jpg\" alt=\"IMG_20241202_153113\" \/><\/figure><\/div><div class=\"swiper-slide\" role=\"group\" aria-roledescription=\"slide\" aria-label=\"3 sur 4\"><figure class=\"swiper-slide-inner\"><img decoding=\"async\" class=\"swiper-slide-image\" src=\"https:\/\/xn--gaillardsantnaturelle-m5b.fr\/wp-content\/uploads\/2025\/02\/Messenger_creation_c0e9973e-6048-45fd-8c3a-72cdd8ecb677-768x576.jpeg\" alt=\"Messenger_creation_c0e9973e-6048-45fd-8c3a-72cdd8ecb677\" \/><\/figure><\/div><div class=\"swiper-slide\" role=\"group\" aria-roledescription=\"slide\" aria-label=\"4 sur 4\"><figure class=\"swiper-slide-inner\"><img decoding=\"async\" class=\"swiper-slide-image\" src=\"https:\/\/xn--gaillardsantnaturelle-m5b.fr\/wp-content\/uploads\/2025\/04\/IMAGE-FLEURS-DE-BACH-2-768x402.jpg\" alt=\"IMAGE FLEURS DE BACH 2\" \/><\/figure><\/div>\t\t\t<\/div>\n\t\t\t\t\t\t\t\t\t\t\t\t<div class=\"elementor-swiper-button elementor-swiper-button-prev\" role=\"button\" tabindex=\"0\">\n\t\t\t\t\t\t<svg aria-hidden=\"true\" class=\"e-font-icon-svg e-eicon-chevron-left\" viewBox=\"0 0 1000 1000\" xmlns=\"http:\/\/www.w3.org\/2000\/svg\"><path d=\"M646 125C629 125 613 133 604 142L308 442C296 454 292 471 292 487 292 504 296 521 308 533L604 854C617 867 629 875 646 875 663 875 679 871 692 858 704 846 713 829 713 812 713 796 708 779 692 767L438 487 692 225C700 217 708 204 708 187 708 171 704 154 692 142 675 129 663 125 646 125Z\"><\/path><\/svg>\t\t\t\t\t<\/div>\n\t\t\t\t\t<div class=\"elementor-swiper-button elementor-swiper-button-next\" role=\"button\" tabindex=\"0\">\n\t\t\t\t\t\t<svg aria-hidden=\"true\" class=\"e-font-icon-svg e-eicon-chevron-right\" viewBox=\"0 0 1000 1000\" xmlns=\"http:\/\/www.w3.org\/2000\/svg\"><path d=\"M696 533C708 521 713 504 713 487 713 471 708 454 696 446L400 146C388 133 375 125 354 125 338 125 325 129 313 142 300 154 292 171 292 187 292 204 296 221 308 233L563 492 304 771C292 783 288 800 288 817 288 833 296 850 308 863 321 871 338 875 354 875 371 875 388 867 400 854L696 533Z\"><\/path><\/svg>\t\t\t\t\t<\/div>\n\t\t\t\t\n\t\t\t\t\t\t\t\t\t<div class=\"swiper-pagination\"><\/div>\n\t\t\t\t\t\t\t\t\t<\/div>\n\t\t\t\t\t\t<\/div>\n\t\t\t\t<\/div>\n\t\t\t\t\t<\/div>\n\t\t\t\t<\/div>\n\t\t<div class=\"elementor-element elementor-element-df238c2 e-flex e-con-boxed e-con e-parent\" data-id=\"df238c2\" data-element_type=\"container\">\n\t\t\t\t\t<div class=\"e-con-inner\">\n\t\t\t\t<div class=\"elementor-element elementor-element-8648326 elementor-widget elementor-widget-spacer\" data-id=\"8648326\" data-element_type=\"widget\" data-widget_type=\"spacer.default\">\n\t\t\t\t<div class=\"elementor-widget-container\">\n\t\t\t\t\t\t\t<div class=\"elementor-spacer\">\n\t\t\t<div class=\"elementor-spacer-inner\"><\/div>\n\t\t<\/div>\n\t\t\t\t\t\t<\/div>\n\t\t\t\t<\/div>\n\t\t\t\t<div class=\"elementor-element elementor-element-b52bfc0 elementor-widget elementor-widget-text-editor\" data-id=\"b52bfc0\" data-element_type=\"widget\" data-widget_type=\"text-editor.default\">\n\t\t\t\t<div class=\"elementor-widget-container\">\n\t\t\t\t\t\t\t\t\t<h6><em>\u00ab\u00a0Derri\u00e8re toute maladie si\u00e8gent nos peurs, nos anxi\u00e9t\u00e9s, notre avarice, nos envies et nos d\u00e9gouts\u00a0\u00bb<\/em><\/h6><h6><em>\u00ab\u00a0Tant que notre \u00e2me et notre personnalit\u00e9 sont en harmonie, tout est joie et paix, bonheur et sant\u00e9\u00a0\u00bb<\/em><\/h6><h6>Dr Edward BACH<\/h6>\t\t\t\t\t\t\t\t<\/div>\n\t\t\t\t<\/div>\n\t\t\t\t<div class=\"elementor-element elementor-element-f3780bf elementor-widget elementor-widget-text-editor\" data-id=\"f3780bf\" data-element_type=\"widget\" data-widget_type=\"text-editor.default\">\n\t\t\t\t<div class=\"elementor-widget-container\">\n\t\t\t\t\t\t\t\t\t<p data-start=\"154\" data-end=\"448\"><strong>La sant\u00e9<\/strong> est \u00e9troitement li\u00e9e \u00e0 l&rsquo;\u00e9quilibre g\u00e9n\u00e9ral de chacun, au niveau de l&rsquo;alimentation, l&rsquo;hygi\u00e8ne de vie ,mais aussi \u00e0 l&rsquo;<strong>\u00e9quilibre \u00e9motionnel<\/strong>.<\/p><p>Et c&rsquo;est pour cette raison que j&rsquo;utilise cette m\u00e9thode simple , naturelle et tr\u00e8s efficace.<\/p><p data-start=\"154\" data-end=\"448\">Les Fleurs de Bach sont des \u00e9lixirs floraux con\u00e7us pour aider \u00e0 \u00e9quilibrer les \u00e9motions et favoriser le bien-\u00eatre mental. Cr\u00e9\u00e9es dans les ann\u00e9es 1930 par le Dr Edward Bach, ces 38 essences naturelles sont extraites de fleurs sauvages et agissent en douceur sur les \u00e9tats \u00e9motionnels n\u00e9gatifs.<\/p><h4 data-start=\"450\" data-end=\"488\"><strong data-start=\"454\" data-end=\"486\">Comment fonctionnent-elles ?<\/strong><\/h4><p data-start=\"490\" data-end=\"729\">Chaque fleur cible une \u00e9motion sp\u00e9cifique, comme le stress, la peur, le d\u00e9couragement, le burn-out ou encore le manque de confiance en soi. En r\u00e9tablissant l\u2019harmonie \u00e9motionnelle, elles permettent d\u2019aborder les d\u00e9fis de la vie avec plus de s\u00e9r\u00e9nit\u00e9.<\/p><h4 data-start=\"731\" data-end=\"773\"><strong data-start=\"735\" data-end=\"771\">Les bienfaits des Fleurs de Bach<\/strong><\/h4><ul data-start=\"775\" data-end=\"1054\"><li data-start=\"775\" data-end=\"810\">Apaisent le stress et l\u2019anxi\u00e9t\u00e9<\/li><li data-start=\"811\" data-end=\"853\">Aident \u00e0 surmonter les peurs et doutes<\/li><li data-start=\"854\" data-end=\"902\">Favorisent un meilleur sommeil et la d\u00e9tente<\/li><li data-start=\"903\" data-end=\"999\">Soutiennent lors des p\u00e9riodes de changement (deuil, s\u00e9paration, transition professionnelle\u2026)<\/li><li data-start=\"1000\" data-end=\"1054\">Am\u00e9liorent la confiance en soi et la concentration<\/li><\/ul><h4 data-start=\"1056\" data-end=\"1092\"><strong data-start=\"1060\" data-end=\"1090\">Une approche personnalis\u00e9e<\/strong><\/h4><p data-start=\"1094\" data-end=\"1345\">Chaque individu est unique, c\u2019est pourquoi un accompagnement personnalis\u00e9 permet de choisir les \u00e9lixirs les plus adapt\u00e9s \u00e0 vos besoins. Lors d\u2019une consultation, nous identifions ensemble les \u00e9motions \u00e0 harmoniser pour composer un m\u00e9lange sur mesure.<\/p><h4 data-start=\"1347\" data-end=\"1401\"><strong data-start=\"1351\" data-end=\"1399\">Un rem\u00e8de naturel et sans effets secondaires<\/strong><\/h4><p data-start=\"1403\" data-end=\"1570\">Les Fleurs de Bach sont enti\u00e8rement naturelles, sans accoutumance ni contre-indications. Elles peuvent \u00eatre utilis\u00e9es par tous, y compris les enfants et les animaux.<\/p><h4 data-start=\"1347\" data-end=\"1401\"><strong data-start=\"1351\" data-end=\"1399\">Tarif<\/strong><\/h4><p data-start=\"1403\" data-end=\"1570\">S\u00e9ance environ 1 heure : 50 euros<\/p><p data-start=\"1572\" data-end=\"1706\">Si vous souhaitez en savoir plus sur les Fleurs de Bach et d\u00e9couvrir comment elles peuvent vous aider, n\u2019h\u00e9sitez pas \u00e0 me contacter.<\/p>\t\t\t\t\t\t\t\t<\/div>\n\t\t\t\t<\/div>\n\t\t\t\t\t<\/div>\n\t\t\t\t<\/div>\n\t\t<div class=\"elementor-element elementor-element-8884515 e-flex e-con-boxed e-con e-parent\" data-id=\"8884515\" data-element_type=\"container\">\n\t\t\t\t\t<div class=\"e-con-inner\">\n\t\t\t\t<div class=\"elementor-element elementor-element-4c384b3 elementor-align-center elementor-widget elementor-widget-button\" data-id=\"4c384b3\" data-element_type=\"widget\" data-widget_type=\"button.default\">\n\t\t\t\t<div class=\"elementor-widget-container\">\n\t\t\t\t\t\t\t\t\t<div class=\"elementor-button-wrapper\">\n\t\t\t\t\t<a class=\"elementor-button elementor-button-link elementor-size-sm elementor-animation-bounce-in\" href=\"https:\/\/gaillardsant\u00e9naturelle.fr\/index.php\/contact\/\">\n\t\t\t\t\t\t<span class=\"elementor-button-content-wrapper\">\n\t\t\t\t\t\t\t\t\t<span class=\"elementor-button-text\">Contactez-moi<\/span>\n\t\t\t\t\t<\/span>\n\t\t\t\t\t<\/a>\n\t\t\t\t<\/div>\n\t\t\t\t\t\t\t\t<\/div>\n\t\t\t\t<\/div>\n\t\t\t\t<div class=\"elementor-element elementor-element-2b0c417 elementor-widget elementor-widget-spacer\" data-id=\"2b0c417\" data-element_type=\"widget\" data-widget_type=\"spacer.default\">\n\t\t\t\t<div class=\"elementor-widget-container\">\n\t\t\t\t\t\t\t<div class=\"elementor-spacer\">\n\t\t\t<div class=\"elementor-spacer-inner\"><\/div>\n\t\t<\/div>\n\t\t\t\t\t\t<\/div>\n\t\t\t\t<\/div>\n\t\t\t\t\t<\/div>\n\t\t\t\t<\/div>\n\t\t\t\t<\/div>\n\t\t","protected":false},"excerpt":{"rendered":"<p>Les Fleurs de BACH : L&rsquo;harmonie des \u00e9motions par la nature \u00ab\u00a0Derri\u00e8re toute maladie si\u00e8gent nos peurs, nos anxi\u00e9t\u00e9s, notre avarice, nos envies et nos d\u00e9gouts\u00a0\u00bb \u00ab\u00a0Tant que notre \u00e2me et notre personnalit\u00e9 sont en harmonie, tout est joie et paix, bonheur et sant\u00e9\u00a0\u00bb Dr Edward BACH La sant\u00e9 est \u00e9troitement li\u00e9e \u00e0 l&rsquo;\u00e9quilibre g\u00e9n\u00e9ral&#8230;<\/p>\n","protected":false},"author":1,"featured_media":0,"parent":0,"menu_order":0,"comment_status":"closed","ping_status":"closed","template":"","meta":{"_kad_post_transparent":"","_kad_post_title":"hide","_kad_post_layout":"fullwidth","_kad_post_sidebar_id":"","_kad_post_content_style":"unboxed","_kad_post_vertical_padding":"hide","_kad_post_feature":"hide","_kad_post_feature_position":"","_kad_post_header":false,"_kad_post_footer":false,"footnotes":""},"class_list":["post-20","page","type-page","status-publish","hentry"],"yoast_head":"<!-- This site is optimized with the Yoast SEO plugin v24.5 - https:\/\/yoast.com\/wordpress\/plugins\/seo\/ -->\n<title>Fleurs de Bach - Jo\u00eblle GAILLARD<\/title>\n<meta name=\"robots\" content=\"index, follow, max-snippet:-1, max-image-preview:large, max-video-preview:-1\" \/>\n<link rel=\"canonical\" href=\"https:\/\/xn--gaillardsantnaturelle-m5b.fr\/index.php\/fleurs-de-bach\/\" \/>\n<meta property=\"og:locale\" content=\"fr_FR\" \/>\n<meta property=\"og:type\" content=\"article\" \/>\n<meta property=\"og:title\" content=\"Fleurs de Bach - Jo\u00eblle GAILLARD\" \/>\n<meta property=\"og:description\" content=\"Les Fleurs de BACH : L&rsquo;harmonie des \u00e9motions par la nature \u00ab\u00a0Derri\u00e8re toute maladie si\u00e8gent nos peurs, nos anxi\u00e9t\u00e9s, notre avarice, nos envies et nos d\u00e9gouts\u00a0\u00bb \u00ab\u00a0Tant que notre \u00e2me et notre personnalit\u00e9 sont en harmonie, tout est joie et paix, bonheur et sant\u00e9\u00a0\u00bb Dr Edward BACH La sant\u00e9 est \u00e9troitement li\u00e9e \u00e0 l&rsquo;\u00e9quilibre g\u00e9n\u00e9ral...\" \/>\n<meta property=\"og:url\" content=\"https:\/\/xn--gaillardsantnaturelle-m5b.fr\/index.php\/fleurs-de-bach\/\" \/>\n<meta property=\"og:site_name\" content=\"Jo\u00eblle GAILLARD\" \/>\n<meta property=\"article:modified_time\" content=\"2025-07-07T16:56:09+00:00\" \/>\n<meta property=\"og:image\" content=\"https:\/\/xn--gaillardsantnaturelle-m5b.fr\/wp-content\/uploads\/2025\/02\/2021-09-19.jpg\" \/>\n<meta name=\"twitter:card\" content=\"summary_large_image\" \/>\n<meta name=\"twitter:label1\" content=\"Dur\u00e9e de lecture estim\u00e9e\" \/>\n\t<meta name=\"twitter:data1\" content=\"3 minutes\" \/>\n<script type=\"application\/ld+json\" class=\"yoast-schema-graph\">{\"@context\":\"https:\/\/schema.org\",\"@graph\":[{\"@type\":\"WebPage\",\"@id\":\"https:\/\/xn--gaillardsantnaturelle-m5b.fr\/index.php\/fleurs-de-bach\/\",\"url\":\"https:\/\/xn--gaillardsantnaturelle-m5b.fr\/index.php\/fleurs-de-bach\/\",\"name\":\"Fleurs de Bach - Jo\u00eblle GAILLARD\",\"isPartOf\":{\"@id\":\"https:\/\/xn--gaillardsantnaturelle-m5b.fr\/#website\"},\"primaryImageOfPage\":{\"@id\":\"https:\/\/xn--gaillardsantnaturelle-m5b.fr\/index.php\/fleurs-de-bach\/#primaryimage\"},\"image\":{\"@id\":\"https:\/\/xn--gaillardsantnaturelle-m5b.fr\/index.php\/fleurs-de-bach\/#primaryimage\"},\"thumbnailUrl\":\"https:\/\/xn--gaillardsantnaturelle-m5b.fr\/wp-content\/uploads\/2025\/02\/2021-09-19.jpg\",\"datePublished\":\"2025-02-24T10:00:01+00:00\",\"dateModified\":\"2025-07-07T16:56:09+00:00\",\"breadcrumb\":{\"@id\":\"https:\/\/xn--gaillardsantnaturelle-m5b.fr\/index.php\/fleurs-de-bach\/#breadcrumb\"},\"inLanguage\":\"fr-FR\",\"potentialAction\":[{\"@type\":\"ReadAction\",\"target\":[\"https:\/\/xn--gaillardsantnaturelle-m5b.fr\/index.php\/fleurs-de-bach\/\"]}]},{\"@type\":\"ImageObject\",\"inLanguage\":\"fr-FR\",\"@id\":\"https:\/\/xn--gaillardsantnaturelle-m5b.fr\/index.php\/fleurs-de-bach\/#primaryimage\",\"url\":\"https:\/\/xn--gaillardsantnaturelle-m5b.fr\/wp-content\/uploads\/2025\/02\/2021-09-19.jpg\",\"contentUrl\":\"https:\/\/xn--gaillardsantnaturelle-m5b.fr\/wp-content\/uploads\/2025\/02\/2021-09-19.jpg\",\"width\":720,\"height\":540},{\"@type\":\"BreadcrumbList\",\"@id\":\"https:\/\/xn--gaillardsantnaturelle-m5b.fr\/index.php\/fleurs-de-bach\/#breadcrumb\",\"itemListElement\":[{\"@type\":\"ListItem\",\"position\":1,\"name\":\"Accueil\",\"item\":\"https:\/\/xn--gaillardsantnaturelle-m5b.fr\/\"},{\"@type\":\"ListItem\",\"position\":2,\"name\":\"Fleurs de Bach\"}]},{\"@type\":\"WebSite\",\"@id\":\"https:\/\/xn--gaillardsantnaturelle-m5b.fr\/#website\",\"url\":\"https:\/\/xn--gaillardsantnaturelle-m5b.fr\/\",\"name\":\"Jo\u00eblle GAILLARD\",\"description\":\"Praticienne en sant\u00e9 naturelle\",\"publisher\":{\"@id\":\"https:\/\/xn--gaillardsantnaturelle-m5b.fr\/#organization\"},\"potentialAction\":[{\"@type\":\"SearchAction\",\"target\":{\"@type\":\"EntryPoint\",\"urlTemplate\":\"https:\/\/xn--gaillardsantnaturelle-m5b.fr\/?s={search_term_string}\"},\"query-input\":{\"@type\":\"PropertyValueSpecification\",\"valueRequired\":true,\"valueName\":\"search_term_string\"}}],\"inLanguage\":\"fr-FR\"},{\"@type\":\"Organization\",\"@id\":\"https:\/\/xn--gaillardsantnaturelle-m5b.fr\/#organization\",\"name\":\"Jo\u00eblle GAILLARD\",\"url\":\"https:\/\/xn--gaillardsantnaturelle-m5b.fr\/\",\"logo\":{\"@type\":\"ImageObject\",\"inLanguage\":\"fr-FR\",\"@id\":\"https:\/\/xn--gaillardsantnaturelle-m5b.fr\/#\/schema\/logo\/image\/\",\"url\":\"https:\/\/xn--gaillardsantnaturelle-m5b.fr\/wp-content\/uploads\/2025\/07\/cropped-Logo-JG.png\",\"contentUrl\":\"https:\/\/xn--gaillardsantnaturelle-m5b.fr\/wp-content\/uploads\/2025\/07\/cropped-Logo-JG.png\",\"width\":1080,\"height\":953,\"caption\":\"Jo\u00eblle GAILLARD\"},\"image\":{\"@id\":\"https:\/\/xn--gaillardsantnaturelle-m5b.fr\/#\/schema\/logo\/image\/\"}}]}<\/script>\n<!-- \/ Yoast SEO plugin. -->","yoast_head_json":{"title":"Fleurs de Bach - Jo\u00eblle GAILLARD","robots":{"index":"index","follow":"follow","max-snippet":"max-snippet:-1","max-image-preview":"max-image-preview:large","max-video-preview":"max-video-preview:-1"},"canonical":"https:\/\/xn--gaillardsantnaturelle-m5b.fr\/index.php\/fleurs-de-bach\/","og_locale":"fr_FR","og_type":"article","og_title":"Fleurs de Bach - Jo\u00eblle GAILLARD","og_description":"Les Fleurs de BACH : L&rsquo;harmonie des \u00e9motions par la nature \u00ab\u00a0Derri\u00e8re toute maladie si\u00e8gent nos peurs, nos anxi\u00e9t\u00e9s, notre avarice, nos envies et nos d\u00e9gouts\u00a0\u00bb \u00ab\u00a0Tant que notre \u00e2me et notre personnalit\u00e9 sont en harmonie, tout est joie et paix, bonheur et sant\u00e9\u00a0\u00bb Dr Edward BACH La sant\u00e9 est \u00e9troitement li\u00e9e \u00e0 l&rsquo;\u00e9quilibre g\u00e9n\u00e9ral...","og_url":"https:\/\/xn--gaillardsantnaturelle-m5b.fr\/index.php\/fleurs-de-bach\/","og_site_name":"Jo\u00eblle GAILLARD","article_modified_time":"2025-07-07T16:56:09+00:00","og_image":[{"url":"https:\/\/xn--gaillardsantnaturelle-m5b.fr\/wp-content\/uploads\/2025\/02\/2021-09-19.jpg","type":"","width":"","height":""}],"twitter_card":"summary_large_image","twitter_misc":{"Dur\u00e9e de lecture estim\u00e9e":"3 minutes"},"schema":{"@context":"https:\/\/schema.org","@graph":[{"@type":"WebPage","@id":"https:\/\/xn--gaillardsantnaturelle-m5b.fr\/index.php\/fleurs-de-bach\/","url":"https:\/\/xn--gaillardsantnaturelle-m5b.fr\/index.php\/fleurs-de-bach\/","name":"Fleurs de Bach - Jo\u00eblle GAILLARD","isPartOf":{"@id":"https:\/\/xn--gaillardsantnaturelle-m5b.fr\/#website"},"primaryImageOfPage":{"@id":"https:\/\/xn--gaillardsantnaturelle-m5b.fr\/index.php\/fleurs-de-bach\/#primaryimage"},"image":{"@id":"https:\/\/xn--gaillardsantnaturelle-m5b.fr\/index.php\/fleurs-de-bach\/#primaryimage"},"thumbnailUrl":"https:\/\/xn--gaillardsantnaturelle-m5b.fr\/wp-content\/uploads\/2025\/02\/2021-09-19.jpg","datePublished":"2025-02-24T10:00:01+00:00","dateModified":"2025-07-07T16:56:09+00:00","breadcrumb":{"@id":"https:\/\/xn--gaillardsantnaturelle-m5b.fr\/index.php\/fleurs-de-bach\/#breadcrumb"},"inLanguage":"fr-FR","potentialAction":[{"@type":"ReadAction","target":["https:\/\/xn--gaillardsantnaturelle-m5b.fr\/index.php\/fleurs-de-bach\/"]}]},{"@type":"ImageObject","inLanguage":"fr-FR","@id":"https:\/\/xn--gaillardsantnaturelle-m5b.fr\/index.php\/fleurs-de-bach\/#primaryimage","url":"https:\/\/xn--gaillardsantnaturelle-m5b.fr\/wp-content\/uploads\/2025\/02\/2021-09-19.jpg","contentUrl":"https:\/\/xn--gaillardsantnaturelle-m5b.fr\/wp-content\/uploads\/2025\/02\/2021-09-19.jpg","width":720,"height":540},{"@type":"BreadcrumbList","@id":"https:\/\/xn--gaillardsantnaturelle-m5b.fr\/index.php\/fleurs-de-bach\/#breadcrumb","itemListElement":[{"@type":"ListItem","position":1,"name":"Accueil","item":"https:\/\/xn--gaillardsantnaturelle-m5b.fr\/"},{"@type":"ListItem","position":2,"name":"Fleurs de Bach"}]},{"@type":"WebSite","@id":"https:\/\/xn--gaillardsantnaturelle-m5b.fr\/#website","url":"https:\/\/xn--gaillardsantnaturelle-m5b.fr\/","name":"Jo\u00eblle GAILLARD","description":"Praticienne en sant\u00e9 naturelle","publisher":{"@id":"https:\/\/xn--gaillardsantnaturelle-m5b.fr\/#organization"},"potentialAction":[{"@type":"SearchAction","target":{"@type":"EntryPoint","urlTemplate":"https:\/\/xn--gaillardsantnaturelle-m5b.fr\/?s={search_term_string}"},"query-input":{"@type":"PropertyValueSpecification","valueRequired":true,"valueName":"search_term_string"}}],"inLanguage":"fr-FR"},{"@type":"Organization","@id":"https:\/\/xn--gaillardsantnaturelle-m5b.fr\/#organization","name":"Jo\u00eblle GAILLARD","url":"https:\/\/xn--gaillardsantnaturelle-m5b.fr\/","logo":{"@type":"ImageObject","inLanguage":"fr-FR","@id":"https:\/\/xn--gaillardsantnaturelle-m5b.fr\/#\/schema\/logo\/image\/","url":"https:\/\/xn--gaillardsantnaturelle-m5b.fr\/wp-content\/uploads\/2025\/07\/cropped-Logo-JG.png","contentUrl":"https:\/\/xn--gaillardsantnaturelle-m5b.fr\/wp-content\/uploads\/2025\/07\/cropped-Logo-JG.png","width":1080,"height":953,"caption":"Jo\u00eblle GAILLARD"},"image":{"@id":"https:\/\/xn--gaillardsantnaturelle-m5b.fr\/#\/schema\/logo\/image\/"}}]}},"_links":{"self":[{"href":"https:\/\/xn--gaillardsantnaturelle-m5b.fr\/index.php\/wp-json\/wp\/v2\/pages\/20","targetHints":{"allow":["GET"]}}],"collection":[{"href":"https:\/\/xn--gaillardsantnaturelle-m5b.fr\/index.php\/wp-json\/wp\/v2\/pages"}],"about":[{"href":"https:\/\/xn--gaillardsantnaturelle-m5b.fr\/index.php\/wp-json\/wp\/v2\/types\/page"}],"author":[{"embeddable":true,"href":"https:\/\/xn--gaillardsantnaturelle-m5b.fr\/index.php\/wp-json\/wp\/v2\/users\/1"}],"replies":[{"embeddable":true,"href":"https:\/\/xn--gaillardsantnaturelle-m5b.fr\/index.php\/wp-json\/wp\/v2\/comments?post=20"}],"version-history":[{"count":43,"href":"https:\/\/xn--gaillardsantnaturelle-m5b.fr\/index.php\/wp-json\/wp\/v2\/pages\/20\/revisions"}],"predecessor-version":[{"id":558,"href":"https:\/\/xn--gaillardsantnaturelle-m5b.fr\/index.php\/wp-json\/wp\/v2\/pages\/20\/revisions\/558"}],"wp:attachment":[{"href":"https:\/\/xn--gaillardsantnaturelle-m5b.fr\/index.php\/wp-json\/wp\/v2\/media?parent=20"}],"curies":[{"name":"wp","href":"https:\/\/api.w.org\/{rel}","templated":true}]}}