{"id":22,"date":"2025-02-24T11:00:18","date_gmt":"2025-02-24T10:00:18","guid":{"rendered":"https:\/\/gaillardsant\u00e9naturelle.fr\/?page_id=22"},"modified":"2026-01-28T16:50:47","modified_gmt":"2026-01-28T15:50:47","slug":"gemmotherapie","status":"publish","type":"page","link":"https:\/\/xn--gaillardsantnaturelle-m5b.fr\/index.php\/gemmotherapie\/","title":{"rendered":"Gemmoth\u00e9rapie"},"content":{"rendered":"\t\t<div data-elementor-type=\"wp-page\" data-elementor-id=\"22\" class=\"elementor elementor-22\">\n\t\t\t\t<div class=\"elementor-element elementor-element-f631302 e-flex e-con-boxed e-con e-parent\" data-id=\"f631302\" data-element_type=\"container\">\n\t\t\t\t\t<div class=\"e-con-inner\">\n\t\t\t\t<div class=\"elementor-element elementor-element-4c876d1 elementor-widget elementor-widget-spacer\" data-id=\"4c876d1\" data-element_type=\"widget\" data-widget_type=\"spacer.default\">\n\t\t\t\t<div class=\"elementor-widget-container\">\n\t\t\t\t\t\t\t<div class=\"elementor-spacer\">\n\t\t\t<div class=\"elementor-spacer-inner\"><\/div>\n\t\t<\/div>\n\t\t\t\t\t\t<\/div>\n\t\t\t\t<\/div>\n\t\t\t\t\t<\/div>\n\t\t\t\t<\/div>\n\t\t<div class=\"elementor-element elementor-element-323f21d e-flex e-con-boxed e-con e-parent\" data-id=\"323f21d\" data-element_type=\"container\">\n\t\t\t\t\t<div class=\"e-con-inner\">\n\t\t\t\t<div class=\"elementor-element elementor-element-04f5733 elementor-widget elementor-widget-heading\" data-id=\"04f5733\" data-element_type=\"widget\" data-widget_type=\"heading.default\">\n\t\t\t\t<div class=\"elementor-widget-container\">\n\t\t\t\t\t<h2 class=\"elementor-heading-title elementor-size-default\">Gemmoth\u00e9rapie : L\u2019\u00c9nergie des Bourgeons au Service de Votre Bien-\u00eatre<\/h2>\t\t\t\t<\/div>\n\t\t\t\t<\/div>\n\t\t\t\t<div class=\"elementor-element elementor-element-0489d54 elementor-arrows-position-outside elementor-widget__width-initial elementor-pagination-position-outside elementor-widget elementor-widget-image-carousel\" data-id=\"0489d54\" data-element_type=\"widget\" data-settings=\"{&quot;slides_to_show&quot;:&quot;1&quot;,&quot;autoplay_speed&quot;:3000,&quot;navigation&quot;:&quot;both&quot;,&quot;autoplay&quot;:&quot;yes&quot;,&quot;pause_on_hover&quot;:&quot;yes&quot;,&quot;pause_on_interaction&quot;:&quot;yes&quot;,&quot;infinite&quot;:&quot;yes&quot;,&quot;effect&quot;:&quot;slide&quot;,&quot;speed&quot;:500}\" data-widget_type=\"image-carousel.default\">\n\t\t\t\t<div class=\"elementor-widget-container\">\n\t\t\t\t\t\t\t<div class=\"elementor-image-carousel-wrapper swiper\" role=\"region\" aria-roledescription=\"carousel\" aria-label=\"Carrousel d\u2019images\" dir=\"ltr\">\n\t\t\t<div class=\"elementor-image-carousel swiper-wrapper\" aria-live=\"off\">\n\t\t\t\t\t\t\t\t<div class=\"swiper-slide\" role=\"group\" aria-roledescription=\"slide\" aria-label=\"1 sur 8\"><figure class=\"swiper-slide-inner\"><img decoding=\"async\" class=\"swiper-slide-image\" src=\"https:\/\/xn--gaillardsantnaturelle-m5b.fr\/wp-content\/uploads\/2025\/02\/Macerat-damandier2-300x300.png\" alt=\"Mac\u00e9rat d&#039;amandier2\" \/><\/figure><\/div><div class=\"swiper-slide\" role=\"group\" aria-roledescription=\"slide\" aria-label=\"2 sur 8\"><figure class=\"swiper-slide-inner\"><img decoding=\"async\" class=\"swiper-slide-image\" src=\"https:\/\/xn--gaillardsantnaturelle-m5b.fr\/wp-content\/uploads\/2025\/02\/Macerat-darbre-de-judee2-300x300.png\" alt=\"Mac\u00e9rat d&#039;arbre de jud\u00e9e2\" \/><\/figure><\/div><div class=\"swiper-slide\" role=\"group\" aria-roledescription=\"slide\" aria-label=\"3 sur 8\"><figure class=\"swiper-slide-inner\"><img decoding=\"async\" class=\"swiper-slide-image\" src=\"https:\/\/xn--gaillardsantnaturelle-m5b.fr\/wp-content\/uploads\/2025\/02\/Macerat-daubepine2-300x300.png\" alt=\"Mac\u00e9rat d&#039;aub\u00e9pine2\" \/><\/figure><\/div><div class=\"swiper-slide\" role=\"group\" aria-roledescription=\"slide\" aria-label=\"4 sur 8\"><figure class=\"swiper-slide-inner\"><img decoding=\"async\" class=\"swiper-slide-image\" src=\"https:\/\/xn--gaillardsantnaturelle-m5b.fr\/wp-content\/uploads\/2025\/02\/Macerat-daulne2-300x300.png\" alt=\"Mac\u00e9rat d&#039;aulne2\" \/><\/figure><\/div><div class=\"swiper-slide\" role=\"group\" aria-roledescription=\"slide\" aria-label=\"5 sur 8\"><figure class=\"swiper-slide-inner\"><img decoding=\"async\" class=\"swiper-slide-image\" src=\"https:\/\/xn--gaillardsantnaturelle-m5b.fr\/wp-content\/uploads\/2025\/02\/Macerat-de-cassis2-300x300.png\" alt=\"Mac\u00e9rat de cassis2\" \/><\/figure><\/div><div class=\"swiper-slide\" role=\"group\" aria-roledescription=\"slide\" aria-label=\"6 sur 8\"><figure class=\"swiper-slide-inner\"><img decoding=\"async\" class=\"swiper-slide-image\" src=\"https:\/\/xn--gaillardsantnaturelle-m5b.fr\/wp-content\/uploads\/2025\/02\/Macerat-de-chataignier2-300x300.png\" alt=\"Mac\u00e9rat de chataignier2\" \/><\/figure><\/div><div class=\"swiper-slide\" role=\"group\" aria-roledescription=\"slide\" aria-label=\"7 sur 8\"><figure class=\"swiper-slide-inner\"><img decoding=\"async\" class=\"swiper-slide-image\" src=\"https:\/\/xn--gaillardsantnaturelle-m5b.fr\/wp-content\/uploads\/2025\/02\/Macerat-de-figuier2-300x300.png\" alt=\"Mac\u00e9rat de figuier2\" \/><\/figure><\/div><div class=\"swiper-slide\" role=\"group\" aria-roledescription=\"slide\" aria-label=\"8 sur 8\"><figure class=\"swiper-slide-inner\"><img decoding=\"async\" class=\"swiper-slide-image\" src=\"https:\/\/xn--gaillardsantnaturelle-m5b.fr\/wp-content\/uploads\/2025\/02\/Macerat-de-noyer2-300x300.png\" alt=\"Mac\u00e9rat de noyer2\" \/><\/figure><\/div>\t\t\t<\/div>\n\t\t\t\t\t\t\t\t\t\t\t\t<div class=\"elementor-swiper-button elementor-swiper-button-prev\" role=\"button\" tabindex=\"0\">\n\t\t\t\t\t\t<svg aria-hidden=\"true\" class=\"e-font-icon-svg e-eicon-chevron-left\" viewBox=\"0 0 1000 1000\" xmlns=\"http:\/\/www.w3.org\/2000\/svg\"><path d=\"M646 125C629 125 613 133 604 142L308 442C296 454 292 471 292 487 292 504 296 521 308 533L604 854C617 867 629 875 646 875 663 875 679 871 692 858 704 846 713 829 713 812 713 796 708 779 692 767L438 487 692 225C700 217 708 204 708 187 708 171 704 154 692 142 675 129 663 125 646 125Z\"><\/path><\/svg>\t\t\t\t\t<\/div>\n\t\t\t\t\t<div class=\"elementor-swiper-button elementor-swiper-button-next\" role=\"button\" tabindex=\"0\">\n\t\t\t\t\t\t<svg aria-hidden=\"true\" class=\"e-font-icon-svg e-eicon-chevron-right\" viewBox=\"0 0 1000 1000\" xmlns=\"http:\/\/www.w3.org\/2000\/svg\"><path d=\"M696 533C708 521 713 504 713 487 713 471 708 454 696 446L400 146C388 133 375 125 354 125 338 125 325 129 313 142 300 154 292 171 292 187 292 204 296 221 308 233L563 492 304 771C292 783 288 800 288 817 288 833 296 850 308 863 321 871 338 875 354 875 371 875 388 867 400 854L696 533Z\"><\/path><\/svg>\t\t\t\t\t<\/div>\n\t\t\t\t\n\t\t\t\t\t\t\t\t\t<div class=\"swiper-pagination\"><\/div>\n\t\t\t\t\t\t\t\t\t<\/div>\n\t\t\t\t\t\t<\/div>\n\t\t\t\t<\/div>\n\t\t\t\t\t<\/div>\n\t\t\t\t<\/div>\n\t\t<div class=\"elementor-element elementor-element-ea5daa9 e-flex e-con-boxed e-con e-parent\" data-id=\"ea5daa9\" data-element_type=\"container\">\n\t\t\t\t\t<div class=\"e-con-inner\">\n\t\t\t\t<div class=\"elementor-element elementor-element-5672b86 elementor-widget elementor-widget-spacer\" data-id=\"5672b86\" data-element_type=\"widget\" data-widget_type=\"spacer.default\">\n\t\t\t\t<div class=\"elementor-widget-container\">\n\t\t\t\t\t\t\t<div class=\"elementor-spacer\">\n\t\t\t<div class=\"elementor-spacer-inner\"><\/div>\n\t\t<\/div>\n\t\t\t\t\t\t<\/div>\n\t\t\t\t<\/div>\n\t\t\t\t<div class=\"elementor-element elementor-element-73183bd elementor-widget elementor-widget-text-editor\" data-id=\"73183bd\" data-element_type=\"widget\" data-widget_type=\"text-editor.default\">\n\t\t\t\t<div class=\"elementor-widget-container\">\n\t\t\t\t\t\t\t\t\t<p>\ud83c\udf3f <strong>La gemmoth\u00e9rapie : une th\u00e9rapie issue des bourgeons<\/strong> \ud83c\udf3f<\/p><p>La gemmoth\u00e9rapie est une m\u00e9thode naturelle encore peu connue, mais tr\u00e8s puissante. Elle trouve ses racines dans les ann\u00e9es 1950, gr\u00e2ce au travail du Dr Pol Henry, un m\u00e9decin belge passionn\u00e9 de phytoth\u00e9rapie.<br \/>Il d\u00e9couvre que les bourgeons, jeunes pousses et radicelles des plantes contiennent une grande concentration d\u2019actifs : min\u00e9raux, vitamines, enzymes, hormones de croissance\u2026 toute la force de la plante en devenir.<\/p><p>Dans les ann\u00e9es 1970, ses recherches sont reprises et d\u00e9velopp\u00e9es par le Dr Max T\u00e9tau, hom\u00e9opathe fran\u00e7ais. C\u2019est lui qui lui donne le nom de \u00ab\u00a0gemmoth\u00e9rapie\u00a0\u00bb, du mot latin <em>gemma<\/em>, qui signifie \u00e0 la fois \u00ab\u00a0bourgeon\u00a0\u00bb et \u00ab\u00a0pierre pr\u00e9cieuse\u00a0\u00bb.<\/p><p><img decoding=\"async\" class=\"wp-image-401 alignleft\" src=\"https:\/\/xn--gaillardsantnaturelle-m5b.fr\/wp-content\/uploads\/2025\/04\/bourgeons.jpg\" alt=\"\" width=\"215\" height=\"143\" \/> <img decoding=\"async\" class=\"wp-image-402 alignleft\" src=\"https:\/\/xn--gaillardsantnaturelle-m5b.fr\/wp-content\/uploads\/2025\/04\/GEMMO-POMMIER-300x200.webp\" alt=\"\" width=\"214\" height=\"143\" srcset=\"https:\/\/xn--gaillardsantnaturelle-m5b.fr\/wp-content\/uploads\/2025\/04\/GEMMO-POMMIER-300x200.webp 300w, https:\/\/xn--gaillardsantnaturelle-m5b.fr\/wp-content\/uploads\/2025\/04\/GEMMO-POMMIER.webp 612w\" sizes=\"(max-width: 214px) 100vw, 214px\" \/><\/p><h4 data-start=\"461\" data-end=\"508\">\u00a0<\/h4><h4 data-start=\"461\" data-end=\"508\">\u00a0<\/h4><h4 data-start=\"461\" data-end=\"508\">\u00a0<\/h4><h4 data-start=\"461\" data-end=\"508\">\u00a0<\/h4><h4 data-start=\"461\" data-end=\"508\"><strong data-start=\"465\" data-end=\"506\">Comment fonctionne la gemmoth\u00e9rapie ?<\/strong><\/h4><p data-start=\"510\" data-end=\"831\">Les bourgeons contiennent toute l\u2019\u00e9nergie et le potentiel de d\u00e9veloppement de la plante. Gr\u00e2ce \u00e0 un proc\u00e9d\u00e9 de mac\u00e9ration dans un m\u00e9lange d\u2019eau, d\u2019alcool et de glyc\u00e9rine, leurs principes actifs sont extraits de mani\u00e8re optimale. Ces extraits agissent en douceur sur le corps et l\u2019esprit, favorisant un \u00e9quilibre global.<\/p><h4 data-start=\"833\" data-end=\"876\"><strong data-start=\"837\" data-end=\"874\">Les bienfaits de la gemmoth\u00e9rapie<\/strong><\/h4><ul data-start=\"878\" data-end=\"1646\"><li data-start=\"878\" data-end=\"1009\"><strong data-start=\"880\" data-end=\"910\">D\u00e9toxification et drainage<\/strong> : Aide \u00e0 \u00e9liminer les toxines en soutenant les organes \u00e9monctoires (foie, reins, poumons, peau).<\/li><li data-start=\"1010\" data-end=\"1145\"><strong data-start=\"1012\" data-end=\"1051\">Renforcement du syst\u00e8me immunitaire<\/strong> : Stimule les d\u00e9fenses naturelles et prot\u00e8ge l\u2019organisme contre les agressions ext\u00e9rieures.<\/li><li data-start=\"1146\" data-end=\"1251\"><strong data-start=\"1148\" data-end=\"1185\">Gestion du stress et des \u00e9motions<\/strong> : Apaise l\u2019anxi\u00e9t\u00e9, am\u00e9liore le sommeil et favorise la d\u00e9tente.<\/li><li data-start=\"1252\" data-end=\"1370\"><strong data-start=\"1254\" data-end=\"1285\">Soutien du syst\u00e8me digestif<\/strong> : R\u00e9gule les troubles digestifs et favorise une bonne assimilation des nutriments.<\/li><li data-start=\"1371\" data-end=\"1509\"><strong data-start=\"1373\" data-end=\"1423\">Action sur les articulations et la circulation<\/strong> : Am\u00e9liore la souplesse articulaire et favorise une meilleure circulation sanguine.<\/li><li data-start=\"1510\" data-end=\"1646\"><strong data-start=\"1512\" data-end=\"1553\">Accompagnement dans la perte de poids<\/strong> : Aide \u00e0 r\u00e9guler le m\u00e9tabolisme, limite les fringales et favorise l\u2019\u00e9limination des exc\u00e8s.<\/li><\/ul><h4 data-start=\"1648\" data-end=\"1697\"><strong data-start=\"1652\" data-end=\"1695\">Une approche naturelle et personnalis\u00e9e<\/strong><\/h4><p data-start=\"1699\" data-end=\"1957\">La gemmoth\u00e9rapie est une m\u00e9thode douce et efficace qui s\u2019int\u00e8gre parfaitement dans une d\u00e9marche de bien-\u00eatre global. Chaque personne \u00e9tant unique, une s\u00e9lection adapt\u00e9e de bourgeons permet un accompagnement personnalis\u00e9 en fonction des besoins sp\u00e9cifiques.<\/p><h4 data-start=\"1959\" data-end=\"2006\"><strong data-start=\"1963\" data-end=\"2004\">D\u00e9couvrez les bienfaits des bourgeons<\/strong><\/h4><p data-start=\"2008\" data-end=\"2163\">Si vous souhaitez int\u00e9grer la gemmoth\u00e9rapie dans votre routine bien-\u00eatre, je vous accompagne pour identifier les extraits les plus adapt\u00e9s \u00e0 vos besoins.<\/p><p data-start=\"2008\" data-end=\"2163\">S\u00e9ance environ 1 heure : 50 euros<\/p><p data-start=\"2165\" data-end=\"2244\">N\u2019h\u00e9sitez pas \u00e0 me contacter pour en savoir plus ou pour prendre rendez-vous.<\/p>\t\t\t\t\t\t\t\t<\/div>\n\t\t\t\t<\/div>\n\t\t\t\t\t<\/div>\n\t\t\t\t<\/div>\n\t\t<div class=\"elementor-element elementor-element-c0a0c24 e-flex e-con-boxed e-con e-parent\" data-id=\"c0a0c24\" data-element_type=\"container\">\n\t\t\t\t\t<div class=\"e-con-inner\">\n\t\t\t\t<div class=\"elementor-element elementor-element-51326c6 elementor-align-center elementor-widget elementor-widget-button\" data-id=\"51326c6\" data-element_type=\"widget\" data-widget_type=\"button.default\">\n\t\t\t\t<div class=\"elementor-widget-container\">\n\t\t\t\t\t\t\t\t\t<div class=\"elementor-button-wrapper\">\n\t\t\t\t\t<a class=\"elementor-button elementor-button-link elementor-size-sm elementor-animation-bounce-in\" href=\"https:\/\/gaillardsant\u00e9naturelle.fr\/index.php\/contact\/\">\n\t\t\t\t\t\t<span class=\"elementor-button-content-wrapper\">\n\t\t\t\t\t\t\t\t\t<span class=\"elementor-button-text\">Contactez-moi<\/span>\n\t\t\t\t\t<\/span>\n\t\t\t\t\t<\/a>\n\t\t\t\t<\/div>\n\t\t\t\t\t\t\t\t<\/div>\n\t\t\t\t<\/div>\n\t\t\t\t<div class=\"elementor-element elementor-element-d3c4750 elementor-widget elementor-widget-spacer\" data-id=\"d3c4750\" data-element_type=\"widget\" data-widget_type=\"spacer.default\">\n\t\t\t\t<div class=\"elementor-widget-container\">\n\t\t\t\t\t\t\t<div class=\"elementor-spacer\">\n\t\t\t<div class=\"elementor-spacer-inner\"><\/div>\n\t\t<\/div>\n\t\t\t\t\t\t<\/div>\n\t\t\t\t<\/div>\n\t\t\t\t\t<\/div>\n\t\t\t\t<\/div>\n\t\t<div class=\"elementor-element elementor-element-b9820f3 e-flex e-con-boxed e-con e-parent\" data-id=\"b9820f3\" data-element_type=\"container\">\n\t\t\t\t\t<div class=\"e-con-inner\">\n\t\t\t\t<div class=\"elementor-element elementor-element-083c557 elementor-widget elementor-widget-spacer\" data-id=\"083c557\" data-element_type=\"widget\" data-widget_type=\"spacer.default\">\n\t\t\t\t<div class=\"elementor-widget-container\">\n\t\t\t\t\t\t\t<div class=\"elementor-spacer\">\n\t\t\t<div class=\"elementor-spacer-inner\"><\/div>\n\t\t<\/div>\n\t\t\t\t\t\t<\/div>\n\t\t\t\t<\/div>\n\t\t\t\t\t<\/div>\n\t\t\t\t<\/div>\n\t\t\t\t<\/div>\n\t\t","protected":false},"excerpt":{"rendered":"<p>Gemmoth\u00e9rapie : L\u2019\u00c9nergie des Bourgeons au Service de Votre Bien-\u00eatre \ud83c\udf3f La gemmoth\u00e9rapie : une th\u00e9rapie issue des bourgeons \ud83c\udf3f La gemmoth\u00e9rapie est une m\u00e9thode naturelle encore peu connue, mais tr\u00e8s puissante. Elle trouve ses racines dans les ann\u00e9es 1950, gr\u00e2ce au travail du Dr Pol Henry, un m\u00e9decin belge passionn\u00e9 de phytoth\u00e9rapie.Il d\u00e9couvre que&#8230;<\/p>\n","protected":false},"author":1,"featured_media":0,"parent":0,"menu_order":0,"comment_status":"closed","ping_status":"closed","template":"","meta":{"_kad_post_transparent":"","_kad_post_title":"hide","_kad_post_layout":"fullwidth","_kad_post_sidebar_id":"","_kad_post_content_style":"unboxed","_kad_post_vertical_padding":"hide","_kad_post_feature":"hide","_kad_post_feature_position":"","_kad_post_header":false,"_kad_post_footer":false,"footnotes":""},"class_list":["post-22","page","type-page","status-publish","hentry"],"yoast_head":"<!-- This site is optimized with the Yoast SEO plugin v24.5 - https:\/\/yoast.com\/wordpress\/plugins\/seo\/ -->\n<title>Gemmoth\u00e9rapie - Jo\u00eblle GAILLARD<\/title>\n<meta name=\"robots\" content=\"index, follow, max-snippet:-1, max-image-preview:large, max-video-preview:-1\" \/>\n<link rel=\"canonical\" href=\"https:\/\/xn--gaillardsantnaturelle-m5b.fr\/index.php\/gemmotherapie\/\" \/>\n<meta property=\"og:locale\" content=\"fr_FR\" \/>\n<meta property=\"og:type\" content=\"article\" \/>\n<meta property=\"og:title\" content=\"Gemmoth\u00e9rapie - Jo\u00eblle GAILLARD\" \/>\n<meta property=\"og:description\" content=\"Gemmoth\u00e9rapie : L\u2019\u00c9nergie des Bourgeons au Service de Votre Bien-\u00eatre \ud83c\udf3f La gemmoth\u00e9rapie : une th\u00e9rapie issue des bourgeons \ud83c\udf3f La gemmoth\u00e9rapie est une m\u00e9thode naturelle encore peu connue, mais tr\u00e8s puissante. Elle trouve ses racines dans les ann\u00e9es 1950, gr\u00e2ce au travail du Dr Pol Henry, un m\u00e9decin belge passionn\u00e9 de phytoth\u00e9rapie.Il d\u00e9couvre que...\" \/>\n<meta property=\"og:url\" content=\"https:\/\/xn--gaillardsantnaturelle-m5b.fr\/index.php\/gemmotherapie\/\" \/>\n<meta property=\"og:site_name\" content=\"Jo\u00eblle GAILLARD\" \/>\n<meta property=\"article:modified_time\" content=\"2026-01-28T15:50:47+00:00\" \/>\n<meta property=\"og:image\" content=\"https:\/\/xn--gaillardsantnaturelle-m5b.fr\/wp-content\/uploads\/2025\/02\/Macerat-damandier2-300x300.png\" \/>\n<meta name=\"twitter:card\" content=\"summary_large_image\" \/>\n<meta name=\"twitter:label1\" content=\"Dur\u00e9e de lecture estim\u00e9e\" \/>\n\t<meta name=\"twitter:data1\" content=\"5 minutes\" \/>\n<script type=\"application\/ld+json\" class=\"yoast-schema-graph\">{\"@context\":\"https:\/\/schema.org\",\"@graph\":[{\"@type\":\"WebPage\",\"@id\":\"https:\/\/xn--gaillardsantnaturelle-m5b.fr\/index.php\/gemmotherapie\/\",\"url\":\"https:\/\/xn--gaillardsantnaturelle-m5b.fr\/index.php\/gemmotherapie\/\",\"name\":\"Gemmoth\u00e9rapie - Jo\u00eblle GAILLARD\",\"isPartOf\":{\"@id\":\"https:\/\/xn--gaillardsantnaturelle-m5b.fr\/#website\"},\"primaryImageOfPage\":{\"@id\":\"https:\/\/xn--gaillardsantnaturelle-m5b.fr\/index.php\/gemmotherapie\/#primaryimage\"},\"image\":{\"@id\":\"https:\/\/xn--gaillardsantnaturelle-m5b.fr\/index.php\/gemmotherapie\/#primaryimage\"},\"thumbnailUrl\":\"https:\/\/xn--gaillardsantnaturelle-m5b.fr\/wp-content\/uploads\/2025\/02\/Macerat-damandier2-300x300.png\",\"datePublished\":\"2025-02-24T10:00:18+00:00\",\"dateModified\":\"2026-01-28T15:50:47+00:00\",\"breadcrumb\":{\"@id\":\"https:\/\/xn--gaillardsantnaturelle-m5b.fr\/index.php\/gemmotherapie\/#breadcrumb\"},\"inLanguage\":\"fr-FR\",\"potentialAction\":[{\"@type\":\"ReadAction\",\"target\":[\"https:\/\/xn--gaillardsantnaturelle-m5b.fr\/index.php\/gemmotherapie\/\"]}]},{\"@type\":\"ImageObject\",\"inLanguage\":\"fr-FR\",\"@id\":\"https:\/\/xn--gaillardsantnaturelle-m5b.fr\/index.php\/gemmotherapie\/#primaryimage\",\"url\":\"https:\/\/xn--gaillardsantnaturelle-m5b.fr\/wp-content\/uploads\/2025\/02\/Macerat-damandier2.png\",\"contentUrl\":\"https:\/\/xn--gaillardsantnaturelle-m5b.fr\/wp-content\/uploads\/2025\/02\/Macerat-damandier2.png\",\"width\":1080,\"height\":1080},{\"@type\":\"BreadcrumbList\",\"@id\":\"https:\/\/xn--gaillardsantnaturelle-m5b.fr\/index.php\/gemmotherapie\/#breadcrumb\",\"itemListElement\":[{\"@type\":\"ListItem\",\"position\":1,\"name\":\"Accueil\",\"item\":\"https:\/\/xn--gaillardsantnaturelle-m5b.fr\/\"},{\"@type\":\"ListItem\",\"position\":2,\"name\":\"Gemmoth\u00e9rapie\"}]},{\"@type\":\"WebSite\",\"@id\":\"https:\/\/xn--gaillardsantnaturelle-m5b.fr\/#website\",\"url\":\"https:\/\/xn--gaillardsantnaturelle-m5b.fr\/\",\"name\":\"Jo\u00eblle GAILLARD\",\"description\":\"Praticienne en sant\u00e9 naturelle\",\"publisher\":{\"@id\":\"https:\/\/xn--gaillardsantnaturelle-m5b.fr\/#organization\"},\"potentialAction\":[{\"@type\":\"SearchAction\",\"target\":{\"@type\":\"EntryPoint\",\"urlTemplate\":\"https:\/\/xn--gaillardsantnaturelle-m5b.fr\/?s={search_term_string}\"},\"query-input\":{\"@type\":\"PropertyValueSpecification\",\"valueRequired\":true,\"valueName\":\"search_term_string\"}}],\"inLanguage\":\"fr-FR\"},{\"@type\":\"Organization\",\"@id\":\"https:\/\/xn--gaillardsantnaturelle-m5b.fr\/#organization\",\"name\":\"Jo\u00eblle GAILLARD\",\"url\":\"https:\/\/xn--gaillardsantnaturelle-m5b.fr\/\",\"logo\":{\"@type\":\"ImageObject\",\"inLanguage\":\"fr-FR\",\"@id\":\"https:\/\/xn--gaillardsantnaturelle-m5b.fr\/#\/schema\/logo\/image\/\",\"url\":\"https:\/\/xn--gaillardsantnaturelle-m5b.fr\/wp-content\/uploads\/2025\/07\/cropped-Logo-JG.png\",\"contentUrl\":\"https:\/\/xn--gaillardsantnaturelle-m5b.fr\/wp-content\/uploads\/2025\/07\/cropped-Logo-JG.png\",\"width\":1080,\"height\":953,\"caption\":\"Jo\u00eblle GAILLARD\"},\"image\":{\"@id\":\"https:\/\/xn--gaillardsantnaturelle-m5b.fr\/#\/schema\/logo\/image\/\"}}]}<\/script>\n<!-- \/ Yoast SEO plugin. -->","yoast_head_json":{"title":"Gemmoth\u00e9rapie - Jo\u00eblle GAILLARD","robots":{"index":"index","follow":"follow","max-snippet":"max-snippet:-1","max-image-preview":"max-image-preview:large","max-video-preview":"max-video-preview:-1"},"canonical":"https:\/\/xn--gaillardsantnaturelle-m5b.fr\/index.php\/gemmotherapie\/","og_locale":"fr_FR","og_type":"article","og_title":"Gemmoth\u00e9rapie - Jo\u00eblle GAILLARD","og_description":"Gemmoth\u00e9rapie : L\u2019\u00c9nergie des Bourgeons au Service de Votre Bien-\u00eatre \ud83c\udf3f La gemmoth\u00e9rapie : une th\u00e9rapie issue des bourgeons \ud83c\udf3f La gemmoth\u00e9rapie est une m\u00e9thode naturelle encore peu connue, mais tr\u00e8s puissante. Elle trouve ses racines dans les ann\u00e9es 1950, gr\u00e2ce au travail du Dr Pol Henry, un m\u00e9decin belge passionn\u00e9 de phytoth\u00e9rapie.Il d\u00e9couvre que...","og_url":"https:\/\/xn--gaillardsantnaturelle-m5b.fr\/index.php\/gemmotherapie\/","og_site_name":"Jo\u00eblle GAILLARD","article_modified_time":"2026-01-28T15:50:47+00:00","og_image":[{"url":"https:\/\/xn--gaillardsantnaturelle-m5b.fr\/wp-content\/uploads\/2025\/02\/Macerat-damandier2-300x300.png","type":"","width":"","height":""}],"twitter_card":"summary_large_image","twitter_misc":{"Dur\u00e9e de lecture estim\u00e9e":"5 minutes"},"schema":{"@context":"https:\/\/schema.org","@graph":[{"@type":"WebPage","@id":"https:\/\/xn--gaillardsantnaturelle-m5b.fr\/index.php\/gemmotherapie\/","url":"https:\/\/xn--gaillardsantnaturelle-m5b.fr\/index.php\/gemmotherapie\/","name":"Gemmoth\u00e9rapie - Jo\u00eblle GAILLARD","isPartOf":{"@id":"https:\/\/xn--gaillardsantnaturelle-m5b.fr\/#website"},"primaryImageOfPage":{"@id":"https:\/\/xn--gaillardsantnaturelle-m5b.fr\/index.php\/gemmotherapie\/#primaryimage"},"image":{"@id":"https:\/\/xn--gaillardsantnaturelle-m5b.fr\/index.php\/gemmotherapie\/#primaryimage"},"thumbnailUrl":"https:\/\/xn--gaillardsantnaturelle-m5b.fr\/wp-content\/uploads\/2025\/02\/Macerat-damandier2-300x300.png","datePublished":"2025-02-24T10:00:18+00:00","dateModified":"2026-01-28T15:50:47+00:00","breadcrumb":{"@id":"https:\/\/xn--gaillardsantnaturelle-m5b.fr\/index.php\/gemmotherapie\/#breadcrumb"},"inLanguage":"fr-FR","potentialAction":[{"@type":"ReadAction","target":["https:\/\/xn--gaillardsantnaturelle-m5b.fr\/index.php\/gemmotherapie\/"]}]},{"@type":"ImageObject","inLanguage":"fr-FR","@id":"https:\/\/xn--gaillardsantnaturelle-m5b.fr\/index.php\/gemmotherapie\/#primaryimage","url":"https:\/\/xn--gaillardsantnaturelle-m5b.fr\/wp-content\/uploads\/2025\/02\/Macerat-damandier2.png","contentUrl":"https:\/\/xn--gaillardsantnaturelle-m5b.fr\/wp-content\/uploads\/2025\/02\/Macerat-damandier2.png","width":1080,"height":1080},{"@type":"BreadcrumbList","@id":"https:\/\/xn--gaillardsantnaturelle-m5b.fr\/index.php\/gemmotherapie\/#breadcrumb","itemListElement":[{"@type":"ListItem","position":1,"name":"Accueil","item":"https:\/\/xn--gaillardsantnaturelle-m5b.fr\/"},{"@type":"ListItem","position":2,"name":"Gemmoth\u00e9rapie"}]},{"@type":"WebSite","@id":"https:\/\/xn--gaillardsantnaturelle-m5b.fr\/#website","url":"https:\/\/xn--gaillardsantnaturelle-m5b.fr\/","name":"Jo\u00eblle GAILLARD","description":"Praticienne en sant\u00e9 naturelle","publisher":{"@id":"https:\/\/xn--gaillardsantnaturelle-m5b.fr\/#organization"},"potentialAction":[{"@type":"SearchAction","target":{"@type":"EntryPoint","urlTemplate":"https:\/\/xn--gaillardsantnaturelle-m5b.fr\/?s={search_term_string}"},"query-input":{"@type":"PropertyValueSpecification","valueRequired":true,"valueName":"search_term_string"}}],"inLanguage":"fr-FR"},{"@type":"Organization","@id":"https:\/\/xn--gaillardsantnaturelle-m5b.fr\/#organization","name":"Jo\u00eblle GAILLARD","url":"https:\/\/xn--gaillardsantnaturelle-m5b.fr\/","logo":{"@type":"ImageObject","inLanguage":"fr-FR","@id":"https:\/\/xn--gaillardsantnaturelle-m5b.fr\/#\/schema\/logo\/image\/","url":"https:\/\/xn--gaillardsantnaturelle-m5b.fr\/wp-content\/uploads\/2025\/07\/cropped-Logo-JG.png","contentUrl":"https:\/\/xn--gaillardsantnaturelle-m5b.fr\/wp-content\/uploads\/2025\/07\/cropped-Logo-JG.png","width":1080,"height":953,"caption":"Jo\u00eblle GAILLARD"},"image":{"@id":"https:\/\/xn--gaillardsantnaturelle-m5b.fr\/#\/schema\/logo\/image\/"}}]}},"_links":{"self":[{"href":"https:\/\/xn--gaillardsantnaturelle-m5b.fr\/index.php\/wp-json\/wp\/v2\/pages\/22","targetHints":{"allow":["GET"]}}],"collection":[{"href":"https:\/\/xn--gaillardsantnaturelle-m5b.fr\/index.php\/wp-json\/wp\/v2\/pages"}],"about":[{"href":"https:\/\/xn--gaillardsantnaturelle-m5b.fr\/index.php\/wp-json\/wp\/v2\/types\/page"}],"author":[{"embeddable":true,"href":"https:\/\/xn--gaillardsantnaturelle-m5b.fr\/index.php\/wp-json\/wp\/v2\/users\/1"}],"replies":[{"embeddable":true,"href":"https:\/\/xn--gaillardsantnaturelle-m5b.fr\/index.php\/wp-json\/wp\/v2\/comments?post=22"}],"version-history":[{"count":40,"href":"https:\/\/xn--gaillardsantnaturelle-m5b.fr\/index.php\/wp-json\/wp\/v2\/pages\/22\/revisions"}],"predecessor-version":[{"id":616,"href":"https:\/\/xn--gaillardsantnaturelle-m5b.fr\/index.php\/wp-json\/wp\/v2\/pages\/22\/revisions\/616"}],"wp:attachment":[{"href":"https:\/\/xn--gaillardsantnaturelle-m5b.fr\/index.php\/wp-json\/wp\/v2\/media?parent=22"}],"curies":[{"name":"wp","href":"https:\/\/api.w.org\/{rel}","templated":true}]}}