{"id":24,"date":"2025-02-24T11:00:41","date_gmt":"2025-02-24T10:00:41","guid":{"rendered":"https:\/\/gaillardsant\u00e9naturelle.fr\/?page_id=24"},"modified":"2025-04-24T21:52:04","modified_gmt":"2025-04-24T19:52:04","slug":"reflexologie-plantaire","status":"publish","type":"page","link":"https:\/\/xn--gaillardsantnaturelle-m5b.fr\/index.php\/reflexologie-plantaire\/","title":{"rendered":"R\u00e9flexologie plantaire"},"content":{"rendered":"\t\t<div data-elementor-type=\"wp-page\" data-elementor-id=\"24\" class=\"elementor elementor-24\">\n\t\t\t\t<div class=\"elementor-element elementor-element-fdc8078 e-flex e-con-boxed e-con e-parent\" data-id=\"fdc8078\" data-element_type=\"container\">\n\t\t\t\t\t<div class=\"e-con-inner\">\n\t\t\t\t<div class=\"elementor-element elementor-element-c33357a elementor-widget elementor-widget-spacer\" data-id=\"c33357a\" data-element_type=\"widget\" data-widget_type=\"spacer.default\">\n\t\t\t\t<div class=\"elementor-widget-container\">\n\t\t\t\t\t\t\t<div class=\"elementor-spacer\">\n\t\t\t<div class=\"elementor-spacer-inner\"><\/div>\n\t\t<\/div>\n\t\t\t\t\t\t<\/div>\n\t\t\t\t<\/div>\n\t\t\t\t\t<\/div>\n\t\t\t\t<\/div>\n\t\t<div class=\"elementor-element elementor-element-31ec6d2 e-flex e-con-boxed e-con e-parent\" data-id=\"31ec6d2\" data-element_type=\"container\">\n\t\t\t\t\t<div class=\"e-con-inner\">\n\t\t\t\t<div class=\"elementor-element elementor-element-dcd2342 elementor-widget elementor-widget-heading\" data-id=\"dcd2342\" data-element_type=\"widget\" data-widget_type=\"heading.default\">\n\t\t\t\t<div class=\"elementor-widget-container\">\n\t\t\t\t\t<h2 class=\"elementor-heading-title elementor-size-default\">R\u00e9flexologie Plantaire : Un Voyage vers l\u2019\u00c9quilibre et le Bien-\u00eatre<\/h2>\t\t\t\t<\/div>\n\t\t\t\t<\/div>\n\t\t\t\t<div class=\"elementor-element elementor-element-558d363 elementor-widget elementor-widget-heading\" data-id=\"558d363\" data-element_type=\"widget\" data-widget_type=\"heading.default\">\n\t\t\t\t<div class=\"elementor-widget-container\">\n\t\t\t\t\t<h3 class=\"elementor-heading-title elementor-size-default\">\"Le pied est le miroir du corps\"<\/h3>\t\t\t\t<\/div>\n\t\t\t\t<\/div>\n\t\t\t\t\t<\/div>\n\t\t\t\t<\/div>\n\t\t<div class=\"elementor-element elementor-element-257ae0c e-flex e-con-boxed e-con e-parent\" data-id=\"257ae0c\" data-element_type=\"container\">\n\t\t\t\t\t<div class=\"e-con-inner\">\n\t\t\t\t<div class=\"elementor-element elementor-element-e896ef8 elementor-arrows-position-outside elementor-widget__width-initial elementor-pagination-position-outside elementor-widget elementor-widget-image-carousel\" data-id=\"e896ef8\" data-element_type=\"widget\" data-settings=\"{&quot;slides_to_show&quot;:&quot;1&quot;,&quot;effect&quot;:&quot;fade&quot;,&quot;autoplay_speed&quot;:2000,&quot;navigation&quot;:&quot;both&quot;,&quot;autoplay&quot;:&quot;yes&quot;,&quot;pause_on_hover&quot;:&quot;yes&quot;,&quot;pause_on_interaction&quot;:&quot;yes&quot;,&quot;infinite&quot;:&quot;yes&quot;,&quot;speed&quot;:500}\" data-widget_type=\"image-carousel.default\">\n\t\t\t\t<div class=\"elementor-widget-container\">\n\t\t\t\t\t\t\t<div class=\"elementor-image-carousel-wrapper swiper\" role=\"region\" aria-roledescription=\"carousel\" aria-label=\"Carrousel d\u2019images\" dir=\"ltr\">\n\t\t\t<div class=\"elementor-image-carousel swiper-wrapper\" aria-live=\"off\">\n\t\t\t\t\t\t\t\t<div class=\"swiper-slide\" role=\"group\" aria-roledescription=\"slide\" aria-label=\"1 sur 6\"><figure class=\"swiper-slide-inner\"><img decoding=\"async\" class=\"swiper-slide-image\" src=\"https:\/\/xn--gaillardsantnaturelle-m5b.fr\/wp-content\/uploads\/2025\/02\/IMG_20241202_151820-225x300.jpg\" alt=\"IMG_20241202_151820\" \/><\/figure><\/div><div class=\"swiper-slide\" role=\"group\" aria-roledescription=\"slide\" aria-label=\"2 sur 6\"><figure class=\"swiper-slide-inner\"><img decoding=\"async\" class=\"swiper-slide-image\" src=\"https:\/\/xn--gaillardsantnaturelle-m5b.fr\/wp-content\/uploads\/2025\/02\/IMG_20241202_151721-300x225.jpg\" alt=\"IMG_20241202_151721\" \/><\/figure><\/div><div class=\"swiper-slide\" role=\"group\" aria-roledescription=\"slide\" aria-label=\"3 sur 6\"><figure class=\"swiper-slide-inner\"><img decoding=\"async\" class=\"swiper-slide-image\" src=\"https:\/\/xn--gaillardsantnaturelle-m5b.fr\/wp-content\/uploads\/2025\/04\/Copie-de-Reflexologie-plantaire-JG-300x300.png\" alt=\"Copie de Reflexologie plantaire JG\" \/><\/figure><\/div><div class=\"swiper-slide\" role=\"group\" aria-roledescription=\"slide\" aria-label=\"4 sur 6\"><figure class=\"swiper-slide-inner\"><img decoding=\"async\" class=\"swiper-slide-image\" src=\"https:\/\/xn--gaillardsantnaturelle-m5b.fr\/wp-content\/uploads\/2025\/02\/IMG_8317-300x225.jpg\" alt=\"IMG_8317\" \/><\/figure><\/div><div class=\"swiper-slide\" role=\"group\" aria-roledescription=\"slide\" aria-label=\"5 sur 6\"><figure class=\"swiper-slide-inner\"><img decoding=\"async\" class=\"swiper-slide-image\" src=\"https:\/\/xn--gaillardsantnaturelle-m5b.fr\/wp-content\/uploads\/2025\/02\/IMG_20241202_151825-225x300.jpg\" alt=\"IMG_20241202_151825\" \/><\/figure><\/div><div class=\"swiper-slide\" role=\"group\" aria-roledescription=\"slide\" aria-label=\"6 sur 6\"><figure class=\"swiper-slide-inner\"><img decoding=\"async\" class=\"swiper-slide-image\" src=\"https:\/\/xn--gaillardsantnaturelle-m5b.fr\/wp-content\/uploads\/2025\/02\/PHOTO-PIEDS-300x200.webp\" alt=\"PHOTO PIEDS\" \/><\/figure><\/div>\t\t\t<\/div>\n\t\t\t\t\t\t\t\t\t\t\t\t<div class=\"elementor-swiper-button elementor-swiper-button-prev\" role=\"button\" tabindex=\"0\">\n\t\t\t\t\t\t<svg aria-hidden=\"true\" class=\"e-font-icon-svg e-eicon-chevron-left\" viewBox=\"0 0 1000 1000\" xmlns=\"http:\/\/www.w3.org\/2000\/svg\"><path d=\"M646 125C629 125 613 133 604 142L308 442C296 454 292 471 292 487 292 504 296 521 308 533L604 854C617 867 629 875 646 875 663 875 679 871 692 858 704 846 713 829 713 812 713 796 708 779 692 767L438 487 692 225C700 217 708 204 708 187 708 171 704 154 692 142 675 129 663 125 646 125Z\"><\/path><\/svg>\t\t\t\t\t<\/div>\n\t\t\t\t\t<div class=\"elementor-swiper-button elementor-swiper-button-next\" role=\"button\" tabindex=\"0\">\n\t\t\t\t\t\t<svg aria-hidden=\"true\" class=\"e-font-icon-svg e-eicon-chevron-right\" viewBox=\"0 0 1000 1000\" xmlns=\"http:\/\/www.w3.org\/2000\/svg\"><path d=\"M696 533C708 521 713 504 713 487 713 471 708 454 696 446L400 146C388 133 375 125 354 125 338 125 325 129 313 142 300 154 292 171 292 187 292 204 296 221 308 233L563 492 304 771C292 783 288 800 288 817 288 833 296 850 308 863 321 871 338 875 354 875 371 875 388 867 400 854L696 533Z\"><\/path><\/svg>\t\t\t\t\t<\/div>\n\t\t\t\t\n\t\t\t\t\t\t\t\t\t<div class=\"swiper-pagination\"><\/div>\n\t\t\t\t\t\t\t\t\t<\/div>\n\t\t\t\t\t\t<\/div>\n\t\t\t\t<\/div>\n\t\t\t\t\t<\/div>\n\t\t\t\t<\/div>\n\t\t<div class=\"elementor-element elementor-element-e558592 e-flex e-con-boxed e-con e-parent\" data-id=\"e558592\" data-element_type=\"container\">\n\t\t\t\t\t<div class=\"e-con-inner\">\n\t\t\t\t<div class=\"elementor-element elementor-element-b3128d7 elementor-widget elementor-widget-spacer\" data-id=\"b3128d7\" data-element_type=\"widget\" data-widget_type=\"spacer.default\">\n\t\t\t\t<div class=\"elementor-widget-container\">\n\t\t\t\t\t\t\t<div class=\"elementor-spacer\">\n\t\t\t<div class=\"elementor-spacer-inner\"><\/div>\n\t\t<\/div>\n\t\t\t\t\t\t<\/div>\n\t\t\t\t<\/div>\n\t\t\t\t<div class=\"elementor-element elementor-element-2f6252a elementor-widget elementor-widget-text-editor\" data-id=\"2f6252a\" data-element_type=\"widget\" data-widget_type=\"text-editor.default\">\n\t\t\t\t<div class=\"elementor-widget-container\">\n\t\t\t\t\t\t\t\t\t<h4 data-start=\"457\" data-end=\"513\"><strong data-start=\"461\" data-end=\"511\">Un peu d&rsquo;histoire<\/strong><\/h4><p>Cette pratique existe depuis des mill\u00e9naires. On retrouve des traces en \u00c9gypte ancienne, en Chine et en Inde. En Occident, c\u2019est au d\u00e9but du XXe si\u00e8cle qu\u2019elle s\u2019est d\u00e9velopp\u00e9e, notamment gr\u00e2ce au Dr William Fitzgerald, puis \u00e0 Eunice Ingham, qui a cartographi\u00e9 les zones r\u00e9flexes des pieds.<\/p><h4 data-start=\"457\" data-end=\"513\"><strong data-start=\"461\" data-end=\"511\">Comment fonctionne la r\u00e9flexologie plantaire ?<\/strong><\/h4><p>La r\u00e9flexologie plantaire est une technique d\u2019acupression des zones r\u00e9flexes situ\u00e9es au niveau du pied. (Chaque zone r\u00e9flexe correspond \u00e0 un organe).<\/p><p>Elle stimule les m\u00e9canismes d\u2019auto-r\u00e9gulation, elle est \u00e0 la fois pr\u00e9ventive, curative, et relaxante.<\/p><h4 data-start=\"787\" data-end=\"839\"><strong data-start=\"791\" data-end=\"837\">Les bienfaits de la r\u00e9flexologie plantaire<\/strong><\/h4><p>Les indications :<\/p><ul data-start=\"841\" data-end=\"1516\"><li>Douleurs musculaires, tensions nerveuses<\/li><li>Gestion du stress, angoisses, troubles du sommeil, fatigue<\/li><li>Stimulation du syst\u00e8me immunitaire<\/li><li>R\u00e9gulation des troubles hormonaux<\/li><li>Troubles digestifs<\/li><li>Probl\u00e8mes veineux et lymphatiques<\/li><\/ul><p>Les contre-indications :<\/p><ul data-start=\"841\" data-end=\"1516\"><li>Femmes enceintes<\/li><li>Probl\u00e8mes cardiovasculaires r\u00e9cents<\/li><\/ul><h4 data-start=\"1518\" data-end=\"1559\"><strong data-start=\"1522\" data-end=\"1557\">Une approche douce et naturelle<\/strong><\/h4><p data-start=\"1561\" data-end=\"1834\">La r\u00e9flexologie plantaire est une m\u00e9thode douce, accessible \u00e0 tous, qui s\u2019int\u00e8gre parfaitement dans une d\u00e9marche de bien-\u00eatre et de pr\u00e9vention. Elle ne remplace pas un traitement m\u00e9dical, mais vient en compl\u00e9ment pour soutenir l\u2019organisme et optimiser son fonctionnement.<\/p><h4 data-start=\"1518\" data-end=\"1559\"><strong data-start=\"1522\" data-end=\"1557\">Tarif<\/strong><\/h4><p data-start=\"1561\" data-end=\"1834\">S\u00e9ance environ 1 heure : 50 euros<\/p><p data-start=\"1561\" data-end=\"1834\">Je pr\u00e9conise, pour les troubles aigus, 3 s\u00e9ances \u00e0 15 jours d&rsquo;\u00e9cart pour un montant de 120 euros payable en totalit\u00e9 \u00e0 la premi\u00e8re s\u00e9ance<\/p><h4 data-start=\"1836\" data-end=\"1892\"><strong data-start=\"1840\" data-end=\"1890\">Offrez-vous un moment de d\u00e9tente et d\u2019harmonie<\/strong><\/h4><p data-start=\"1894\" data-end=\"2062\">Vous souhaitez exp\u00e9rimenter les bienfaits de la r\u00e9flexologie plantaire ? Je vous accueille dans un cadre apaisant pour une s\u00e9ance personnalis\u00e9e adapt\u00e9e \u00e0 vos besoins.<\/p><p data-start=\"2064\" data-end=\"2138\">N\u2019h\u00e9sitez pas \u00e0 me contacter pour prendre rendez-vous ou en savoir plus.<\/p>\t\t\t\t\t\t\t\t<\/div>\n\t\t\t\t<\/div>\n\t\t\t\t\t<\/div>\n\t\t\t\t<\/div>\n\t\t<div class=\"elementor-element elementor-element-98f130d e-flex e-con-boxed e-con e-parent\" data-id=\"98f130d\" data-element_type=\"container\">\n\t\t\t\t\t<div class=\"e-con-inner\">\n\t\t\t\t<div class=\"elementor-element elementor-element-ebdf29b elementor-align-center elementor-widget elementor-widget-button\" data-id=\"ebdf29b\" data-element_type=\"widget\" data-widget_type=\"button.default\">\n\t\t\t\t<div class=\"elementor-widget-container\">\n\t\t\t\t\t\t\t\t\t<div class=\"elementor-button-wrapper\">\n\t\t\t\t\t<a class=\"elementor-button elementor-button-link elementor-size-sm elementor-animation-bounce-in\" href=\"https:\/\/gaillardsant\u00e9naturelle.fr\/index.php\/contact\/\">\n\t\t\t\t\t\t<span class=\"elementor-button-content-wrapper\">\n\t\t\t\t\t\t\t\t\t<span class=\"elementor-button-text\">Contactez-moi<\/span>\n\t\t\t\t\t<\/span>\n\t\t\t\t\t<\/a>\n\t\t\t\t<\/div>\n\t\t\t\t\t\t\t\t<\/div>\n\t\t\t\t<\/div>\n\t\t\t\t<div class=\"elementor-element elementor-element-019bfe1 elementor-widget elementor-widget-spacer\" data-id=\"019bfe1\" data-element_type=\"widget\" data-widget_type=\"spacer.default\">\n\t\t\t\t<div class=\"elementor-widget-container\">\n\t\t\t\t\t\t\t<div class=\"elementor-spacer\">\n\t\t\t<div class=\"elementor-spacer-inner\"><\/div>\n\t\t<\/div>\n\t\t\t\t\t\t<\/div>\n\t\t\t\t<\/div>\n\t\t\t\t\t<\/div>\n\t\t\t\t<\/div>\n\t\t\t\t<\/div>\n\t\t","protected":false},"excerpt":{"rendered":"<p>R\u00e9flexologie Plantaire : Un Voyage vers l\u2019\u00c9quilibre et le Bien-\u00eatre \u00ab\u00a0Le pied est le miroir du corps\u00a0\u00bb Un peu d&rsquo;histoire Cette pratique existe depuis des mill\u00e9naires. On retrouve des traces en \u00c9gypte ancienne, en Chine et en Inde. En Occident, c\u2019est au d\u00e9but du XXe si\u00e8cle qu\u2019elle s\u2019est d\u00e9velopp\u00e9e, notamment gr\u00e2ce au Dr William Fitzgerald,&#8230;<\/p>\n","protected":false},"author":1,"featured_media":0,"parent":0,"menu_order":0,"comment_status":"closed","ping_status":"closed","template":"","meta":{"_kad_post_transparent":"","_kad_post_title":"hide","_kad_post_layout":"fullwidth","_kad_post_sidebar_id":"","_kad_post_content_style":"unboxed","_kad_post_vertical_padding":"hide","_kad_post_feature":"hide","_kad_post_feature_position":"","_kad_post_header":false,"_kad_post_footer":false,"footnotes":""},"class_list":["post-24","page","type-page","status-publish","hentry"],"yoast_head":"<!-- This site is optimized with the Yoast SEO plugin v24.5 - https:\/\/yoast.com\/wordpress\/plugins\/seo\/ -->\n<title>R\u00e9flexologie plantaire - Jo\u00eblle GAILLARD<\/title>\n<meta name=\"robots\" content=\"index, follow, max-snippet:-1, max-image-preview:large, max-video-preview:-1\" \/>\n<link rel=\"canonical\" href=\"https:\/\/xn--gaillardsantnaturelle-m5b.fr\/index.php\/reflexologie-plantaire\/\" \/>\n<meta property=\"og:locale\" content=\"fr_FR\" \/>\n<meta property=\"og:type\" content=\"article\" \/>\n<meta property=\"og:title\" content=\"R\u00e9flexologie plantaire - Jo\u00eblle GAILLARD\" \/>\n<meta property=\"og:description\" content=\"R\u00e9flexologie Plantaire : Un Voyage vers l\u2019\u00c9quilibre et le Bien-\u00eatre \u00ab\u00a0Le pied est le miroir du corps\u00a0\u00bb Un peu d&rsquo;histoire Cette pratique existe depuis des mill\u00e9naires. On retrouve des traces en \u00c9gypte ancienne, en Chine et en Inde. En Occident, c\u2019est au d\u00e9but du XXe si\u00e8cle qu\u2019elle s\u2019est d\u00e9velopp\u00e9e, notamment gr\u00e2ce au Dr William Fitzgerald,...\" \/>\n<meta property=\"og:url\" content=\"https:\/\/xn--gaillardsantnaturelle-m5b.fr\/index.php\/reflexologie-plantaire\/\" \/>\n<meta property=\"og:site_name\" content=\"Jo\u00eblle GAILLARD\" \/>\n<meta property=\"article:modified_time\" content=\"2025-04-24T19:52:04+00:00\" \/>\n<meta property=\"og:image\" content=\"https:\/\/xn--gaillardsantnaturelle-m5b.fr\/wp-content\/uploads\/2025\/02\/IMG_20241202_151820-225x300.jpg\" \/>\n<meta name=\"twitter:card\" content=\"summary_large_image\" \/>\n<meta name=\"twitter:label1\" content=\"Dur\u00e9e de lecture estim\u00e9e\" \/>\n\t<meta name=\"twitter:data1\" content=\"3 minutes\" \/>\n<script type=\"application\/ld+json\" class=\"yoast-schema-graph\">{\"@context\":\"https:\/\/schema.org\",\"@graph\":[{\"@type\":\"WebPage\",\"@id\":\"https:\/\/xn--gaillardsantnaturelle-m5b.fr\/index.php\/reflexologie-plantaire\/\",\"url\":\"https:\/\/xn--gaillardsantnaturelle-m5b.fr\/index.php\/reflexologie-plantaire\/\",\"name\":\"R\u00e9flexologie plantaire - Jo\u00eblle GAILLARD\",\"isPartOf\":{\"@id\":\"https:\/\/xn--gaillardsantnaturelle-m5b.fr\/#website\"},\"primaryImageOfPage\":{\"@id\":\"https:\/\/xn--gaillardsantnaturelle-m5b.fr\/index.php\/reflexologie-plantaire\/#primaryimage\"},\"image\":{\"@id\":\"https:\/\/xn--gaillardsantnaturelle-m5b.fr\/index.php\/reflexologie-plantaire\/#primaryimage\"},\"thumbnailUrl\":\"https:\/\/xn--gaillardsantnaturelle-m5b.fr\/wp-content\/uploads\/2025\/02\/IMG_20241202_151820-225x300.jpg\",\"datePublished\":\"2025-02-24T10:00:41+00:00\",\"dateModified\":\"2025-04-24T19:52:04+00:00\",\"breadcrumb\":{\"@id\":\"https:\/\/xn--gaillardsantnaturelle-m5b.fr\/index.php\/reflexologie-plantaire\/#breadcrumb\"},\"inLanguage\":\"fr-FR\",\"potentialAction\":[{\"@type\":\"ReadAction\",\"target\":[\"https:\/\/xn--gaillardsantnaturelle-m5b.fr\/index.php\/reflexologie-plantaire\/\"]}]},{\"@type\":\"ImageObject\",\"inLanguage\":\"fr-FR\",\"@id\":\"https:\/\/xn--gaillardsantnaturelle-m5b.fr\/index.php\/reflexologie-plantaire\/#primaryimage\",\"url\":\"https:\/\/xn--gaillardsantnaturelle-m5b.fr\/wp-content\/uploads\/2025\/02\/IMG_20241202_151820-scaled.jpg\",\"contentUrl\":\"https:\/\/xn--gaillardsantnaturelle-m5b.fr\/wp-content\/uploads\/2025\/02\/IMG_20241202_151820-scaled.jpg\",\"width\":1920,\"height\":2560},{\"@type\":\"BreadcrumbList\",\"@id\":\"https:\/\/xn--gaillardsantnaturelle-m5b.fr\/index.php\/reflexologie-plantaire\/#breadcrumb\",\"itemListElement\":[{\"@type\":\"ListItem\",\"position\":1,\"name\":\"Accueil\",\"item\":\"https:\/\/xn--gaillardsantnaturelle-m5b.fr\/\"},{\"@type\":\"ListItem\",\"position\":2,\"name\":\"R\u00e9flexologie plantaire\"}]},{\"@type\":\"WebSite\",\"@id\":\"https:\/\/xn--gaillardsantnaturelle-m5b.fr\/#website\",\"url\":\"https:\/\/xn--gaillardsantnaturelle-m5b.fr\/\",\"name\":\"Jo\u00eblle GAILLARD\",\"description\":\"Praticienne en sant\u00e9 naturelle\",\"publisher\":{\"@id\":\"https:\/\/xn--gaillardsantnaturelle-m5b.fr\/#organization\"},\"potentialAction\":[{\"@type\":\"SearchAction\",\"target\":{\"@type\":\"EntryPoint\",\"urlTemplate\":\"https:\/\/xn--gaillardsantnaturelle-m5b.fr\/?s={search_term_string}\"},\"query-input\":{\"@type\":\"PropertyValueSpecification\",\"valueRequired\":true,\"valueName\":\"search_term_string\"}}],\"inLanguage\":\"fr-FR\"},{\"@type\":\"Organization\",\"@id\":\"https:\/\/xn--gaillardsantnaturelle-m5b.fr\/#organization\",\"name\":\"Jo\u00eblle GAILLARD\",\"url\":\"https:\/\/xn--gaillardsantnaturelle-m5b.fr\/\",\"logo\":{\"@type\":\"ImageObject\",\"inLanguage\":\"fr-FR\",\"@id\":\"https:\/\/xn--gaillardsantnaturelle-m5b.fr\/#\/schema\/logo\/image\/\",\"url\":\"https:\/\/xn--gaillardsantnaturelle-m5b.fr\/wp-content\/uploads\/2025\/07\/cropped-Logo-JG.png\",\"contentUrl\":\"https:\/\/xn--gaillardsantnaturelle-m5b.fr\/wp-content\/uploads\/2025\/07\/cropped-Logo-JG.png\",\"width\":1080,\"height\":953,\"caption\":\"Jo\u00eblle GAILLARD\"},\"image\":{\"@id\":\"https:\/\/xn--gaillardsantnaturelle-m5b.fr\/#\/schema\/logo\/image\/\"}}]}<\/script>\n<!-- \/ Yoast SEO plugin. -->","yoast_head_json":{"title":"R\u00e9flexologie plantaire - Jo\u00eblle GAILLARD","robots":{"index":"index","follow":"follow","max-snippet":"max-snippet:-1","max-image-preview":"max-image-preview:large","max-video-preview":"max-video-preview:-1"},"canonical":"https:\/\/xn--gaillardsantnaturelle-m5b.fr\/index.php\/reflexologie-plantaire\/","og_locale":"fr_FR","og_type":"article","og_title":"R\u00e9flexologie plantaire - Jo\u00eblle GAILLARD","og_description":"R\u00e9flexologie Plantaire : Un Voyage vers l\u2019\u00c9quilibre et le Bien-\u00eatre \u00ab\u00a0Le pied est le miroir du corps\u00a0\u00bb Un peu d&rsquo;histoire Cette pratique existe depuis des mill\u00e9naires. On retrouve des traces en \u00c9gypte ancienne, en Chine et en Inde. En Occident, c\u2019est au d\u00e9but du XXe si\u00e8cle qu\u2019elle s\u2019est d\u00e9velopp\u00e9e, notamment gr\u00e2ce au Dr William Fitzgerald,...","og_url":"https:\/\/xn--gaillardsantnaturelle-m5b.fr\/index.php\/reflexologie-plantaire\/","og_site_name":"Jo\u00eblle GAILLARD","article_modified_time":"2025-04-24T19:52:04+00:00","og_image":[{"url":"https:\/\/xn--gaillardsantnaturelle-m5b.fr\/wp-content\/uploads\/2025\/02\/IMG_20241202_151820-225x300.jpg","type":"","width":"","height":""}],"twitter_card":"summary_large_image","twitter_misc":{"Dur\u00e9e de lecture estim\u00e9e":"3 minutes"},"schema":{"@context":"https:\/\/schema.org","@graph":[{"@type":"WebPage","@id":"https:\/\/xn--gaillardsantnaturelle-m5b.fr\/index.php\/reflexologie-plantaire\/","url":"https:\/\/xn--gaillardsantnaturelle-m5b.fr\/index.php\/reflexologie-plantaire\/","name":"R\u00e9flexologie plantaire - Jo\u00eblle GAILLARD","isPartOf":{"@id":"https:\/\/xn--gaillardsantnaturelle-m5b.fr\/#website"},"primaryImageOfPage":{"@id":"https:\/\/xn--gaillardsantnaturelle-m5b.fr\/index.php\/reflexologie-plantaire\/#primaryimage"},"image":{"@id":"https:\/\/xn--gaillardsantnaturelle-m5b.fr\/index.php\/reflexologie-plantaire\/#primaryimage"},"thumbnailUrl":"https:\/\/xn--gaillardsantnaturelle-m5b.fr\/wp-content\/uploads\/2025\/02\/IMG_20241202_151820-225x300.jpg","datePublished":"2025-02-24T10:00:41+00:00","dateModified":"2025-04-24T19:52:04+00:00","breadcrumb":{"@id":"https:\/\/xn--gaillardsantnaturelle-m5b.fr\/index.php\/reflexologie-plantaire\/#breadcrumb"},"inLanguage":"fr-FR","potentialAction":[{"@type":"ReadAction","target":["https:\/\/xn--gaillardsantnaturelle-m5b.fr\/index.php\/reflexologie-plantaire\/"]}]},{"@type":"ImageObject","inLanguage":"fr-FR","@id":"https:\/\/xn--gaillardsantnaturelle-m5b.fr\/index.php\/reflexologie-plantaire\/#primaryimage","url":"https:\/\/xn--gaillardsantnaturelle-m5b.fr\/wp-content\/uploads\/2025\/02\/IMG_20241202_151820-scaled.jpg","contentUrl":"https:\/\/xn--gaillardsantnaturelle-m5b.fr\/wp-content\/uploads\/2025\/02\/IMG_20241202_151820-scaled.jpg","width":1920,"height":2560},{"@type":"BreadcrumbList","@id":"https:\/\/xn--gaillardsantnaturelle-m5b.fr\/index.php\/reflexologie-plantaire\/#breadcrumb","itemListElement":[{"@type":"ListItem","position":1,"name":"Accueil","item":"https:\/\/xn--gaillardsantnaturelle-m5b.fr\/"},{"@type":"ListItem","position":2,"name":"R\u00e9flexologie plantaire"}]},{"@type":"WebSite","@id":"https:\/\/xn--gaillardsantnaturelle-m5b.fr\/#website","url":"https:\/\/xn--gaillardsantnaturelle-m5b.fr\/","name":"Jo\u00eblle GAILLARD","description":"Praticienne en sant\u00e9 naturelle","publisher":{"@id":"https:\/\/xn--gaillardsantnaturelle-m5b.fr\/#organization"},"potentialAction":[{"@type":"SearchAction","target":{"@type":"EntryPoint","urlTemplate":"https:\/\/xn--gaillardsantnaturelle-m5b.fr\/?s={search_term_string}"},"query-input":{"@type":"PropertyValueSpecification","valueRequired":true,"valueName":"search_term_string"}}],"inLanguage":"fr-FR"},{"@type":"Organization","@id":"https:\/\/xn--gaillardsantnaturelle-m5b.fr\/#organization","name":"Jo\u00eblle GAILLARD","url":"https:\/\/xn--gaillardsantnaturelle-m5b.fr\/","logo":{"@type":"ImageObject","inLanguage":"fr-FR","@id":"https:\/\/xn--gaillardsantnaturelle-m5b.fr\/#\/schema\/logo\/image\/","url":"https:\/\/xn--gaillardsantnaturelle-m5b.fr\/wp-content\/uploads\/2025\/07\/cropped-Logo-JG.png","contentUrl":"https:\/\/xn--gaillardsantnaturelle-m5b.fr\/wp-content\/uploads\/2025\/07\/cropped-Logo-JG.png","width":1080,"height":953,"caption":"Jo\u00eblle GAILLARD"},"image":{"@id":"https:\/\/xn--gaillardsantnaturelle-m5b.fr\/#\/schema\/logo\/image\/"}}]}},"_links":{"self":[{"href":"https:\/\/xn--gaillardsantnaturelle-m5b.fr\/index.php\/wp-json\/wp\/v2\/pages\/24","targetHints":{"allow":["GET"]}}],"collection":[{"href":"https:\/\/xn--gaillardsantnaturelle-m5b.fr\/index.php\/wp-json\/wp\/v2\/pages"}],"about":[{"href":"https:\/\/xn--gaillardsantnaturelle-m5b.fr\/index.php\/wp-json\/wp\/v2\/types\/page"}],"author":[{"embeddable":true,"href":"https:\/\/xn--gaillardsantnaturelle-m5b.fr\/index.php\/wp-json\/wp\/v2\/users\/1"}],"replies":[{"embeddable":true,"href":"https:\/\/xn--gaillardsantnaturelle-m5b.fr\/index.php\/wp-json\/wp\/v2\/comments?post=24"}],"version-history":[{"count":19,"href":"https:\/\/xn--gaillardsantnaturelle-m5b.fr\/index.php\/wp-json\/wp\/v2\/pages\/24\/revisions"}],"predecessor-version":[{"id":391,"href":"https:\/\/xn--gaillardsantnaturelle-m5b.fr\/index.php\/wp-json\/wp\/v2\/pages\/24\/revisions\/391"}],"wp:attachment":[{"href":"https:\/\/xn--gaillardsantnaturelle-m5b.fr\/index.php\/wp-json\/wp\/v2\/media?parent=24"}],"curies":[{"name":"wp","href":"https:\/\/api.w.org\/{rel}","templated":true}]}}