{"id":26,"date":"2025-02-24T11:00:59","date_gmt":"2025-02-24T10:00:59","guid":{"rendered":"https:\/\/gaillardsant\u00e9naturelle.fr\/?page_id=26"},"modified":"2026-01-28T16:48:53","modified_gmt":"2026-01-28T15:48:53","slug":"reflexologie-auriculaire","status":"publish","type":"page","link":"https:\/\/xn--gaillardsantnaturelle-m5b.fr\/index.php\/reflexologie-auriculaire\/","title":{"rendered":"R\u00e9flexologie auriculaire"},"content":{"rendered":"\t\t<div data-elementor-type=\"wp-page\" data-elementor-id=\"26\" class=\"elementor elementor-26\">\n\t\t\t\t<div class=\"elementor-element elementor-element-754fe5e e-flex e-con-boxed e-con e-parent\" data-id=\"754fe5e\" data-element_type=\"container\">\n\t\t\t\t\t<div class=\"e-con-inner\">\n\t\t\t\t<div class=\"elementor-element elementor-element-e645584 elementor-widget elementor-widget-spacer\" data-id=\"e645584\" data-element_type=\"widget\" data-widget_type=\"spacer.default\">\n\t\t\t\t<div class=\"elementor-widget-container\">\n\t\t\t\t\t\t\t<div class=\"elementor-spacer\">\n\t\t\t<div class=\"elementor-spacer-inner\"><\/div>\n\t\t<\/div>\n\t\t\t\t\t\t<\/div>\n\t\t\t\t<\/div>\n\t\t\t\t\t<\/div>\n\t\t\t\t<\/div>\n\t\t<div class=\"elementor-element elementor-element-e6990bc e-flex e-con-boxed e-con e-parent\" data-id=\"e6990bc\" data-element_type=\"container\">\n\t\t\t\t\t<div class=\"e-con-inner\">\n\t\t\t\t<div class=\"elementor-element elementor-element-1699342 elementor-widget elementor-widget-heading\" data-id=\"1699342\" data-element_type=\"widget\" data-widget_type=\"heading.default\">\n\t\t\t\t<div class=\"elementor-widget-container\">\n\t\t\t\t\t<h2 class=\"elementor-heading-title elementor-size-default\">R\u00e9flexologie Auriculaire : Une Th\u00e9rapie Douce pour un \u00c9quilibre Global<\/h2>\t\t\t\t<\/div>\n\t\t\t\t<\/div>\n\t\t\t\t\t<\/div>\n\t\t\t\t<\/div>\n\t\t<div class=\"elementor-element elementor-element-f4878b6 e-flex e-con-boxed e-con e-parent\" data-id=\"f4878b6\" data-element_type=\"container\">\n\t\t\t\t\t<div class=\"e-con-inner\">\n\t\t\t\t<div class=\"elementor-element elementor-element-25cd298 gallery-spacing-custom elementor-widget elementor-widget-image-gallery\" data-id=\"25cd298\" data-element_type=\"widget\" data-widget_type=\"image-gallery.default\">\n\t\t\t\t<div class=\"elementor-widget-container\">\n\t\t\t\t\t\t\t<div class=\"elementor-image-gallery\">\n\t\t\t<div id='gallery-1' class='gallery galleryid-26 gallery-columns-2 gallery-size-thumbnail'><figure class='gallery-item'>\n\t\t\t<div class='gallery-icon landscape'>\n\t\t\t\t<img decoding=\"async\" width=\"150\" height=\"150\" src=\"https:\/\/xn--gaillardsantnaturelle-m5b.fr\/wp-content\/uploads\/2025\/04\/Oreille-150x150.png\" class=\"attachment-thumbnail size-thumbnail\" alt=\"\" srcset=\"https:\/\/xn--gaillardsantnaturelle-m5b.fr\/wp-content\/uploads\/2025\/04\/Oreille-150x150.png 150w, https:\/\/xn--gaillardsantnaturelle-m5b.fr\/wp-content\/uploads\/2025\/04\/Oreille-300x300.png 300w, https:\/\/xn--gaillardsantnaturelle-m5b.fr\/wp-content\/uploads\/2025\/04\/Oreille-1024x1024.png 1024w, https:\/\/xn--gaillardsantnaturelle-m5b.fr\/wp-content\/uploads\/2025\/04\/Oreille-768x768.png 768w, https:\/\/xn--gaillardsantnaturelle-m5b.fr\/wp-content\/uploads\/2025\/04\/Oreille.png 1080w\" sizes=\"(max-width: 150px) 100vw, 150px\" \/>\n\t\t\t<\/div><\/figure><figure class='gallery-item'>\n\t\t\t<div class='gallery-icon landscape'>\n\t\t\t\t<img decoding=\"async\" width=\"150\" height=\"150\" src=\"https:\/\/xn--gaillardsantnaturelle-m5b.fr\/wp-content\/uploads\/2025\/07\/Oreille-1-150x150.png\" class=\"attachment-thumbnail size-thumbnail\" alt=\"\" srcset=\"https:\/\/xn--gaillardsantnaturelle-m5b.fr\/wp-content\/uploads\/2025\/07\/Oreille-1-150x150.png 150w, https:\/\/xn--gaillardsantnaturelle-m5b.fr\/wp-content\/uploads\/2025\/07\/Oreille-1-300x300.png 300w, https:\/\/xn--gaillardsantnaturelle-m5b.fr\/wp-content\/uploads\/2025\/07\/Oreille-1-1024x1024.png 1024w, https:\/\/xn--gaillardsantnaturelle-m5b.fr\/wp-content\/uploads\/2025\/07\/Oreille-1-768x768.png 768w, https:\/\/xn--gaillardsantnaturelle-m5b.fr\/wp-content\/uploads\/2025\/07\/Oreille-1.png 1080w\" sizes=\"(max-width: 150px) 100vw, 150px\" \/>\n\t\t\t<\/div><\/figure>\n\t\t<\/div>\n\t\t<\/div>\n\t\t\t\t\t\t<\/div>\n\t\t\t\t<\/div>\n\t\t\t\t<div class=\"elementor-element elementor-element-4b596b5 elementor-widget elementor-widget-text-editor\" data-id=\"4b596b5\" data-element_type=\"widget\" data-widget_type=\"text-editor.default\">\n\t\t\t\t<div class=\"elementor-widget-container\">\n\t\t\t\t\t\t\t\t\t<p data-start=\"85\" data-end=\"471\">La r\u00e9flexologie auriculaire est une technique bas\u00e9e sur la stimulation de points pr\u00e9cis situ\u00e9s sur le pavillon de l\u2019oreille.<br \/>Chaque point correspond \u00e0 une zone ou une fonction du corps (organes, syst\u00e8me nerveux, articulations, \u00e9motions\u2026). Cette m\u00e9thode a \u00e9t\u00e9 mise au point dans les ann\u00e9es 1950 par le Dr Paul Nogier, un m\u00e9decin lyonnais. Il d\u00e9couvre que l\u2019oreille refl\u00e8te une image invers\u00e9e du corps humain (comme un f\u0153tus repli\u00e9), et qu\u2019en stimulant certains points, on peut agir \u00e0 distance sur les douleurs, les troubles fonctionnels ou \u00e9motionnels.<\/p><h4 data-start=\"918\" data-end=\"972\"><strong data-start=\"922\" data-end=\"970\">Les bienfaits de la r\u00e9flexologie auriculaire<\/strong><\/h4><p>La r\u00e9flexologie auriculaire est particuli\u00e8rement utilis\u00e9e pour :<\/p><ul data-start=\"974\" data-end=\"1661\"><li data-start=\"974\" data-end=\"1099\">les douleurs chroniques ou aigu\u00ebs (dos, articulations\u2026)<\/li><li data-start=\"1100\" data-end=\"1234\">les troubles du sommeil, le stress, l\u2019anxi\u00e9t\u00e9<\/li><li data-start=\"1235\" data-end=\"1386\">les troubles digestifs<\/li><li data-start=\"1387\" data-end=\"1530\">les d\u00e9pendances (tabac, grignotage, sucre\u2026).<\/li><li data-start=\"1531\" data-end=\"1661\">les troubles hormonaux<\/li><li data-start=\"1531\" data-end=\"1661\"><p data-pm-slice=\"1 1 [&quot;list&quot;,{&quot;spread&quot;:false,&quot;start&quot;:1979,&quot;end&quot;:2551},&quot;regular_list_item&quot;,{&quot;start&quot;:2188,&quot;end&quot;:2317}]\">le soutien dans les r\u00e9gimes ou p\u00e9riodes de changement<\/p><\/li><\/ul><h4 data-start=\"1663\" data-end=\"1712\"><strong data-start=\"1667\" data-end=\"1710\">Une approche naturelle et personnalis\u00e9e<\/strong><\/h4><p>Une m\u00e9thode douce et naturelle. J\u2019utilise uniquement des magrains pour stimuler les zones r\u00e9flexes de l\u2019oreille.<\/p><p>La r\u00e9flexologie auriculaire s\u2019int\u00e8gre parfaitement dans une d\u00e9marche de sant\u00e9 naturelle et globale. Elle vient compl\u00e9ter mes autres pratiques comme la r\u00e9flexologie plantaire, les Fleurs de Bach ou la naturopathie.<\/p><h4 data-start=\"1992\" data-end=\"2036\"><strong data-start=\"1996\" data-end=\"2034\">Venez d\u00e9couvrir la r\u00e9flexologie auriculaire<\/strong><\/h4><p data-start=\"2038\" data-end=\"2185\">Je vous accueille pour une s\u00e9ance personnalis\u00e9e dans un cadre apaisant afin d\u00e9couvrir les bienfaits de cette m\u00e9thode.<\/p><p data-start=\"2038\" data-end=\"2185\">S\u00e9ance environ 1 heure : 60 euros<\/p><p data-start=\"2187\" data-end=\"2271\">N\u2019h\u00e9sitez pas \u00e0 me contacter pour plus d\u2019informations ou pour prendre rendez-vous.<\/p>\t\t\t\t\t\t\t\t<\/div>\n\t\t\t\t<\/div>\n\t\t\t\t\t<\/div>\n\t\t\t\t<\/div>\n\t\t<div class=\"elementor-element elementor-element-ff492be e-flex e-con-boxed e-con e-parent\" data-id=\"ff492be\" data-element_type=\"container\">\n\t\t\t\t\t<div class=\"e-con-inner\">\n\t\t\t\t<div class=\"elementor-element elementor-element-bf02b9b elementor-align-center elementor-widget elementor-widget-button\" data-id=\"bf02b9b\" data-element_type=\"widget\" data-widget_type=\"button.default\">\n\t\t\t\t<div class=\"elementor-widget-container\">\n\t\t\t\t\t\t\t\t\t<div class=\"elementor-button-wrapper\">\n\t\t\t\t\t<a class=\"elementor-button elementor-button-link elementor-size-sm elementor-animation-bounce-in\" href=\"https:\/\/gaillardsant\u00e9naturelle.fr\/index.php\/contact\/\">\n\t\t\t\t\t\t<span class=\"elementor-button-content-wrapper\">\n\t\t\t\t\t\t\t\t\t<span class=\"elementor-button-text\">Contactez-moi<\/span>\n\t\t\t\t\t<\/span>\n\t\t\t\t\t<\/a>\n\t\t\t\t<\/div>\n\t\t\t\t\t\t\t\t<\/div>\n\t\t\t\t<\/div>\n\t\t\t\t<div class=\"elementor-element elementor-element-517e186 elementor-widget elementor-widget-spacer\" data-id=\"517e186\" data-element_type=\"widget\" data-widget_type=\"spacer.default\">\n\t\t\t\t<div class=\"elementor-widget-container\">\n\t\t\t\t\t\t\t<div class=\"elementor-spacer\">\n\t\t\t<div class=\"elementor-spacer-inner\"><\/div>\n\t\t<\/div>\n\t\t\t\t\t\t<\/div>\n\t\t\t\t<\/div>\n\t\t\t\t\t<\/div>\n\t\t\t\t<\/div>\n\t\t\t\t<\/div>\n\t\t","protected":false},"excerpt":{"rendered":"<p>R\u00e9flexologie Auriculaire : Une Th\u00e9rapie Douce pour un \u00c9quilibre Global La r\u00e9flexologie auriculaire est une technique bas\u00e9e sur la stimulation de points pr\u00e9cis situ\u00e9s sur le pavillon de l\u2019oreille.Chaque point correspond \u00e0 une zone ou une fonction du corps (organes, syst\u00e8me nerveux, articulations, \u00e9motions\u2026). Cette m\u00e9thode a \u00e9t\u00e9 mise au point dans les ann\u00e9es 1950&#8230;<\/p>\n","protected":false},"author":1,"featured_media":0,"parent":0,"menu_order":0,"comment_status":"closed","ping_status":"closed","template":"","meta":{"_kad_post_transparent":"","_kad_post_title":"hide","_kad_post_layout":"fullwidth","_kad_post_sidebar_id":"","_kad_post_content_style":"unboxed","_kad_post_vertical_padding":"hide","_kad_post_feature":"hide","_kad_post_feature_position":"","_kad_post_header":false,"_kad_post_footer":false,"footnotes":""},"class_list":["post-26","page","type-page","status-publish","hentry"],"yoast_head":"<!-- This site is optimized with the Yoast SEO plugin v24.5 - https:\/\/yoast.com\/wordpress\/plugins\/seo\/ -->\n<title>R\u00e9flexologie auriculaire - Jo\u00eblle GAILLARD<\/title>\n<meta name=\"robots\" content=\"index, follow, max-snippet:-1, max-image-preview:large, max-video-preview:-1\" \/>\n<link rel=\"canonical\" href=\"https:\/\/xn--gaillardsantnaturelle-m5b.fr\/index.php\/reflexologie-auriculaire\/\" \/>\n<meta property=\"og:locale\" content=\"fr_FR\" \/>\n<meta property=\"og:type\" content=\"article\" \/>\n<meta property=\"og:title\" content=\"R\u00e9flexologie auriculaire - Jo\u00eblle GAILLARD\" \/>\n<meta property=\"og:description\" content=\"R\u00e9flexologie Auriculaire : Une Th\u00e9rapie Douce pour un \u00c9quilibre Global La r\u00e9flexologie auriculaire est une technique bas\u00e9e sur la stimulation de points pr\u00e9cis situ\u00e9s sur le pavillon de l\u2019oreille.Chaque point correspond \u00e0 une zone ou une fonction du corps (organes, syst\u00e8me nerveux, articulations, \u00e9motions\u2026). Cette m\u00e9thode a \u00e9t\u00e9 mise au point dans les ann\u00e9es 1950...\" \/>\n<meta property=\"og:url\" content=\"https:\/\/xn--gaillardsantnaturelle-m5b.fr\/index.php\/reflexologie-auriculaire\/\" \/>\n<meta property=\"og:site_name\" content=\"Jo\u00eblle GAILLARD\" \/>\n<meta property=\"article:modified_time\" content=\"2026-01-28T15:48:53+00:00\" \/>\n<meta property=\"og:image\" content=\"https:\/\/xn--gaillardsantnaturelle-m5b.fr\/wp-content\/uploads\/2025\/04\/Oreille-150x150.png\" \/>\n<meta name=\"twitter:card\" content=\"summary_large_image\" \/>\n<meta name=\"twitter:label1\" content=\"Dur\u00e9e de lecture estim\u00e9e\" \/>\n\t<meta name=\"twitter:data1\" content=\"2 minutes\" \/>\n<script type=\"application\/ld+json\" class=\"yoast-schema-graph\">{\"@context\":\"https:\/\/schema.org\",\"@graph\":[{\"@type\":\"WebPage\",\"@id\":\"https:\/\/xn--gaillardsantnaturelle-m5b.fr\/index.php\/reflexologie-auriculaire\/\",\"url\":\"https:\/\/xn--gaillardsantnaturelle-m5b.fr\/index.php\/reflexologie-auriculaire\/\",\"name\":\"R\u00e9flexologie auriculaire - Jo\u00eblle GAILLARD\",\"isPartOf\":{\"@id\":\"https:\/\/xn--gaillardsantnaturelle-m5b.fr\/#website\"},\"primaryImageOfPage\":{\"@id\":\"https:\/\/xn--gaillardsantnaturelle-m5b.fr\/index.php\/reflexologie-auriculaire\/#primaryimage\"},\"image\":{\"@id\":\"https:\/\/xn--gaillardsantnaturelle-m5b.fr\/index.php\/reflexologie-auriculaire\/#primaryimage\"},\"thumbnailUrl\":\"https:\/\/xn--gaillardsantnaturelle-m5b.fr\/wp-content\/uploads\/2025\/04\/Oreille-150x150.png\",\"datePublished\":\"2025-02-24T10:00:59+00:00\",\"dateModified\":\"2026-01-28T15:48:53+00:00\",\"breadcrumb\":{\"@id\":\"https:\/\/xn--gaillardsantnaturelle-m5b.fr\/index.php\/reflexologie-auriculaire\/#breadcrumb\"},\"inLanguage\":\"fr-FR\",\"potentialAction\":[{\"@type\":\"ReadAction\",\"target\":[\"https:\/\/xn--gaillardsantnaturelle-m5b.fr\/index.php\/reflexologie-auriculaire\/\"]}]},{\"@type\":\"ImageObject\",\"inLanguage\":\"fr-FR\",\"@id\":\"https:\/\/xn--gaillardsantnaturelle-m5b.fr\/index.php\/reflexologie-auriculaire\/#primaryimage\",\"url\":\"https:\/\/xn--gaillardsantnaturelle-m5b.fr\/wp-content\/uploads\/2025\/04\/Oreille.png\",\"contentUrl\":\"https:\/\/xn--gaillardsantnaturelle-m5b.fr\/wp-content\/uploads\/2025\/04\/Oreille.png\",\"width\":1080,\"height\":1080},{\"@type\":\"BreadcrumbList\",\"@id\":\"https:\/\/xn--gaillardsantnaturelle-m5b.fr\/index.php\/reflexologie-auriculaire\/#breadcrumb\",\"itemListElement\":[{\"@type\":\"ListItem\",\"position\":1,\"name\":\"Accueil\",\"item\":\"https:\/\/xn--gaillardsantnaturelle-m5b.fr\/\"},{\"@type\":\"ListItem\",\"position\":2,\"name\":\"R\u00e9flexologie auriculaire\"}]},{\"@type\":\"WebSite\",\"@id\":\"https:\/\/xn--gaillardsantnaturelle-m5b.fr\/#website\",\"url\":\"https:\/\/xn--gaillardsantnaturelle-m5b.fr\/\",\"name\":\"Jo\u00eblle GAILLARD\",\"description\":\"Praticienne en sant\u00e9 naturelle\",\"publisher\":{\"@id\":\"https:\/\/xn--gaillardsantnaturelle-m5b.fr\/#organization\"},\"potentialAction\":[{\"@type\":\"SearchAction\",\"target\":{\"@type\":\"EntryPoint\",\"urlTemplate\":\"https:\/\/xn--gaillardsantnaturelle-m5b.fr\/?s={search_term_string}\"},\"query-input\":{\"@type\":\"PropertyValueSpecification\",\"valueRequired\":true,\"valueName\":\"search_term_string\"}}],\"inLanguage\":\"fr-FR\"},{\"@type\":\"Organization\",\"@id\":\"https:\/\/xn--gaillardsantnaturelle-m5b.fr\/#organization\",\"name\":\"Jo\u00eblle GAILLARD\",\"url\":\"https:\/\/xn--gaillardsantnaturelle-m5b.fr\/\",\"logo\":{\"@type\":\"ImageObject\",\"inLanguage\":\"fr-FR\",\"@id\":\"https:\/\/xn--gaillardsantnaturelle-m5b.fr\/#\/schema\/logo\/image\/\",\"url\":\"https:\/\/xn--gaillardsantnaturelle-m5b.fr\/wp-content\/uploads\/2025\/07\/cropped-Logo-JG.png\",\"contentUrl\":\"https:\/\/xn--gaillardsantnaturelle-m5b.fr\/wp-content\/uploads\/2025\/07\/cropped-Logo-JG.png\",\"width\":1080,\"height\":953,\"caption\":\"Jo\u00eblle GAILLARD\"},\"image\":{\"@id\":\"https:\/\/xn--gaillardsantnaturelle-m5b.fr\/#\/schema\/logo\/image\/\"}}]}<\/script>\n<!-- \/ Yoast SEO plugin. -->","yoast_head_json":{"title":"R\u00e9flexologie auriculaire - Jo\u00eblle GAILLARD","robots":{"index":"index","follow":"follow","max-snippet":"max-snippet:-1","max-image-preview":"max-image-preview:large","max-video-preview":"max-video-preview:-1"},"canonical":"https:\/\/xn--gaillardsantnaturelle-m5b.fr\/index.php\/reflexologie-auriculaire\/","og_locale":"fr_FR","og_type":"article","og_title":"R\u00e9flexologie auriculaire - Jo\u00eblle GAILLARD","og_description":"R\u00e9flexologie Auriculaire : Une Th\u00e9rapie Douce pour un \u00c9quilibre Global La r\u00e9flexologie auriculaire est une technique bas\u00e9e sur la stimulation de points pr\u00e9cis situ\u00e9s sur le pavillon de l\u2019oreille.Chaque point correspond \u00e0 une zone ou une fonction du corps (organes, syst\u00e8me nerveux, articulations, \u00e9motions\u2026). Cette m\u00e9thode a \u00e9t\u00e9 mise au point dans les ann\u00e9es 1950...","og_url":"https:\/\/xn--gaillardsantnaturelle-m5b.fr\/index.php\/reflexologie-auriculaire\/","og_site_name":"Jo\u00eblle GAILLARD","article_modified_time":"2026-01-28T15:48:53+00:00","og_image":[{"url":"https:\/\/xn--gaillardsantnaturelle-m5b.fr\/wp-content\/uploads\/2025\/04\/Oreille-150x150.png","type":"","width":"","height":""}],"twitter_card":"summary_large_image","twitter_misc":{"Dur\u00e9e de lecture estim\u00e9e":"2 minutes"},"schema":{"@context":"https:\/\/schema.org","@graph":[{"@type":"WebPage","@id":"https:\/\/xn--gaillardsantnaturelle-m5b.fr\/index.php\/reflexologie-auriculaire\/","url":"https:\/\/xn--gaillardsantnaturelle-m5b.fr\/index.php\/reflexologie-auriculaire\/","name":"R\u00e9flexologie auriculaire - Jo\u00eblle GAILLARD","isPartOf":{"@id":"https:\/\/xn--gaillardsantnaturelle-m5b.fr\/#website"},"primaryImageOfPage":{"@id":"https:\/\/xn--gaillardsantnaturelle-m5b.fr\/index.php\/reflexologie-auriculaire\/#primaryimage"},"image":{"@id":"https:\/\/xn--gaillardsantnaturelle-m5b.fr\/index.php\/reflexologie-auriculaire\/#primaryimage"},"thumbnailUrl":"https:\/\/xn--gaillardsantnaturelle-m5b.fr\/wp-content\/uploads\/2025\/04\/Oreille-150x150.png","datePublished":"2025-02-24T10:00:59+00:00","dateModified":"2026-01-28T15:48:53+00:00","breadcrumb":{"@id":"https:\/\/xn--gaillardsantnaturelle-m5b.fr\/index.php\/reflexologie-auriculaire\/#breadcrumb"},"inLanguage":"fr-FR","potentialAction":[{"@type":"ReadAction","target":["https:\/\/xn--gaillardsantnaturelle-m5b.fr\/index.php\/reflexologie-auriculaire\/"]}]},{"@type":"ImageObject","inLanguage":"fr-FR","@id":"https:\/\/xn--gaillardsantnaturelle-m5b.fr\/index.php\/reflexologie-auriculaire\/#primaryimage","url":"https:\/\/xn--gaillardsantnaturelle-m5b.fr\/wp-content\/uploads\/2025\/04\/Oreille.png","contentUrl":"https:\/\/xn--gaillardsantnaturelle-m5b.fr\/wp-content\/uploads\/2025\/04\/Oreille.png","width":1080,"height":1080},{"@type":"BreadcrumbList","@id":"https:\/\/xn--gaillardsantnaturelle-m5b.fr\/index.php\/reflexologie-auriculaire\/#breadcrumb","itemListElement":[{"@type":"ListItem","position":1,"name":"Accueil","item":"https:\/\/xn--gaillardsantnaturelle-m5b.fr\/"},{"@type":"ListItem","position":2,"name":"R\u00e9flexologie auriculaire"}]},{"@type":"WebSite","@id":"https:\/\/xn--gaillardsantnaturelle-m5b.fr\/#website","url":"https:\/\/xn--gaillardsantnaturelle-m5b.fr\/","name":"Jo\u00eblle GAILLARD","description":"Praticienne en sant\u00e9 naturelle","publisher":{"@id":"https:\/\/xn--gaillardsantnaturelle-m5b.fr\/#organization"},"potentialAction":[{"@type":"SearchAction","target":{"@type":"EntryPoint","urlTemplate":"https:\/\/xn--gaillardsantnaturelle-m5b.fr\/?s={search_term_string}"},"query-input":{"@type":"PropertyValueSpecification","valueRequired":true,"valueName":"search_term_string"}}],"inLanguage":"fr-FR"},{"@type":"Organization","@id":"https:\/\/xn--gaillardsantnaturelle-m5b.fr\/#organization","name":"Jo\u00eblle GAILLARD","url":"https:\/\/xn--gaillardsantnaturelle-m5b.fr\/","logo":{"@type":"ImageObject","inLanguage":"fr-FR","@id":"https:\/\/xn--gaillardsantnaturelle-m5b.fr\/#\/schema\/logo\/image\/","url":"https:\/\/xn--gaillardsantnaturelle-m5b.fr\/wp-content\/uploads\/2025\/07\/cropped-Logo-JG.png","contentUrl":"https:\/\/xn--gaillardsantnaturelle-m5b.fr\/wp-content\/uploads\/2025\/07\/cropped-Logo-JG.png","width":1080,"height":953,"caption":"Jo\u00eblle GAILLARD"},"image":{"@id":"https:\/\/xn--gaillardsantnaturelle-m5b.fr\/#\/schema\/logo\/image\/"}}]}},"_links":{"self":[{"href":"https:\/\/xn--gaillardsantnaturelle-m5b.fr\/index.php\/wp-json\/wp\/v2\/pages\/26","targetHints":{"allow":["GET"]}}],"collection":[{"href":"https:\/\/xn--gaillardsantnaturelle-m5b.fr\/index.php\/wp-json\/wp\/v2\/pages"}],"about":[{"href":"https:\/\/xn--gaillardsantnaturelle-m5b.fr\/index.php\/wp-json\/wp\/v2\/types\/page"}],"author":[{"embeddable":true,"href":"https:\/\/xn--gaillardsantnaturelle-m5b.fr\/index.php\/wp-json\/wp\/v2\/users\/1"}],"replies":[{"embeddable":true,"href":"https:\/\/xn--gaillardsantnaturelle-m5b.fr\/index.php\/wp-json\/wp\/v2\/comments?post=26"}],"version-history":[{"count":52,"href":"https:\/\/xn--gaillardsantnaturelle-m5b.fr\/index.php\/wp-json\/wp\/v2\/pages\/26\/revisions"}],"predecessor-version":[{"id":613,"href":"https:\/\/xn--gaillardsantnaturelle-m5b.fr\/index.php\/wp-json\/wp\/v2\/pages\/26\/revisions\/613"}],"wp:attachment":[{"href":"https:\/\/xn--gaillardsantnaturelle-m5b.fr\/index.php\/wp-json\/wp\/v2\/media?parent=26"}],"curies":[{"name":"wp","href":"https:\/\/api.w.org\/{rel}","templated":true}]}}