{"id":468,"date":"2025-05-06T22:08:36","date_gmt":"2025-05-06T20:08:36","guid":{"rendered":"https:\/\/xn--gaillardsantnaturelle-m5b.fr\/?page_id=468"},"modified":"2025-08-26T14:20:59","modified_gmt":"2025-08-26T12:20:59","slug":"offre-entreprise","status":"publish","type":"page","link":"https:\/\/xn--gaillardsantnaturelle-m5b.fr\/index.php\/offre-entreprise\/","title":{"rendered":"Offre entreprise"},"content":{"rendered":"\t\t<div data-elementor-type=\"wp-page\" data-elementor-id=\"468\" class=\"elementor elementor-468\">\n\t\t\t\t<div class=\"elementor-element elementor-element-019601d e-flex e-con-boxed e-con e-parent\" data-id=\"019601d\" data-element_type=\"container\">\n\t\t\t\t\t<div class=\"e-con-inner\">\n\t\t\t\t<div class=\"elementor-element elementor-element-0e366f2 elementor-widget elementor-widget-spacer\" data-id=\"0e366f2\" data-element_type=\"widget\" data-widget_type=\"spacer.default\">\n\t\t\t\t<div class=\"elementor-widget-container\">\n\t\t\t\t\t\t\t<div class=\"elementor-spacer\">\n\t\t\t<div class=\"elementor-spacer-inner\"><\/div>\n\t\t<\/div>\n\t\t\t\t\t\t<\/div>\n\t\t\t\t<\/div>\n\t\t\t\t<div class=\"elementor-element elementor-element-d8a36e9 elementor-widget elementor-widget-heading\" data-id=\"d8a36e9\" data-element_type=\"widget\" data-widget_type=\"heading.default\">\n\t\t\t\t<div class=\"elementor-widget-container\">\n\t\t\t\t\t<h3 class=\"elementor-heading-title elementor-size-default\">Offre QVCT en entreprise gr\u00e2ce \u00e0 la r\u00e9flexologie plantaire et les Fleurs de Bach<\/h3>\t\t\t\t<\/div>\n\t\t\t\t<\/div>\n\t\t\t\t<div class=\"elementor-element elementor-element-2b746b5 elementor-widget elementor-widget-text-editor\" data-id=\"2b746b5\" data-element_type=\"widget\" data-widget_type=\"text-editor.default\">\n\t\t\t\t<div class=\"elementor-widget-container\">\n\t\t\t\t\t\t\t\t\t<p><em>Qualit\u00e9 de Vie et des Conditions de Travail<\/em><\/p>\t\t\t\t\t\t\t\t<\/div>\n\t\t\t\t<\/div>\n\t\t\t\t<div class=\"elementor-element elementor-element-5204c82 elementor-widget elementor-widget-text-editor\" data-id=\"5204c82\" data-element_type=\"widget\" data-widget_type=\"text-editor.default\">\n\t\t\t\t<div class=\"elementor-widget-container\">\n\t\t\t\t\t\t\t\t\t<p>Le bien-\u00eatre au travail (physique et mental) est consid\u00e9r\u00e9 comme un des premiers facteurs d\u2019absent\u00e9isme.<\/p><p>Ces deux outils permettent de vous proposer des solutions rapides, efficaces et r\u00e9pondent \u00e0 la fois \u00e0 la d\u00e9marche RSE et \u00e0 l\u2019am\u00e9lioration des<br \/>conditions de travail.<\/p><p>Ces techniques s\u2019int\u00e8grent totalement \u00e0 votre programme QVCT.<\/p>\t\t\t\t\t\t\t\t<\/div>\n\t\t\t\t<\/div>\n\t\t\t\t<div class=\"elementor-element elementor-element-7ec4ca8 elementor-widget elementor-widget-spacer\" data-id=\"7ec4ca8\" data-element_type=\"widget\" data-widget_type=\"spacer.default\">\n\t\t\t\t<div class=\"elementor-widget-container\">\n\t\t\t\t\t\t\t<div class=\"elementor-spacer\">\n\t\t\t<div class=\"elementor-spacer-inner\"><\/div>\n\t\t<\/div>\n\t\t\t\t\t\t<\/div>\n\t\t\t\t<\/div>\n\t\t\t\t\t<\/div>\n\t\t\t\t<\/div>\n\t\t<div class=\"elementor-element elementor-element-34f7ceb e-grid e-con-full e-con e-parent\" data-id=\"34f7ceb\" data-element_type=\"container\">\n\t\t\t\t<div class=\"elementor-element elementor-element-1b2632a elementor-position-top elementor-widget elementor-widget-image-box\" data-id=\"1b2632a\" data-element_type=\"widget\" data-widget_type=\"image-box.default\">\n\t\t\t\t<div class=\"elementor-widget-container\">\n\t\t\t\t\t<div class=\"elementor-image-box-wrapper\"><figure class=\"elementor-image-box-img\"><a href=\"https:\/\/xn--gaillardsantnaturelle-m5b.fr\/index.php\/reflexologie-plantaire\/\" target=\"_blank\" tabindex=\"-1\"><img fetchpriority=\"high\" decoding=\"async\" width=\"320\" height=\"240\" src=\"https:\/\/xn--gaillardsantnaturelle-m5b.fr\/wp-content\/uploads\/2025\/02\/IMG_8317.jpg\" class=\"attachment-full size-full wp-image-158\" alt=\"\" srcset=\"https:\/\/xn--gaillardsantnaturelle-m5b.fr\/wp-content\/uploads\/2025\/02\/IMG_8317.jpg 320w, https:\/\/xn--gaillardsantnaturelle-m5b.fr\/wp-content\/uploads\/2025\/02\/IMG_8317-300x225.jpg 300w\" sizes=\"(max-width: 320px) 100vw, 320px\" \/><\/a><\/figure><div class=\"elementor-image-box-content\"><h5 class=\"elementor-image-box-title\"><a href=\"https:\/\/xn--gaillardsantnaturelle-m5b.fr\/index.php\/reflexologie-plantaire\/\" target=\"_blank\">Pourquoi la REFLEXOLOGIE PLANTAIRE en entreprise ?<\/a><\/h5><p class=\"elementor-image-box-description\">Am\u00e9liorer le bien-\u00eatre et les conditions de travail de vos collaborateurs<br><br>Pr\u00e9venir les troubles musculo-squelettiques TMS<br><br>R\u00e9pondre \u00e0 ces risques psychosociaux :<br>- stress, violences internes (harc\u00e8lement, conflits)<br>- violences externes \u00e0 l'entreprise (insultes, menaces, agressions)<br>- syndrome d'\u00e9puisement professionnel<br><br>Dans le cadre de la d\u00e9marche QVCT : mise en place d'actions concr\u00e8tes et efficaces dans le document unique d'\u00e9valuation des risques professionnels<br><br>Renvoyer l'image d'une entreprise qui prend soin de ses collaborateurs\n<\/p><\/div><\/div>\t\t\t\t<\/div>\n\t\t\t\t<\/div>\n\t\t\t\t<div class=\"elementor-element elementor-element-fee4a68 elementor-position-top elementor-widget elementor-widget-image-box\" data-id=\"fee4a68\" data-element_type=\"widget\" data-widget_type=\"image-box.default\">\n\t\t\t\t<div class=\"elementor-widget-container\">\n\t\t\t\t\t<div class=\"elementor-image-box-wrapper\"><figure class=\"elementor-image-box-img\"><a href=\"https:\/\/xn--gaillardsantnaturelle-m5b.fr\/index.php\/fleurs-de-bach\/\" target=\"_blank\" tabindex=\"-1\"><img decoding=\"async\" width=\"208\" height=\"154\" src=\"https:\/\/xn--gaillardsantnaturelle-m5b.fr\/wp-content\/uploads\/2025\/05\/Fleurs-de-bach-en-entreprise.png\" class=\"attachment-full size-full wp-image-480\" alt=\"\" \/><\/a><\/figure><div class=\"elementor-image-box-content\"><h5 class=\"elementor-image-box-title\"><a href=\"https:\/\/xn--gaillardsantnaturelle-m5b.fr\/index.php\/fleurs-de-bach\/\" target=\"_blank\">Pourquoi les FLEURS DE BACH en entreprise ?<\/a><\/h5><p class=\"elementor-image-box-description\">Des r\u00e9actions, des comportements d\u00e9s\u00e9quilibr\u00e9s sont une perte d\u2019\u00e9nergie qui peuvent \u00eatre r\u00e9\u00e9quilibr\u00e9s par les Fleurs de Bach<br><br>Les bienfaits de ces fleurs :<br>\n- am\u00e9liorer la confiance en soi<br>\n- apaiser le stress, les peurs<br>\n- soulager la charge mentale, le l\u00e2cher-prise<br>\n- bienveillance envers ses collaborateurs<br>\n- une m\u00e9thode douce et simple<br>\n- une solution concr\u00e8te pour booster les performances au travail<br><br>\n\nUn flacon personnalis\u00e9 sera remis \u00e0 chaque personne<\/p><\/div><\/div>\t\t\t\t<\/div>\n\t\t\t\t<\/div>\n\t\t\t\t<\/div>\n\t\t<div class=\"elementor-element elementor-element-ed6ee19 e-flex e-con-boxed e-con e-parent\" data-id=\"ed6ee19\" data-element_type=\"container\">\n\t\t\t\t\t<div class=\"e-con-inner\">\n\t\t\t\t<div class=\"elementor-element elementor-element-a3836e1 elementor-widget elementor-widget-spacer\" data-id=\"a3836e1\" data-element_type=\"widget\" data-widget_type=\"spacer.default\">\n\t\t\t\t<div class=\"elementor-widget-container\">\n\t\t\t\t\t\t\t<div class=\"elementor-spacer\">\n\t\t\t<div class=\"elementor-spacer-inner\"><\/div>\n\t\t<\/div>\n\t\t\t\t\t\t<\/div>\n\t\t\t\t<\/div>\n\t\t<div class=\"elementor-element elementor-element-642e9f0 e-con-full e-flex e-con e-child\" data-id=\"642e9f0\" data-element_type=\"container\">\n\t\t<div class=\"elementor-element elementor-element-6fb50eb e-grid e-con-full e-con e-child\" data-id=\"6fb50eb\" data-element_type=\"container\">\n\t\t\t\t<div class=\"elementor-element elementor-element-4921d0a elementor-widget elementor-widget-text-editor\" data-id=\"4921d0a\" data-element_type=\"widget\" data-widget_type=\"text-editor.default\">\n\t\t\t\t<div class=\"elementor-widget-container\">\n\t\t\t\t\t\t\t\t\t<h4>Organisation<\/h4><div><div>J\u2019interviens jusqu\u2019\u00e0 50 kms autour de Montchanin.<\/div><div>\u00a0<\/div><\/div><p>La s\u00e9ance peut durer de 20 \u00e0 30 minutes par personne selon l\u2019organisation de l\u2019entreprise.<\/p><p>Je viens avec mon mat\u00e9riel :<br \/>Coffret Fleurs de Bach, flacons, table de massage pour la r\u00e9flexologie plantaire (talc + huiles de massage).<\/p>\t\t\t\t\t\t\t\t<\/div>\n\t\t\t\t<\/div>\n\t\t\t\t<div class=\"elementor-element elementor-element-dfbe33f elementor-widget elementor-widget-text-editor\" data-id=\"dfbe33f\" data-element_type=\"widget\" data-widget_type=\"text-editor.default\">\n\t\t\t\t<div class=\"elementor-widget-container\">\n\t\t\t\t\t\t\t\t\t<h4>Mes besoins<\/h4><div><div>Une salle de r\u00e9union ou autre, suffisamment calme pour travailler en toute confidentialit\u00e9.<\/div><div>\u00a0<\/div><\/div><p>Chaises + bureau.<\/p><p>Point d&rsquo;eau \u00e0 ma disposition.<\/p>\t\t\t\t\t\t\t\t<\/div>\n\t\t\t\t<\/div>\n\t\t\t\t<div class=\"elementor-element elementor-element-1f7964e elementor-widget elementor-widget-text-editor\" data-id=\"1f7964e\" data-element_type=\"widget\" data-widget_type=\"text-editor.default\">\n\t\t\t\t<div class=\"elementor-widget-container\">\n\t\t\t\t\t\t\t\t\t<h4>Tarifs<\/h4><div><div>J\u2019\u00e9tablierai un devis en fonction de vos besoins.<\/div><div>\u00a0<\/div><\/div><p>J\u2019interviens sur une journ\u00e9e.<\/p><p>Au del\u00e0 de 10 personnes :<br \/>organisation de l\u2019intervention sur plusieurs jours en accord avec la direction.<\/p>\t\t\t\t\t\t\t\t<\/div>\n\t\t\t\t<\/div>\n\t\t\t\t<\/div>\n\t\t\t\t<\/div>\n\t\t\t\t<div class=\"elementor-element elementor-element-b06d62e elementor-widget elementor-widget-image\" data-id=\"b06d62e\" data-element_type=\"widget\" data-widget_type=\"image.default\">\n\t\t\t\t<div class=\"elementor-widget-container\">\n\t\t\t\t\t\t\t\t\t\t\t\t\t\t\t<img decoding=\"async\" width=\"300\" height=\"300\" src=\"https:\/\/xn--gaillardsantnaturelle-m5b.fr\/wp-content\/uploads\/2025\/05\/Copie-de-Fontaine-300x300.png\" class=\"attachment-medium size-medium wp-image-510\" alt=\"\" srcset=\"https:\/\/xn--gaillardsantnaturelle-m5b.fr\/wp-content\/uploads\/2025\/05\/Copie-de-Fontaine-300x300.png 300w, https:\/\/xn--gaillardsantnaturelle-m5b.fr\/wp-content\/uploads\/2025\/05\/Copie-de-Fontaine-1024x1024.png 1024w, https:\/\/xn--gaillardsantnaturelle-m5b.fr\/wp-content\/uploads\/2025\/05\/Copie-de-Fontaine-150x150.png 150w, https:\/\/xn--gaillardsantnaturelle-m5b.fr\/wp-content\/uploads\/2025\/05\/Copie-de-Fontaine-768x768.png 768w, https:\/\/xn--gaillardsantnaturelle-m5b.fr\/wp-content\/uploads\/2025\/05\/Copie-de-Fontaine.png 1080w\" sizes=\"(max-width: 300px) 100vw, 300px\" \/>\t\t\t\t\t\t\t\t\t\t\t\t\t\t\t<\/div>\n\t\t\t\t<\/div>\n\t\t\t\t<div class=\"elementor-element elementor-element-d2f5ee3 elementor-widget elementor-widget-spacer\" data-id=\"d2f5ee3\" data-element_type=\"widget\" data-widget_type=\"spacer.default\">\n\t\t\t\t<div class=\"elementor-widget-container\">\n\t\t\t\t\t\t\t<div class=\"elementor-spacer\">\n\t\t\t<div class=\"elementor-spacer-inner\"><\/div>\n\t\t<\/div>\n\t\t\t\t\t\t<\/div>\n\t\t\t\t<\/div>\n\t\t\t\t\t<\/div>\n\t\t\t\t<\/div>\n\t\t<div class=\"elementor-element elementor-element-c28a08f e-flex e-con-boxed e-con e-parent\" data-id=\"c28a08f\" data-element_type=\"container\">\n\t\t\t\t\t<div class=\"e-con-inner\">\n\t\t\t\t<div class=\"elementor-element elementor-element-e544a09 elementor-widget elementor-widget-spacer\" data-id=\"e544a09\" data-element_type=\"widget\" data-widget_type=\"spacer.default\">\n\t\t\t\t<div class=\"elementor-widget-container\">\n\t\t\t\t\t\t\t<div class=\"elementor-spacer\">\n\t\t\t<div class=\"elementor-spacer-inner\"><\/div>\n\t\t<\/div>\n\t\t\t\t\t\t<\/div>\n\t\t\t\t<\/div>\n\t\t\t\t\t<\/div>\n\t\t\t\t<\/div>\n\t\t\t\t<\/div>\n\t\t","protected":false},"excerpt":{"rendered":"<p>Offre QVCT en entreprise gr\u00e2ce \u00e0 la r\u00e9flexologie plantaire et les Fleurs de Bach Qualit\u00e9 de Vie et des Conditions de Travail Le bien-\u00eatre au travail (physique et mental) est consid\u00e9r\u00e9 comme un des premiers facteurs d\u2019absent\u00e9isme. Ces deux outils permettent de vous proposer des solutions rapides, efficaces et r\u00e9pondent \u00e0 la fois \u00e0 la&#8230;<\/p>\n","protected":false},"author":1,"featured_media":0,"parent":0,"menu_order":0,"comment_status":"closed","ping_status":"closed","template":"","meta":{"_kad_post_transparent":"","_kad_post_title":"hide","_kad_post_layout":"fullwidth","_kad_post_sidebar_id":"","_kad_post_content_style":"unboxed","_kad_post_vertical_padding":"hide","_kad_post_feature":"hide","_kad_post_feature_position":"","_kad_post_header":false,"_kad_post_footer":false,"footnotes":""},"class_list":["post-468","page","type-page","status-publish","hentry"],"yoast_head":"<!-- This site is optimized with the Yoast SEO plugin v24.5 - https:\/\/yoast.com\/wordpress\/plugins\/seo\/ -->\n<title>Offre entreprise - Jo\u00eblle GAILLARD<\/title>\n<meta name=\"robots\" content=\"index, follow, max-snippet:-1, max-image-preview:large, max-video-preview:-1\" \/>\n<link rel=\"canonical\" href=\"https:\/\/xn--gaillardsantnaturelle-m5b.fr\/index.php\/offre-entreprise\/\" \/>\n<meta property=\"og:locale\" content=\"fr_FR\" \/>\n<meta property=\"og:type\" content=\"article\" \/>\n<meta property=\"og:title\" content=\"Offre entreprise - Jo\u00eblle GAILLARD\" \/>\n<meta property=\"og:description\" content=\"Offre QVCT en entreprise gr\u00e2ce \u00e0 la r\u00e9flexologie plantaire et les Fleurs de Bach Qualit\u00e9 de Vie et des Conditions de Travail Le bien-\u00eatre au travail (physique et mental) est consid\u00e9r\u00e9 comme un des premiers facteurs d\u2019absent\u00e9isme. Ces deux outils permettent de vous proposer des solutions rapides, efficaces et r\u00e9pondent \u00e0 la fois \u00e0 la...\" \/>\n<meta property=\"og:url\" content=\"https:\/\/xn--gaillardsantnaturelle-m5b.fr\/index.php\/offre-entreprise\/\" \/>\n<meta property=\"og:site_name\" content=\"Jo\u00eblle GAILLARD\" \/>\n<meta property=\"article:modified_time\" content=\"2025-08-26T12:20:59+00:00\" \/>\n<meta property=\"og:image\" content=\"https:\/\/xn--gaillardsantnaturelle-m5b.fr\/wp-content\/uploads\/2025\/02\/IMG_8317.jpg\" \/>\n\t<meta property=\"og:image:width\" content=\"320\" \/>\n\t<meta property=\"og:image:height\" content=\"240\" \/>\n\t<meta property=\"og:image:type\" content=\"image\/jpeg\" \/>\n<meta name=\"twitter:card\" content=\"summary_large_image\" \/>\n<meta name=\"twitter:label1\" content=\"Dur\u00e9e de lecture estim\u00e9e\" \/>\n\t<meta name=\"twitter:data1\" content=\"3 minutes\" \/>\n<script type=\"application\/ld+json\" class=\"yoast-schema-graph\">{\"@context\":\"https:\/\/schema.org\",\"@graph\":[{\"@type\":\"WebPage\",\"@id\":\"https:\/\/xn--gaillardsantnaturelle-m5b.fr\/index.php\/offre-entreprise\/\",\"url\":\"https:\/\/xn--gaillardsantnaturelle-m5b.fr\/index.php\/offre-entreprise\/\",\"name\":\"Offre entreprise - Jo\u00eblle GAILLARD\",\"isPartOf\":{\"@id\":\"https:\/\/xn--gaillardsantnaturelle-m5b.fr\/#website\"},\"primaryImageOfPage\":{\"@id\":\"https:\/\/xn--gaillardsantnaturelle-m5b.fr\/index.php\/offre-entreprise\/#primaryimage\"},\"image\":{\"@id\":\"https:\/\/xn--gaillardsantnaturelle-m5b.fr\/index.php\/offre-entreprise\/#primaryimage\"},\"thumbnailUrl\":\"https:\/\/xn--gaillardsantnaturelle-m5b.fr\/wp-content\/uploads\/2025\/02\/IMG_8317.jpg\",\"datePublished\":\"2025-05-06T20:08:36+00:00\",\"dateModified\":\"2025-08-26T12:20:59+00:00\",\"breadcrumb\":{\"@id\":\"https:\/\/xn--gaillardsantnaturelle-m5b.fr\/index.php\/offre-entreprise\/#breadcrumb\"},\"inLanguage\":\"fr-FR\",\"potentialAction\":[{\"@type\":\"ReadAction\",\"target\":[\"https:\/\/xn--gaillardsantnaturelle-m5b.fr\/index.php\/offre-entreprise\/\"]}]},{\"@type\":\"ImageObject\",\"inLanguage\":\"fr-FR\",\"@id\":\"https:\/\/xn--gaillardsantnaturelle-m5b.fr\/index.php\/offre-entreprise\/#primaryimage\",\"url\":\"https:\/\/xn--gaillardsantnaturelle-m5b.fr\/wp-content\/uploads\/2025\/02\/IMG_8317.jpg\",\"contentUrl\":\"https:\/\/xn--gaillardsantnaturelle-m5b.fr\/wp-content\/uploads\/2025\/02\/IMG_8317.jpg\",\"width\":320,\"height\":240},{\"@type\":\"BreadcrumbList\",\"@id\":\"https:\/\/xn--gaillardsantnaturelle-m5b.fr\/index.php\/offre-entreprise\/#breadcrumb\",\"itemListElement\":[{\"@type\":\"ListItem\",\"position\":1,\"name\":\"Accueil\",\"item\":\"https:\/\/xn--gaillardsantnaturelle-m5b.fr\/\"},{\"@type\":\"ListItem\",\"position\":2,\"name\":\"Offre entreprise\"}]},{\"@type\":\"WebSite\",\"@id\":\"https:\/\/xn--gaillardsantnaturelle-m5b.fr\/#website\",\"url\":\"https:\/\/xn--gaillardsantnaturelle-m5b.fr\/\",\"name\":\"Jo\u00eblle GAILLARD\",\"description\":\"Praticienne en sant\u00e9 naturelle\",\"publisher\":{\"@id\":\"https:\/\/xn--gaillardsantnaturelle-m5b.fr\/#organization\"},\"potentialAction\":[{\"@type\":\"SearchAction\",\"target\":{\"@type\":\"EntryPoint\",\"urlTemplate\":\"https:\/\/xn--gaillardsantnaturelle-m5b.fr\/?s={search_term_string}\"},\"query-input\":{\"@type\":\"PropertyValueSpecification\",\"valueRequired\":true,\"valueName\":\"search_term_string\"}}],\"inLanguage\":\"fr-FR\"},{\"@type\":\"Organization\",\"@id\":\"https:\/\/xn--gaillardsantnaturelle-m5b.fr\/#organization\",\"name\":\"Jo\u00eblle GAILLARD\",\"url\":\"https:\/\/xn--gaillardsantnaturelle-m5b.fr\/\",\"logo\":{\"@type\":\"ImageObject\",\"inLanguage\":\"fr-FR\",\"@id\":\"https:\/\/xn--gaillardsantnaturelle-m5b.fr\/#\/schema\/logo\/image\/\",\"url\":\"https:\/\/xn--gaillardsantnaturelle-m5b.fr\/wp-content\/uploads\/2025\/07\/cropped-Logo-JG.png\",\"contentUrl\":\"https:\/\/xn--gaillardsantnaturelle-m5b.fr\/wp-content\/uploads\/2025\/07\/cropped-Logo-JG.png\",\"width\":1080,\"height\":953,\"caption\":\"Jo\u00eblle GAILLARD\"},\"image\":{\"@id\":\"https:\/\/xn--gaillardsantnaturelle-m5b.fr\/#\/schema\/logo\/image\/\"}}]}<\/script>\n<!-- \/ Yoast SEO plugin. -->","yoast_head_json":{"title":"Offre entreprise - Jo\u00eblle GAILLARD","robots":{"index":"index","follow":"follow","max-snippet":"max-snippet:-1","max-image-preview":"max-image-preview:large","max-video-preview":"max-video-preview:-1"},"canonical":"https:\/\/xn--gaillardsantnaturelle-m5b.fr\/index.php\/offre-entreprise\/","og_locale":"fr_FR","og_type":"article","og_title":"Offre entreprise - Jo\u00eblle GAILLARD","og_description":"Offre QVCT en entreprise gr\u00e2ce \u00e0 la r\u00e9flexologie plantaire et les Fleurs de Bach Qualit\u00e9 de Vie et des Conditions de Travail Le bien-\u00eatre au travail (physique et mental) est consid\u00e9r\u00e9 comme un des premiers facteurs d\u2019absent\u00e9isme. Ces deux outils permettent de vous proposer des solutions rapides, efficaces et r\u00e9pondent \u00e0 la fois \u00e0 la...","og_url":"https:\/\/xn--gaillardsantnaturelle-m5b.fr\/index.php\/offre-entreprise\/","og_site_name":"Jo\u00eblle GAILLARD","article_modified_time":"2025-08-26T12:20:59+00:00","og_image":[{"width":320,"height":240,"url":"https:\/\/xn--gaillardsantnaturelle-m5b.fr\/wp-content\/uploads\/2025\/02\/IMG_8317.jpg","type":"image\/jpeg"}],"twitter_card":"summary_large_image","twitter_misc":{"Dur\u00e9e de lecture estim\u00e9e":"3 minutes"},"schema":{"@context":"https:\/\/schema.org","@graph":[{"@type":"WebPage","@id":"https:\/\/xn--gaillardsantnaturelle-m5b.fr\/index.php\/offre-entreprise\/","url":"https:\/\/xn--gaillardsantnaturelle-m5b.fr\/index.php\/offre-entreprise\/","name":"Offre entreprise - Jo\u00eblle GAILLARD","isPartOf":{"@id":"https:\/\/xn--gaillardsantnaturelle-m5b.fr\/#website"},"primaryImageOfPage":{"@id":"https:\/\/xn--gaillardsantnaturelle-m5b.fr\/index.php\/offre-entreprise\/#primaryimage"},"image":{"@id":"https:\/\/xn--gaillardsantnaturelle-m5b.fr\/index.php\/offre-entreprise\/#primaryimage"},"thumbnailUrl":"https:\/\/xn--gaillardsantnaturelle-m5b.fr\/wp-content\/uploads\/2025\/02\/IMG_8317.jpg","datePublished":"2025-05-06T20:08:36+00:00","dateModified":"2025-08-26T12:20:59+00:00","breadcrumb":{"@id":"https:\/\/xn--gaillardsantnaturelle-m5b.fr\/index.php\/offre-entreprise\/#breadcrumb"},"inLanguage":"fr-FR","potentialAction":[{"@type":"ReadAction","target":["https:\/\/xn--gaillardsantnaturelle-m5b.fr\/index.php\/offre-entreprise\/"]}]},{"@type":"ImageObject","inLanguage":"fr-FR","@id":"https:\/\/xn--gaillardsantnaturelle-m5b.fr\/index.php\/offre-entreprise\/#primaryimage","url":"https:\/\/xn--gaillardsantnaturelle-m5b.fr\/wp-content\/uploads\/2025\/02\/IMG_8317.jpg","contentUrl":"https:\/\/xn--gaillardsantnaturelle-m5b.fr\/wp-content\/uploads\/2025\/02\/IMG_8317.jpg","width":320,"height":240},{"@type":"BreadcrumbList","@id":"https:\/\/xn--gaillardsantnaturelle-m5b.fr\/index.php\/offre-entreprise\/#breadcrumb","itemListElement":[{"@type":"ListItem","position":1,"name":"Accueil","item":"https:\/\/xn--gaillardsantnaturelle-m5b.fr\/"},{"@type":"ListItem","position":2,"name":"Offre entreprise"}]},{"@type":"WebSite","@id":"https:\/\/xn--gaillardsantnaturelle-m5b.fr\/#website","url":"https:\/\/xn--gaillardsantnaturelle-m5b.fr\/","name":"Jo\u00eblle GAILLARD","description":"Praticienne en sant\u00e9 naturelle","publisher":{"@id":"https:\/\/xn--gaillardsantnaturelle-m5b.fr\/#organization"},"potentialAction":[{"@type":"SearchAction","target":{"@type":"EntryPoint","urlTemplate":"https:\/\/xn--gaillardsantnaturelle-m5b.fr\/?s={search_term_string}"},"query-input":{"@type":"PropertyValueSpecification","valueRequired":true,"valueName":"search_term_string"}}],"inLanguage":"fr-FR"},{"@type":"Organization","@id":"https:\/\/xn--gaillardsantnaturelle-m5b.fr\/#organization","name":"Jo\u00eblle GAILLARD","url":"https:\/\/xn--gaillardsantnaturelle-m5b.fr\/","logo":{"@type":"ImageObject","inLanguage":"fr-FR","@id":"https:\/\/xn--gaillardsantnaturelle-m5b.fr\/#\/schema\/logo\/image\/","url":"https:\/\/xn--gaillardsantnaturelle-m5b.fr\/wp-content\/uploads\/2025\/07\/cropped-Logo-JG.png","contentUrl":"https:\/\/xn--gaillardsantnaturelle-m5b.fr\/wp-content\/uploads\/2025\/07\/cropped-Logo-JG.png","width":1080,"height":953,"caption":"Jo\u00eblle GAILLARD"},"image":{"@id":"https:\/\/xn--gaillardsantnaturelle-m5b.fr\/#\/schema\/logo\/image\/"}}]}},"_links":{"self":[{"href":"https:\/\/xn--gaillardsantnaturelle-m5b.fr\/index.php\/wp-json\/wp\/v2\/pages\/468","targetHints":{"allow":["GET"]}}],"collection":[{"href":"https:\/\/xn--gaillardsantnaturelle-m5b.fr\/index.php\/wp-json\/wp\/v2\/pages"}],"about":[{"href":"https:\/\/xn--gaillardsantnaturelle-m5b.fr\/index.php\/wp-json\/wp\/v2\/types\/page"}],"author":[{"embeddable":true,"href":"https:\/\/xn--gaillardsantnaturelle-m5b.fr\/index.php\/wp-json\/wp\/v2\/users\/1"}],"replies":[{"embeddable":true,"href":"https:\/\/xn--gaillardsantnaturelle-m5b.fr\/index.php\/wp-json\/wp\/v2\/comments?post=468"}],"version-history":[{"count":49,"href":"https:\/\/xn--gaillardsantnaturelle-m5b.fr\/index.php\/wp-json\/wp\/v2\/pages\/468\/revisions"}],"predecessor-version":[{"id":601,"href":"https:\/\/xn--gaillardsantnaturelle-m5b.fr\/index.php\/wp-json\/wp\/v2\/pages\/468\/revisions\/601"}],"wp:attachment":[{"href":"https:\/\/xn--gaillardsantnaturelle-m5b.fr\/index.php\/wp-json\/wp\/v2\/media?parent=468"}],"curies":[{"name":"wp","href":"https:\/\/api.w.org\/{rel}","templated":true}]}}